{"id":41428,"date":"2026-04-19T15:21:41","date_gmt":"2026-04-19T15:21:41","guid":{"rendered":"https:\/\/singuli.wpress.me\/index.php\/proizvod\/oral-b-pulsonic-slim-clean-2000-elektricna-cetkica-za-zube\/"},"modified":"2026-04-20T12:33:37","modified_gmt":"2026-04-20T12:33:37","slug":"oral-b-pulsonic-slim-clean-2000-elektricna-cetkica-za-zube","status":"publish","type":"product","link":"https:\/\/singuli.wpress.me\/index.php\/proizvod\/oral-b-pulsonic-slim-clean-2000-elektricna-cetkica-za-zube\/","title":{"rendered":"ORAL-B Pulsonic Slim Clean 2000, elektri\u010dna \u010detkica za zube"},"content":{"rendered":"<p>Vrhunsko uklanjanje zubnih naslaga za blistav osmijeh.<br \/>\nZubna \u010detkica sa soni\u010dnom tehnologijom Oral-B Pulsonic Slim Clean pomo\u0107u nje\u017ene soni\u010dne tehnologije uklanja vi\u0161e zubnih naslaga od klasi\u010dne zubne \u010detkice.<br \/>\nIzdu\u017eena glava \u010detkice s vibriraju\u0107im, zaobljenim vlaknima nje\u017eno \u010disti i izbjeljuje zube<\/p>\n","protected":false},"excerpt":{"rendered":"<p>Profesionalni mjera\u010d vremena podsje\u0107a vas da perete zube 2 minute<br \/>\nDodatna za\u0161tita desni zahvaljuju\u0107i vibriraju\u0107im, zaobljenim vlaknima<br \/>\nBaterija traje do 2 tjedna s jednim punjenjem<\/p>\n","protected":false},"featured_media":0,"template":"","meta":{"_seopress_robots_primary_cat":"","_seopress_titles_title":"","_seopress_titles_desc":"","_seopress_robots_index":"","iawp_total_views":0},"product_brand":[423],"product_cat":[293,192,292],"product_tag":[],"class_list":{"0":"post-41428","1":"product","2":"type-product","3":"status-publish","5":"product_brand-oral-b-2","6":"product_cat-aparati-za-djecu-i-odrasle-292","7":"product_cat-aparati-za-osobnu-njegu","8":"product_cat-oralna-higijena-uredaji-192","10":"first","11":"outofstock","12":"shipping-taxable","13":"purchasable","14":"product-type-simple"},"_links":{"self":[{"href":"https:\/\/singuli.wpress.me\/index.php\/wp-json\/wp\/v2\/product\/41428","targetHints":{"allow":["GET"]}}],"collection":[{"href":"https:\/\/singuli.wpress.me\/index.php\/wp-json\/wp\/v2\/product"}],"about":[{"href":"https:\/\/singuli.wpress.me\/index.php\/wp-json\/wp\/v2\/types\/product"}],"version-history":[{"count":0,"href":"https:\/\/singuli.wpress.me\/index.php\/wp-json\/wp\/v2\/product\/41428\/revisions"}],"wp:attachment":[{"href":"https:\/\/singuli.wpress.me\/index.php\/wp-json\/wp\/v2\/media?parent=41428"}],"wp:term":[{"taxonomy":"product_brand","embeddable":true,"href":"https:\/\/singuli.wpress.me\/index.php\/wp-json\/wp\/v2\/product_brand?post=41428"},{"taxonomy":"product_cat","embeddable":true,"href":"https:\/\/singuli.wpress.me\/index.php\/wp-json\/wp\/v2\/product_cat?post=41428"},{"taxonomy":"product_tag","embeddable":true,"href":"https:\/\/singuli.wpress.me\/index.php\/wp-json\/wp\/v2\/product_tag?post=41428"}],"curies":[{"name":"wp","href":"https:\/\/api.w.org\/{rel}","templated":true}]}}