{"id":41433,"date":"2026-04-19T15:21:42","date_gmt":"2026-04-19T15:21:42","guid":{"rendered":"https:\/\/singuli.wpress.me\/index.php\/proizvod\/make-it-real-spa-set\/"},"modified":"2026-04-21T00:27:09","modified_gmt":"2026-04-21T00:27:09","slug":"make-it-real-spa-set","status":"publish","type":"product","link":"https:\/\/singuli.wpress.me\/index.php\/proizvod\/make-it-real-spa-set\/","title":{"rendered":"MAKE IT REAL, spa set"},"content":{"rendered":"<p>Razmaziti se nikad nije bilo lak\u0161e uz ovaj SPA SET koji izgleda tako dobro! <\/p>\n<p>Topla voda u kupki za stopala koju mo\u017ee\u0161 napuhati, zabavni konfeti i savr\u0161ena pedikura je pred tobom! Odvaja\u010di za prste, ra\u0161pica za nokte i lak za nokte su sve \u0161to treba\u0161. <\/p>\n<p>Upotpuni &quot;look&quot; naljepnicama i tvoja savr\u0161ena &quot;mani &#8211; pedi&quot; kombinacija je tu! <\/p>\n<p>Dob: 8+<\/p>\n","protected":false},"excerpt":{"rendered":"<p>Sve \u0161to je potrebno za savr\u0161enu pedikuru<br \/>\nUpotpuni &#8220;look&#8221; naljepnicama<br \/>\nDob: 8+<\/p>\n","protected":false},"featured_media":0,"template":"","meta":{"_seopress_robots_primary_cat":"","_seopress_titles_title":"","_seopress_titles_desc":"","_seopress_robots_index":"","iawp_total_views":0},"product_brand":[441],"product_cat":[274,238],"product_tag":[],"class_list":{"0":"post-41433","1":"product","2":"type-product","3":"status-publish","5":"product_brand-make-it-real","6":"product_cat-kucanski-pribor-238","7":"product_cat-sve-za-dom","9":"first","10":"outofstock","11":"shipping-taxable","12":"purchasable","13":"product-type-simple"},"_links":{"self":[{"href":"https:\/\/singuli.wpress.me\/index.php\/wp-json\/wp\/v2\/product\/41433","targetHints":{"allow":["GET"]}}],"collection":[{"href":"https:\/\/singuli.wpress.me\/index.php\/wp-json\/wp\/v2\/product"}],"about":[{"href":"https:\/\/singuli.wpress.me\/index.php\/wp-json\/wp\/v2\/types\/product"}],"version-history":[{"count":0,"href":"https:\/\/singuli.wpress.me\/index.php\/wp-json\/wp\/v2\/product\/41433\/revisions"}],"wp:attachment":[{"href":"https:\/\/singuli.wpress.me\/index.php\/wp-json\/wp\/v2\/media?parent=41433"}],"wp:term":[{"taxonomy":"product_brand","embeddable":true,"href":"https:\/\/singuli.wpress.me\/index.php\/wp-json\/wp\/v2\/product_brand?post=41433"},{"taxonomy":"product_cat","embeddable":true,"href":"https:\/\/singuli.wpress.me\/index.php\/wp-json\/wp\/v2\/product_cat?post=41433"},{"taxonomy":"product_tag","embeddable":true,"href":"https:\/\/singuli.wpress.me\/index.php\/wp-json\/wp\/v2\/product_tag?post=41433"}],"curies":[{"name":"wp","href":"https:\/\/api.w.org\/{rel}","templated":true}]}}