{"id":41439,"date":"2026-04-19T15:21:46","date_gmt":"2026-04-19T15:21:46","guid":{"rendered":"https:\/\/singuli.wpress.me\/index.php\/proizvod\/twistshake-nastavci-za-dudu-bez-prolijevanja-4m\/"},"modified":"2026-04-20T12:33:37","modified_gmt":"2026-04-20T12:33:37","slug":"twistshake-nastavci-za-dudu-bez-prolijevanja-4m","status":"publish","type":"product","link":"https:\/\/singuli.wpress.me\/index.php\/proizvod\/twistshake-nastavci-za-dudu-bez-prolijevanja-4m\/","title":{"rendered":"TWISTSHAKE, nastavci za dudu, bez prolijevanja 4+m"},"content":{"rendered":"<p>Twistshake Spout teat ili usnik je prikladan ve\u0107 od 4. mjeseca nadalje i mo\u017ee se namjestiti na sve Twistshake Anti Colic bo\u010dice. Nastavak je odli\u010dan za lak\u0161i prijelaz izme\u0111u dojenja ili hranjenja bo\u010dicom na navikavanje na samostalno pijenje iz \u010da\u0161ice. Ne proljeva i time omogu\u0107uje slobodno kretanje i igru bez brige.<\/p>\n","protected":false},"excerpt":{"rendered":"<p>Spout teat ili usnik<br \/>\nPrikladan ve\u0107 od 4. mjeseca nadalje<br \/>\nBez prolijevanja<\/p>\n","protected":false},"featured_media":0,"template":"","meta":{"_seopress_robots_primary_cat":"","_seopress_titles_title":"","_seopress_titles_desc":"","_seopress_robots_index":"","iawp_total_views":0},"product_brand":[433],"product_cat":[211,286,287],"product_tag":[],"class_list":{"0":"post-41439","1":"product","2":"type-product","3":"status-publish","5":"product_brand-twistshake","6":"product_cat-njega-majke-i-djeteta","7":"product_cat-oprema-za-bebe-211","8":"product_cat-za-bebe-286","10":"first","11":"instock","12":"shipping-taxable","13":"purchasable","14":"product-type-simple"},"_links":{"self":[{"href":"https:\/\/singuli.wpress.me\/index.php\/wp-json\/wp\/v2\/product\/41439","targetHints":{"allow":["GET"]}}],"collection":[{"href":"https:\/\/singuli.wpress.me\/index.php\/wp-json\/wp\/v2\/product"}],"about":[{"href":"https:\/\/singuli.wpress.me\/index.php\/wp-json\/wp\/v2\/types\/product"}],"version-history":[{"count":0,"href":"https:\/\/singuli.wpress.me\/index.php\/wp-json\/wp\/v2\/product\/41439\/revisions"}],"wp:attachment":[{"href":"https:\/\/singuli.wpress.me\/index.php\/wp-json\/wp\/v2\/media?parent=41439"}],"wp:term":[{"taxonomy":"product_brand","embeddable":true,"href":"https:\/\/singuli.wpress.me\/index.php\/wp-json\/wp\/v2\/product_brand?post=41439"},{"taxonomy":"product_cat","embeddable":true,"href":"https:\/\/singuli.wpress.me\/index.php\/wp-json\/wp\/v2\/product_cat?post=41439"},{"taxonomy":"product_tag","embeddable":true,"href":"https:\/\/singuli.wpress.me\/index.php\/wp-json\/wp\/v2\/product_tag?post=41439"}],"curies":[{"name":"wp","href":"https:\/\/api.w.org\/{rel}","templated":true}]}}