{"id":41440,"date":"2026-04-19T15:21:46","date_gmt":"2026-04-19T15:21:46","guid":{"rendered":"https:\/\/singuli.wpress.me\/index.php\/proizvod\/gillette-sensor3-sensor3-brijac-s-zamjenskim-britvicama-3-kom\/"},"modified":"2026-04-20T12:33:37","modified_gmt":"2026-04-20T12:33:37","slug":"gillette-sensor3-sensor3-brijac-s-zamjenskim-britvicama-3-kom","status":"publish","type":"product","link":"https:\/\/singuli.wpress.me\/index.php\/proizvod\/gillette-sensor3-sensor3-brijac-s-zamjenskim-britvicama-3-kom\/","title":{"rendered":"GILLETTE Sensor3 Sensor3, brija\u010d s zamjenskim britvicama, 3\u00a0kom"},"content":{"rendered":"<p>Brija\u010d za mu\u0161karce Gillette Sensor3 ima tri o\u0161trice s lubrikantnom trakicom kako bi glatko klizio po va\u0161oj ko\u017ei. <\/p>\n<p>Individualno prilagodljive o\u0161trice odli\u010dno se nadopunjuju s pokretljivom glavom Gillette Sensor3, kako bi se zajedno prilagodili obrisima va\u0161eg lica i pru\u017eili temeljito, ugodno i glatko brijanje. <\/p>\n<p>Sve zamjenske britvice Sensor kompatibilne su sa svim dr\u0161kama brija\u010da Sensor.<\/p>\n","protected":false},"excerpt":{"rendered":"<p>Lubrikantna trakica koja lako klizi po ko\u017ei<br \/>\n3 individualno pokretljive o\u0161trice<br \/>\nPokretljiva glava prilago\u0111ava se konturama va\u0161eg lica, za temeljito brijanje<\/p>\n","protected":false},"featured_media":0,"template":"","meta":{"_seopress_robots_primary_cat":"","_seopress_titles_title":"","_seopress_titles_desc":"","_seopress_robots_index":"","iawp_total_views":0},"product_brand":[323],"product_cat":[280,192,279],"product_tag":[],"class_list":{"0":"post-41440","1":"product","2":"type-product","3":"status-publish","5":"product_brand-gillette","6":"product_cat-aparati-za-muskarce-279","7":"product_cat-aparati-za-osobnu-njegu","8":"product_cat-brijanje-i-sisanje-192","10":"first","11":"outofstock","12":"shipping-taxable","13":"purchasable","14":"product-type-simple"},"_links":{"self":[{"href":"https:\/\/singuli.wpress.me\/index.php\/wp-json\/wp\/v2\/product\/41440","targetHints":{"allow":["GET"]}}],"collection":[{"href":"https:\/\/singuli.wpress.me\/index.php\/wp-json\/wp\/v2\/product"}],"about":[{"href":"https:\/\/singuli.wpress.me\/index.php\/wp-json\/wp\/v2\/types\/product"}],"version-history":[{"count":0,"href":"https:\/\/singuli.wpress.me\/index.php\/wp-json\/wp\/v2\/product\/41440\/revisions"}],"wp:attachment":[{"href":"https:\/\/singuli.wpress.me\/index.php\/wp-json\/wp\/v2\/media?parent=41440"}],"wp:term":[{"taxonomy":"product_brand","embeddable":true,"href":"https:\/\/singuli.wpress.me\/index.php\/wp-json\/wp\/v2\/product_brand?post=41440"},{"taxonomy":"product_cat","embeddable":true,"href":"https:\/\/singuli.wpress.me\/index.php\/wp-json\/wp\/v2\/product_cat?post=41440"},{"taxonomy":"product_tag","embeddable":true,"href":"https:\/\/singuli.wpress.me\/index.php\/wp-json\/wp\/v2\/product_tag?post=41440"}],"curies":[{"name":"wp","href":"https:\/\/api.w.org\/{rel}","templated":true}]}}