{"id":41445,"date":"2026-04-19T15:21:47","date_gmt":"2026-04-19T15:21:47","guid":{"rendered":"https:\/\/singuli.wpress.me\/index.php\/proizvod\/twistshake-kada-pastel-siva\/"},"modified":"2026-04-20T12:33:37","modified_gmt":"2026-04-20T12:33:37","slug":"twistshake-kada-pastel-siva","status":"publish","type":"product","link":"https:\/\/singuli.wpress.me\/index.php\/proizvod\/twistshake-kada-pastel-siva\/","title":{"rendered":"TWISTSHAKE, kada, pastel siva"},"content":{"rendered":"<p><span style=\"font-weight: bold\">Twistshake kada<\/span> nije samo obi\u010dna kada, ve\u0107 je i najbolji prijatelj na\u0161ih najmla\u0111ih. Udobnost i sigurnost koju pru\u017ea odu\u0161evljava mame diljem svijeta. Twistshake kada izgleda savr\u0161eno, opremljena je sa neklize\u0107im gumenim nogicama za jo\u0161 ve\u0107u sigurnost na glatkim povr\u0161inama.<\/p>\n<p>Ne sadr\u017ei BPA, a jedinstveni oblik kade i neklizaju\u0107a podloga osiguravaju sigurno kori\u0161tenje kade.<\/p>\n<p>Na\u0161a kada je savr\u0161en izbor jer mogu\u0107nost sklapanja omogu\u0107uje u\u0161tedu prostora i lako spremanje do ponovne upotrebe. Uz sve navedeno, prakti\u010dna je i za putovanja.<\/p>\n<p>Kupanje za bebu \u0107e postati jednostavno, zabavno i ugodno.<\/p>\n<p>Uz Twistshake kadu odli\u010dno se sla\u017eu dodaci poput Twistshake jastuka za kadicu koji \u0107e kupanje novoro\u0111en\u010dadi u\u010diniti jo\u0161 udobnijim i sigurnijim, a Twistshake posuda za ispiranje \u0107e svojim dizajnom sprije\u010diti ulazak vode u o\u010di te samim time kupanje u\u010diniti zabavnim i ugodnim.<\/p>\n","protected":false},"excerpt":{"rendered":"<p>Udobnost i sigurnost<br \/>\nMogu\u0107e sklapanje i u\u0161teda prostora<br \/>\nPrakti\u010dna i za putovanja<\/p>\n","protected":false},"featured_media":0,"template":"","meta":{"_seopress_robots_primary_cat":"","_seopress_titles_title":"","_seopress_titles_desc":"","_seopress_robots_index":"","iawp_total_views":0},"product_brand":[433],"product_cat":[274,238],"product_tag":[],"class_list":{"0":"post-41445","1":"product","2":"type-product","3":"status-publish","5":"product_brand-twistshake","6":"product_cat-kucanski-pribor-238","7":"product_cat-sve-za-dom","9":"first","10":"outofstock","11":"shipping-taxable","12":"purchasable","13":"product-type-simple"},"_links":{"self":[{"href":"https:\/\/singuli.wpress.me\/index.php\/wp-json\/wp\/v2\/product\/41445","targetHints":{"allow":["GET"]}}],"collection":[{"href":"https:\/\/singuli.wpress.me\/index.php\/wp-json\/wp\/v2\/product"}],"about":[{"href":"https:\/\/singuli.wpress.me\/index.php\/wp-json\/wp\/v2\/types\/product"}],"version-history":[{"count":0,"href":"https:\/\/singuli.wpress.me\/index.php\/wp-json\/wp\/v2\/product\/41445\/revisions"}],"wp:attachment":[{"href":"https:\/\/singuli.wpress.me\/index.php\/wp-json\/wp\/v2\/media?parent=41445"}],"wp:term":[{"taxonomy":"product_brand","embeddable":true,"href":"https:\/\/singuli.wpress.me\/index.php\/wp-json\/wp\/v2\/product_brand?post=41445"},{"taxonomy":"product_cat","embeddable":true,"href":"https:\/\/singuli.wpress.me\/index.php\/wp-json\/wp\/v2\/product_cat?post=41445"},{"taxonomy":"product_tag","embeddable":true,"href":"https:\/\/singuli.wpress.me\/index.php\/wp-json\/wp\/v2\/product_tag?post=41445"}],"curies":[{"name":"wp","href":"https:\/\/api.w.org\/{rel}","templated":true}]}}