{"id":41446,"date":"2026-04-19T15:21:47","date_gmt":"2026-04-19T15:21:47","guid":{"rendered":"https:\/\/singuli.wpress.me\/index.php\/proizvod\/lavazza-moka-carmencita-red-pop\/"},"modified":"2026-04-20T12:33:37","modified_gmt":"2026-04-20T12:33:37","slug":"lavazza-moka-carmencita-red-pop","status":"publish","type":"product","link":"https:\/\/singuli.wpress.me\/index.php\/proizvod\/lavazza-moka-carmencita-red-pop\/","title":{"rendered":"LAVAZZA, moka, Carmencita red &#8211; pop"},"content":{"rendered":"<p><span style=\"font-weight: bold\">Carmencita<\/span> is back, kultni aparat, kafetijera, za pripremu tradicionalnog talijanskog ku\u0107nog espressa ili moke, oblikom inspirirana likovima iz Carosello TV serije iz 1960 ih.<\/p>\n<p>Arhitekt Marco Zanuso je dizajnirao ovu moku za Lavazzu 1979. godine koja svojim originalnim, elegantnim, bezvremenskim dizajnom i savr\u0161eno fino pripremljenom kavom, pristaje svakoj kuhinji.<\/p>\n<p><span style=\"font-weight: bold\">Priprema kave<\/span> (Pogodna je za sve vrste kuhala pa i za indukciju, dno kafetijere je promjera 8.5cm &#8211; radi malog promjera dna mogu\u0107e je da \u0107e Vam biti potreban adapter za kuhanje na indukcijskoj plo\u010di) <\/p>\n<p>1. Bojler (donju posudu) napuniti vodom do razine bo\u010dno smje\u0161tenog ventila.<br \/>\n2. U sito napuniti kavu malo iznad ruba sita, ne pritiskati kavu. Kava treba biti grublje mljevena, sve Lavazza mljevene kave pogodne su za moku. <br \/>\n3. Smjestiti sito u donju posudu, o\u010distiti rub sita ukoliko se rasula kava.<br \/>\n4. Zavrnuti gonju posudu na donju posudu, dovoljno \u010dvrsto da uhvati silikonsku brtvu kako kava ne bi izlazila na spoju gornje i donje posude.<br \/>\n5. Zakuhati na \u0161tednjaku, ukoliko se priprema na plamenu paziti da je na manjem plameniku i da je plamen ispod dna posude. <\/p>\n<p>Za pripremu tri male \u0161alice kave.<\/p>\n<p><span style=\"font-weight: bold\">Aparat za kavu sastoji se od \u010detiri dijela:<br \/>\n<\/span>1. bojler(donja posuda)<br \/>\n2. sito za kavu<br \/>\n3. filter sa silikonskim prstenom(smje\u0161ten u donjem dijelu gornje posude)<br \/>\n4. gornja posuda s ru\u010dkom i poklopcem<\/p>\n<p>Prema uputama proizvo\u0111a\u010da koje su navedene na pakiranju.<br \/>\nNe smije se prati u perilici posu\u0111a.<\/p>\n<p>Boja: srebrna\/crvene ru\u010dke<\/p>\n","protected":false},"excerpt":{"rendered":"<p>Za pripremu espressa ili moke<br \/>\nZa pripremu tri male \u0161alice kave<br \/>\nBoja: srebrna, crvene ru\u010dke<\/p>\n","protected":false},"featured_media":0,"template":"","meta":{"_seopress_robots_primary_cat":"","_seopress_titles_title":"","_seopress_titles_desc":"","_seopress_robots_index":"","iawp_total_views":0},"product_brand":[393],"product_cat":[266,265,160],"product_tag":[],"class_list":{"0":"post-41446","1":"product","2":"type-product","3":"status-publish","5":"product_brand-lavazza","6":"product_cat-aparati-za-kuhanje-265","7":"product_cat-kuhinjski-aparati-160","8":"product_cat-mali-kucanski-aparati","10":"first","11":"instock","12":"shipping-taxable","13":"purchasable","14":"product-type-simple"},"_links":{"self":[{"href":"https:\/\/singuli.wpress.me\/index.php\/wp-json\/wp\/v2\/product\/41446","targetHints":{"allow":["GET"]}}],"collection":[{"href":"https:\/\/singuli.wpress.me\/index.php\/wp-json\/wp\/v2\/product"}],"about":[{"href":"https:\/\/singuli.wpress.me\/index.php\/wp-json\/wp\/v2\/types\/product"}],"version-history":[{"count":0,"href":"https:\/\/singuli.wpress.me\/index.php\/wp-json\/wp\/v2\/product\/41446\/revisions"}],"wp:attachment":[{"href":"https:\/\/singuli.wpress.me\/index.php\/wp-json\/wp\/v2\/media?parent=41446"}],"wp:term":[{"taxonomy":"product_brand","embeddable":true,"href":"https:\/\/singuli.wpress.me\/index.php\/wp-json\/wp\/v2\/product_brand?post=41446"},{"taxonomy":"product_cat","embeddable":true,"href":"https:\/\/singuli.wpress.me\/index.php\/wp-json\/wp\/v2\/product_cat?post=41446"},{"taxonomy":"product_tag","embeddable":true,"href":"https:\/\/singuli.wpress.me\/index.php\/wp-json\/wp\/v2\/product_tag?post=41446"}],"curies":[{"name":"wp","href":"https:\/\/api.w.org\/{rel}","templated":true}]}}