{"id":41447,"date":"2026-04-19T15:21:47","date_gmt":"2026-04-19T15:21:47","guid":{"rendered":"https:\/\/singuli.wpress.me\/index.php\/proizvod\/jar-sensitive-kamilica-vitamin-e-tekuci-deterdzent-za-pranje-suda-900-ml\/"},"modified":"2026-04-20T12:33:37","modified_gmt":"2026-04-20T12:33:37","slug":"jar-sensitive-kamilica-vitamin-e-tekuci-deterdzent-za-pranje-suda-900-ml","status":"publish","type":"product","link":"https:\/\/singuli.wpress.me\/index.php\/proizvod\/jar-sensitive-kamilica-vitamin-e-tekuci-deterdzent-za-pranje-suda-900-ml\/","title":{"rendered":"JAR Sensitive Kamilica &amp; Vitamin E, teku\u0107i deterd\u017eent za pranje su\u0111a, 900\u00a0ml"},"content":{"rendered":"<p>Teku\u0107i deterd\u017eent za pranje posu\u0111a Jar Sensitive pru\u017ea vam snagu \u010di\u0161\u0107enja koju i o\u010dekujete od Jara u borbi protiv najtvrdokornije masno\u0107e na posu\u0111u, a istovremeno je blag i nje\u017ean prema rukama.<\/p>\n","protected":false},"excerpt":{"rendered":"<p>2 u 1: nemilosrdan prema masno\u0107i, nje\u017ean prema rukama<br \/>\nSvaka kap \u010disti veliku koli\u010dinu prljavog posu\u0111a<br \/>\nSna\u017ena formula Jara s lako\u0107om uklanja masno\u0107u sa svih vrsta posu\u0111a<\/p>\n","protected":false},"featured_media":0,"template":"","meta":{"_seopress_robots_primary_cat":"","_seopress_titles_title":"","_seopress_titles_desc":"","_seopress_robots_index":"","iawp_total_views":0},"product_brand":[454],"product_cat":[314,238],"product_tag":[],"class_list":{"0":"post-41447","1":"product","2":"type-product","3":"status-publish","5":"product_brand-jar","6":"product_cat-pranje-posuda-238","7":"product_cat-sve-za-dom","9":"first","10":"instock","11":"shipping-taxable","12":"purchasable","13":"product-type-simple"},"_links":{"self":[{"href":"https:\/\/singuli.wpress.me\/index.php\/wp-json\/wp\/v2\/product\/41447","targetHints":{"allow":["GET"]}}],"collection":[{"href":"https:\/\/singuli.wpress.me\/index.php\/wp-json\/wp\/v2\/product"}],"about":[{"href":"https:\/\/singuli.wpress.me\/index.php\/wp-json\/wp\/v2\/types\/product"}],"version-history":[{"count":0,"href":"https:\/\/singuli.wpress.me\/index.php\/wp-json\/wp\/v2\/product\/41447\/revisions"}],"wp:attachment":[{"href":"https:\/\/singuli.wpress.me\/index.php\/wp-json\/wp\/v2\/media?parent=41447"}],"wp:term":[{"taxonomy":"product_brand","embeddable":true,"href":"https:\/\/singuli.wpress.me\/index.php\/wp-json\/wp\/v2\/product_brand?post=41447"},{"taxonomy":"product_cat","embeddable":true,"href":"https:\/\/singuli.wpress.me\/index.php\/wp-json\/wp\/v2\/product_cat?post=41447"},{"taxonomy":"product_tag","embeddable":true,"href":"https:\/\/singuli.wpress.me\/index.php\/wp-json\/wp\/v2\/product_tag?post=41447"}],"curies":[{"name":"wp","href":"https:\/\/api.w.org\/{rel}","templated":true}]}}