{"id":41448,"date":"2026-04-19T15:21:48","date_gmt":"2026-04-19T15:21:48","guid":{"rendered":"https:\/\/singuli.wpress.me\/index.php\/proizvod\/lavazza-xxl-mljevena-kava-crema-e-gusto-forte-3x250g\/"},"modified":"2026-04-20T12:33:37","modified_gmt":"2026-04-20T12:33:37","slug":"lavazza-xxl-mljevena-kava-crema-e-gusto-forte-3x250g","status":"publish","type":"product","link":"https:\/\/singuli.wpress.me\/index.php\/proizvod\/lavazza-xxl-mljevena-kava-crema-e-gusto-forte-3x250g\/","title":{"rendered":"LAVAZZA XXL, mljevena kava, Crema e Gusto Forte, 3x250g"},"content":{"rendered":"<p>Za sve ljubitelje jake kave, intenzivni okusi dobiveni iz mje\u0161avina Arabice i Robuste uzgojene na tri kontinenta, spojeni u jedan blend kave Crema e Gusto Forte, intenzivna kava dugotrajnog okusa.<\/p>\n<p>Sastav: Arabica\/Robusta<br \/>\nNote okusa: drvo, duhan<br \/>\nIntenzitet: 9\/10<br \/>\nPr\u017eenje: ja\u010de pr\u017eena<\/p>\n<p>Prikladna za pripremu u moki\/kafetijeri I espresso aparatima.<\/p>\n","protected":false},"excerpt":{"rendered":"<p>Arabica i Robusta<br \/>\nIntenzitet: 9\/10<br \/>\nNote okusa: drvo i duhan<\/p>\n","protected":false},"featured_media":0,"template":"","meta":{"_seopress_robots_primary_cat":"","_seopress_titles_title":"","_seopress_titles_desc":"","_seopress_robots_index":"","iawp_total_views":0},"product_brand":[393],"product_cat":[261,275],"product_tag":[],"class_list":{"0":"post-41448","1":"product","2":"type-product","3":"status-publish","5":"product_brand-lavazza","6":"product_cat-hrana-i-pice","7":"product_cat-kava-i-cajevi-261","9":"first","10":"instock","11":"shipping-taxable","12":"purchasable","13":"product-type-simple"},"_links":{"self":[{"href":"https:\/\/singuli.wpress.me\/index.php\/wp-json\/wp\/v2\/product\/41448","targetHints":{"allow":["GET"]}}],"collection":[{"href":"https:\/\/singuli.wpress.me\/index.php\/wp-json\/wp\/v2\/product"}],"about":[{"href":"https:\/\/singuli.wpress.me\/index.php\/wp-json\/wp\/v2\/types\/product"}],"version-history":[{"count":0,"href":"https:\/\/singuli.wpress.me\/index.php\/wp-json\/wp\/v2\/product\/41448\/revisions"}],"wp:attachment":[{"href":"https:\/\/singuli.wpress.me\/index.php\/wp-json\/wp\/v2\/media?parent=41448"}],"wp:term":[{"taxonomy":"product_brand","embeddable":true,"href":"https:\/\/singuli.wpress.me\/index.php\/wp-json\/wp\/v2\/product_brand?post=41448"},{"taxonomy":"product_cat","embeddable":true,"href":"https:\/\/singuli.wpress.me\/index.php\/wp-json\/wp\/v2\/product_cat?post=41448"},{"taxonomy":"product_tag","embeddable":true,"href":"https:\/\/singuli.wpress.me\/index.php\/wp-json\/wp\/v2\/product_tag?post=41448"}],"curies":[{"name":"wp","href":"https:\/\/api.w.org\/{rel}","templated":true}]}}