{"id":41449,"date":"2026-04-19T15:21:48","date_gmt":"2026-04-19T15:21:48","guid":{"rendered":"https:\/\/singuli.wpress.me\/index.php\/proizvod\/herbal-essences-sampon-za-kosu-avocado-oil-aloe-380-ml\/"},"modified":"2026-04-20T12:33:37","modified_gmt":"2026-04-20T12:33:37","slug":"herbal-essences-sampon-za-kosu-avocado-oil-aloe-380-ml","status":"publish","type":"product","link":"https:\/\/singuli.wpress.me\/index.php\/proizvod\/herbal-essences-sampon-za-kosu-avocado-oil-aloe-380-ml\/","title":{"rendered":"HERBAL ESSENCES, \u0161ampon za kosu, Avocado Oil &amp; Aloe, 380\u00a0ml"},"content":{"rendered":"<p>\u0160ampon Herbal Essences Pure Aloe + Avokado Oil sadr\u017ei aloe veru i ulje avokada. Savr\u0161ena kombinacija prirodnih sastojaka istovremeno nje\u017eno \u010disti kosu i smiruje ju. <\/p>\n<p>Ve\u0107 nakon prve upotrebe kosa je mek\u0161a i svilenkasta. \u0160ampon Herbal Essences Pure Aloe + Avokado Oil ne optere\u0107uje kosu, siguran je za obojenu kosu i ima uravnote\u017eenu pH vrijednost te je bez sulfata.<\/p>\n","protected":false},"excerpt":{"rendered":"<p>Nje\u017eno \u010disti i umiruje kosu<br \/>\nZa mekanu i svilenkastu kosu<br \/>\nBez sulfata<\/p>\n","protected":false},"featured_media":0,"template":"","meta":{"_seopress_robots_primary_cat":"","_seopress_titles_title":"","_seopress_titles_desc":"","_seopress_robots_index":"","iawp_total_views":0},"product_brand":[483],"product_cat":[268,300],"product_tag":[],"class_list":{"0":"post-41449","1":"product","2":"type-product","3":"status-publish","5":"product_brand-herbal-essences","6":"product_cat-kozmetika-2","7":"product_cat-njega-kose-268","9":"first","10":"outofstock","11":"shipping-taxable","12":"purchasable","13":"product-type-simple"},"_links":{"self":[{"href":"https:\/\/singuli.wpress.me\/index.php\/wp-json\/wp\/v2\/product\/41449","targetHints":{"allow":["GET"]}}],"collection":[{"href":"https:\/\/singuli.wpress.me\/index.php\/wp-json\/wp\/v2\/product"}],"about":[{"href":"https:\/\/singuli.wpress.me\/index.php\/wp-json\/wp\/v2\/types\/product"}],"version-history":[{"count":0,"href":"https:\/\/singuli.wpress.me\/index.php\/wp-json\/wp\/v2\/product\/41449\/revisions"}],"wp:attachment":[{"href":"https:\/\/singuli.wpress.me\/index.php\/wp-json\/wp\/v2\/media?parent=41449"}],"wp:term":[{"taxonomy":"product_brand","embeddable":true,"href":"https:\/\/singuli.wpress.me\/index.php\/wp-json\/wp\/v2\/product_brand?post=41449"},{"taxonomy":"product_cat","embeddable":true,"href":"https:\/\/singuli.wpress.me\/index.php\/wp-json\/wp\/v2\/product_cat?post=41449"},{"taxonomy":"product_tag","embeddable":true,"href":"https:\/\/singuli.wpress.me\/index.php\/wp-json\/wp\/v2\/product_tag?post=41449"}],"curies":[{"name":"wp","href":"https:\/\/api.w.org\/{rel}","templated":true}]}}