{"id":41450,"date":"2026-04-19T15:21:48","date_gmt":"2026-04-19T15:21:48","guid":{"rendered":"https:\/\/singuli.wpress.me\/index.php\/proizvod\/fine-guard-dezinficijens-za-povrsine-150-ml\/"},"modified":"2026-04-20T12:33:37","modified_gmt":"2026-04-20T12:33:37","slug":"fine-guard-dezinficijens-za-povrsine-150-ml","status":"publish","type":"product","link":"https:\/\/singuli.wpress.me\/index.php\/proizvod\/fine-guard-dezinficijens-za-povrsine-150-ml\/","title":{"rendered":"FINE GUARD, dezinficijens, za povr\u0161ine, 150\u00a0ml"},"content":{"rendered":"<p>Fine Guard PureSurfaces povr\u0161insko dezinfekcijsko sredstvo ubija 99,9% bakterija i virusa i dr\u017ei ih podalje do 21 dan. To zna\u010di da nakon \u0161to ga poprskate, osiguravaju\u0107i da pokrije cijelu povr\u0161inu, va\u0161a povr\u0161ina ostaje za\u0161ti\u0107ena 21 dan.<\/p>\n<p>Za\u0161tita ostaje aktivirana bez obzira na kori\u0161tenje drugih sredstva za \u010di\u0161\u0107enje.<\/p>\n<p>Formula u spreju.<\/p>\n<p>Ubija 99.99% virusa i bakterija.<\/p>\n<p>1 apliciranje na povr\u0161inu \u0161titi do 21 dan, neovisno o dnevnom \u010di\u0161\u0107enju.<\/p>\n<p>Bez alkohola.<\/p>\n<p>Sigurno za namirnice.<\/p>\n<p>Poja\u010dano SteriPro Ultra Tehnologijom.<\/p>\n<p>Ostavlja nevidljiv antimikrobni \u0161tit koji se ve\u017ee na povr\u0161inu.<\/p>\n","protected":false},"excerpt":{"rendered":"<p>Sredstvo ubija 99.99% virusa i bakterija<br \/>\nDr\u017ei viruse i bakterije podalje \u010dak 48h<br \/>\nDermatolo\u0161ki testirano<\/p>\n","protected":false},"featured_media":0,"template":"","meta":{"_seopress_robots_primary_cat":"","_seopress_titles_title":"","_seopress_titles_desc":"","_seopress_robots_index":"","iawp_total_views":0},"product_brand":[825],"product_cat":[284,238],"product_tag":[],"class_list":{"0":"post-41450","1":"product","2":"type-product","3":"status-publish","5":"product_brand-fine-guard","6":"product_cat-sredstva-za-ciscenje-238","7":"product_cat-sve-za-dom","9":"first","10":"outofstock","11":"shipping-taxable","12":"purchasable","13":"product-type-simple"},"_links":{"self":[{"href":"https:\/\/singuli.wpress.me\/index.php\/wp-json\/wp\/v2\/product\/41450","targetHints":{"allow":["GET"]}}],"collection":[{"href":"https:\/\/singuli.wpress.me\/index.php\/wp-json\/wp\/v2\/product"}],"about":[{"href":"https:\/\/singuli.wpress.me\/index.php\/wp-json\/wp\/v2\/types\/product"}],"version-history":[{"count":0,"href":"https:\/\/singuli.wpress.me\/index.php\/wp-json\/wp\/v2\/product\/41450\/revisions"}],"wp:attachment":[{"href":"https:\/\/singuli.wpress.me\/index.php\/wp-json\/wp\/v2\/media?parent=41450"}],"wp:term":[{"taxonomy":"product_brand","embeddable":true,"href":"https:\/\/singuli.wpress.me\/index.php\/wp-json\/wp\/v2\/product_brand?post=41450"},{"taxonomy":"product_cat","embeddable":true,"href":"https:\/\/singuli.wpress.me\/index.php\/wp-json\/wp\/v2\/product_cat?post=41450"},{"taxonomy":"product_tag","embeddable":true,"href":"https:\/\/singuli.wpress.me\/index.php\/wp-json\/wp\/v2\/product_tag?post=41450"}],"curies":[{"name":"wp","href":"https:\/\/api.w.org\/{rel}","templated":true}]}}