{"id":41453,"date":"2026-04-19T15:21:49","date_gmt":"2026-04-19T15:21:49","guid":{"rendered":"https:\/\/singuli.wpress.me\/index.php\/proizvod\/helix-hx7-prof-af-5w30-motorno-ulje-za-osobna-vozila-12x1l-12-l\/"},"modified":"2026-04-20T12:33:37","modified_gmt":"2026-04-20T12:33:37","slug":"helix-hx7-prof-af-5w30-motorno-ulje-za-osobna-vozila-12x1l-12-l","status":"publish","type":"product","link":"https:\/\/singuli.wpress.me\/index.php\/proizvod\/helix-hx7-prof-af-5w30-motorno-ulje-za-osobna-vozila-12x1l-12-l\/","title":{"rendered":"HELIX HX7 PROF AF 5W30, motorno ulje za osobna vozila, 12X1l, 12\u00a0l"},"content":{"rendered":"<p>Motorno ulje sinteti\u010dke tehnologije posebno formulirano i prilago\u0111eno da udovolji potrebama pojedinih motora visokih performansi, uklju\u010duju\u0107i Ford i motore koji zahtijevaju API SJ,ILSAC GF-2 ILI ACEA A1\/B1 specifikacije. <\/p>\n<p>Shell i Ford imaju odli\u010dnu suradnju na lokalnim razinama u mnogim dr\u017eavama, a u Indiji i SAD-u Shell je glavni dobavlja\u010d motornih ulja za Ford vozila. <\/p>\n<p>Ispunjava \u0161irok raspon testova i zadovoljava Ford WSS-M2C-913 A i WSS-M2C-913B specifikacije.<\/p>\n<p><span style=\"font-weight: bold\">Specifikacija: <\/span>API SJ, ACEA A1\/B1, ILSAC GF-2, Ford WSS-M2C-913 A &amp; WSS-M2C-913 B.<\/p>\n","protected":false},"excerpt":{"rendered":"<p>Udovoljava potrebama motora visokih performansi<br \/>\nIspunjava \u0161irok raspon testova<br \/>\nSpecifikacija u opisu<\/p>\n","protected":false},"featured_media":0,"template":"","meta":{"_seopress_robots_primary_cat":"","_seopress_titles_title":"","_seopress_titles_desc":"","_seopress_robots_index":"","iawp_total_views":0},"product_brand":[398],"product_cat":[243,272],"product_tag":[],"class_list":{"0":"post-41453","1":"product","2":"type-product","3":"status-publish","5":"product_brand-helix","6":"product_cat-automobili-i-motori","7":"product_cat-motorna-ulja-243","9":"first","10":"outofstock","11":"shipping-taxable","12":"purchasable","13":"product-type-simple"},"_links":{"self":[{"href":"https:\/\/singuli.wpress.me\/index.php\/wp-json\/wp\/v2\/product\/41453","targetHints":{"allow":["GET"]}}],"collection":[{"href":"https:\/\/singuli.wpress.me\/index.php\/wp-json\/wp\/v2\/product"}],"about":[{"href":"https:\/\/singuli.wpress.me\/index.php\/wp-json\/wp\/v2\/types\/product"}],"version-history":[{"count":0,"href":"https:\/\/singuli.wpress.me\/index.php\/wp-json\/wp\/v2\/product\/41453\/revisions"}],"wp:attachment":[{"href":"https:\/\/singuli.wpress.me\/index.php\/wp-json\/wp\/v2\/media?parent=41453"}],"wp:term":[{"taxonomy":"product_brand","embeddable":true,"href":"https:\/\/singuli.wpress.me\/index.php\/wp-json\/wp\/v2\/product_brand?post=41453"},{"taxonomy":"product_cat","embeddable":true,"href":"https:\/\/singuli.wpress.me\/index.php\/wp-json\/wp\/v2\/product_cat?post=41453"},{"taxonomy":"product_tag","embeddable":true,"href":"https:\/\/singuli.wpress.me\/index.php\/wp-json\/wp\/v2\/product_tag?post=41453"}],"curies":[{"name":"wp","href":"https:\/\/api.w.org\/{rel}","templated":true}]}}