{"id":41462,"date":"2026-04-19T15:21:51","date_gmt":"2026-04-19T15:21:51","guid":{"rendered":"https:\/\/singuli.wpress.me\/index.php\/proizvod\/oral-b-kids-vitality-d100-star-wars-elektricna-cetkica-za-zube-s-putnom-torbicom\/"},"modified":"2026-04-20T12:33:37","modified_gmt":"2026-04-20T12:33:37","slug":"oral-b-kids-vitality-d100-star-wars-elektricna-cetkica-za-zube-s-putnom-torbicom","status":"publish","type":"product","link":"https:\/\/singuli.wpress.me\/index.php\/proizvod\/oral-b-kids-vitality-d100-star-wars-elektricna-cetkica-za-zube-s-putnom-torbicom\/","title":{"rendered":"ORAL-B Kids Vitality D100 Star Wars, elektri\u010dna \u010detkica za zube, s putnom torbicom"},"content":{"rendered":"<p>Jedinstvenim na\u010dinom rada prilago\u0111enim osjetljivim dje\u010djim desnima, ova \u010detkica nje\u017eno \u010disti dje\u010dje zube.<\/p>\n<p>Uklanja vi\u0161e zubnih naslaga od obi\u010dne klasi\u010dne zubne \u010detkice.<\/p>\n<p>Uklju\u010dene su \u010detiri naljepnice s likovima iz Ratova zvijezda kako bi se dr\u0161ka mogla personalizirati.<\/p>\n<p>Karakteristike:<br \/>\n&#8211; Posebno oblikovana za nje\u017ene dje\u010dje desni<br \/>\n&#8211; Okrugla glava \u010detkice ima veli\u010dinu prilago\u0111enu malim ustima<br \/>\n&#8211; Nje\u017ena prema desnima, s izuzetno mekanim vlaknima<br \/>\n&#8211; Prikladno za dob od 3 godine nadalje<br \/>\n&#8211; Ukrasite dr\u0161ku s 4 tematske naljepnice iz Ratova zvijezda<br \/>\n&#8211; Radi s aplikacijom Disney Magic Timer by Oral-B<br \/>\n&#8211; Ima ugra\u0111eni mjera\u010d vremena koji poti\u010de djecu da peru zube 2 minute<br \/>\n&#8211; Punjiva baterija traje 8 dana<\/p>\n","protected":false},"excerpt":{"rendered":"<p>Osmi\u0161ljeno za djecu stariju od 3 godine jer je okrugla glava \u010detkice prave veli\u010dine za mala usta<br \/>\n\u0160areni dizajn i udobna ru\u010dka koju dijete mo\u017ee ukrasiti i prilo\u017eenim naljepnicama<br \/>\nSet uklju\u010duje elektri\u010dnu \u010detkicu za zube s nastavkom i putnu torbicu.<\/p>\n","protected":false},"featured_media":0,"template":"","meta":{"_seopress_robots_primary_cat":"","_seopress_titles_title":"","_seopress_titles_desc":"","_seopress_robots_index":"","iawp_total_views":0},"product_brand":[423],"product_cat":[293,192,292],"product_tag":[],"class_list":{"0":"post-41462","1":"product","2":"type-product","3":"status-publish","5":"product_brand-oral-b-2","6":"product_cat-aparati-za-djecu-i-odrasle-292","7":"product_cat-aparati-za-osobnu-njegu","8":"product_cat-oralna-higijena-uredaji-192","10":"first","11":"instock","12":"shipping-taxable","13":"purchasable","14":"product-type-simple"},"_links":{"self":[{"href":"https:\/\/singuli.wpress.me\/index.php\/wp-json\/wp\/v2\/product\/41462","targetHints":{"allow":["GET"]}}],"collection":[{"href":"https:\/\/singuli.wpress.me\/index.php\/wp-json\/wp\/v2\/product"}],"about":[{"href":"https:\/\/singuli.wpress.me\/index.php\/wp-json\/wp\/v2\/types\/product"}],"version-history":[{"count":0,"href":"https:\/\/singuli.wpress.me\/index.php\/wp-json\/wp\/v2\/product\/41462\/revisions"}],"wp:attachment":[{"href":"https:\/\/singuli.wpress.me\/index.php\/wp-json\/wp\/v2\/media?parent=41462"}],"wp:term":[{"taxonomy":"product_brand","embeddable":true,"href":"https:\/\/singuli.wpress.me\/index.php\/wp-json\/wp\/v2\/product_brand?post=41462"},{"taxonomy":"product_cat","embeddable":true,"href":"https:\/\/singuli.wpress.me\/index.php\/wp-json\/wp\/v2\/product_cat?post=41462"},{"taxonomy":"product_tag","embeddable":true,"href":"https:\/\/singuli.wpress.me\/index.php\/wp-json\/wp\/v2\/product_tag?post=41462"}],"curies":[{"name":"wp","href":"https:\/\/api.w.org\/{rel}","templated":true}]}}