{"id":41468,"date":"2026-04-19T15:21:52","date_gmt":"2026-04-19T15:21:52","guid":{"rendered":"https:\/\/singuli.wpress.me\/index.php\/proizvod\/paclan-gumene-rukavice-velicina-l\/"},"modified":"2026-04-20T12:33:37","modified_gmt":"2026-04-20T12:33:37","slug":"paclan-gumene-rukavice-velicina-l","status":"publish","type":"product","link":"https:\/\/singuli.wpress.me\/index.php\/proizvod\/paclan-gumene-rukavice-velicina-l\/","title":{"rendered":"PACLAN, gumene rukavice, veli\u010dina L"},"content":{"rendered":"<p>Gumene rukavice veli\u010dine L.<\/p>\n<p>Neke ku\u0107anske poslove zahtijevaju uporabu rukavica. Nudimo vam one koje \u0107e va\u0161e ruke za\u0161tititi, ne samo od kemijskih supstanci, ve\u0107 i od ru\u017enog mirisa gume ili lateksa.<\/p>\n<p>Na\u0161e rukavice imaju nje\u017ean miris limuna, \u0161to ih \u010dini ugodnijim za no\u0161enje.<\/p>\n","protected":false},"excerpt":{"rendered":"<p>Veli\u010dina L<br \/>\n\u0160tite ruke<br \/>\nMiris limuna<\/p>\n","protected":false},"featured_media":0,"template":"","meta":{"_seopress_robots_primary_cat":"","_seopress_titles_title":"","_seopress_titles_desc":"","_seopress_robots_index":"","iawp_total_views":0},"product_brand":[474],"product_cat":[274,238],"product_tag":[],"class_list":{"0":"post-41468","1":"product","2":"type-product","3":"status-publish","5":"product_brand-paclan","6":"product_cat-kucanski-pribor-238","7":"product_cat-sve-za-dom","9":"first","10":"instock","11":"shipping-taxable","12":"purchasable","13":"product-type-simple"},"_links":{"self":[{"href":"https:\/\/singuli.wpress.me\/index.php\/wp-json\/wp\/v2\/product\/41468","targetHints":{"allow":["GET"]}}],"collection":[{"href":"https:\/\/singuli.wpress.me\/index.php\/wp-json\/wp\/v2\/product"}],"about":[{"href":"https:\/\/singuli.wpress.me\/index.php\/wp-json\/wp\/v2\/types\/product"}],"version-history":[{"count":0,"href":"https:\/\/singuli.wpress.me\/index.php\/wp-json\/wp\/v2\/product\/41468\/revisions"}],"wp:attachment":[{"href":"https:\/\/singuli.wpress.me\/index.php\/wp-json\/wp\/v2\/media?parent=41468"}],"wp:term":[{"taxonomy":"product_brand","embeddable":true,"href":"https:\/\/singuli.wpress.me\/index.php\/wp-json\/wp\/v2\/product_brand?post=41468"},{"taxonomy":"product_cat","embeddable":true,"href":"https:\/\/singuli.wpress.me\/index.php\/wp-json\/wp\/v2\/product_cat?post=41468"},{"taxonomy":"product_tag","embeddable":true,"href":"https:\/\/singuli.wpress.me\/index.php\/wp-json\/wp\/v2\/product_tag?post=41468"}],"curies":[{"name":"wp","href":"https:\/\/api.w.org\/{rel}","templated":true}]}}