{"id":41471,"date":"2026-04-19T15:21:53","date_gmt":"2026-04-19T15:21:53","guid":{"rendered":"https:\/\/singuli.wpress.me\/index.php\/proizvod\/oral-b-junior-ratovi-zvijezda-zubna-cetkica-6-12-god\/"},"modified":"2026-04-20T12:33:37","modified_gmt":"2026-04-20T12:33:37","slug":"oral-b-junior-ratovi-zvijezda-zubna-cetkica-6-12-god","status":"publish","type":"product","link":"https:\/\/singuli.wpress.me\/index.php\/proizvod\/oral-b-junior-ratovi-zvijezda-zubna-cetkica-6-12-god\/","title":{"rendered":"ORAL-B  Junior Ratovi Zvijezda, zubna \u010detkica, 6-12 god"},"content":{"rendered":"<p>Klasi\u010dna zubna \u010detkica Oral-B Junior s likovima iz Ratova zvijezda posebno je oblikovana za djecu starosti od 6 do 12 godina. <\/p>\n<p>Vlakna CrissCross u\u010dinkovito uklanjaju zubne naslage.<\/p>\n","protected":false},"excerpt":{"rendered":"<p>Klasi\u010dna zubna \u010detkica<br \/>\nNamijenjeno djeci od 6 do 12 godina starosti<br \/>\nVlakna CrissCross u\u010dinkovito uklanjaju zubne naslage<\/p>\n","protected":false},"featured_media":0,"template":"","meta":{"_seopress_robots_primary_cat":"","_seopress_titles_title":"","_seopress_titles_desc":"","_seopress_robots_index":"","iawp_total_views":0},"product_brand":[423],"product_cat":[192,208,207],"product_tag":[],"class_list":{"0":"post-41471","1":"product","2":"type-product","3":"status-publish","5":"product_brand-oral-b-2","6":"product_cat-aparati-za-osobnu-njegu","7":"product_cat-elektricne-i-manualne-cetkice-za-odrasle-i-djecu","8":"product_cat-oralna-higijena","10":"first","11":"outofstock","12":"shipping-taxable","13":"purchasable","14":"product-type-simple"},"_links":{"self":[{"href":"https:\/\/singuli.wpress.me\/index.php\/wp-json\/wp\/v2\/product\/41471","targetHints":{"allow":["GET"]}}],"collection":[{"href":"https:\/\/singuli.wpress.me\/index.php\/wp-json\/wp\/v2\/product"}],"about":[{"href":"https:\/\/singuli.wpress.me\/index.php\/wp-json\/wp\/v2\/types\/product"}],"version-history":[{"count":0,"href":"https:\/\/singuli.wpress.me\/index.php\/wp-json\/wp\/v2\/product\/41471\/revisions"}],"wp:attachment":[{"href":"https:\/\/singuli.wpress.me\/index.php\/wp-json\/wp\/v2\/media?parent=41471"}],"wp:term":[{"taxonomy":"product_brand","embeddable":true,"href":"https:\/\/singuli.wpress.me\/index.php\/wp-json\/wp\/v2\/product_brand?post=41471"},{"taxonomy":"product_cat","embeddable":true,"href":"https:\/\/singuli.wpress.me\/index.php\/wp-json\/wp\/v2\/product_cat?post=41471"},{"taxonomy":"product_tag","embeddable":true,"href":"https:\/\/singuli.wpress.me\/index.php\/wp-json\/wp\/v2\/product_tag?post=41471"}],"curies":[{"name":"wp","href":"https:\/\/api.w.org\/{rel}","templated":true}]}}