{"id":41475,"date":"2026-04-19T15:21:54","date_gmt":"2026-04-19T15:21:54","guid":{"rendered":"https:\/\/singuli.wpress.me\/index.php\/proizvod\/neutro-roberts-manneti-intimo-delicato-intimni-sapun-200-ml\/"},"modified":"2026-04-20T12:33:37","modified_gmt":"2026-04-20T12:33:37","slug":"neutro-roberts-manneti-intimo-delicato-intimni-sapun-200-ml","status":"publish","type":"product","link":"https:\/\/singuli.wpress.me\/index.php\/proizvod\/neutro-roberts-manneti-intimo-delicato-intimni-sapun-200-ml\/","title":{"rendered":"NEUTRO ROBERTS Manneti Intimo Delicato, intimni sapun, 200\u00a0ml"},"content":{"rendered":"<p>Ekstra blag intimni sapun sa prirodnim ekstraktom kamilice. <\/p>\n<p>Pere ne\u017eno \u0161titi i neguje ko\u017eu. <\/p>\n<p>Bez boja, parabena i troklosana. <\/p>\n<p>Ginekolo\u0161ki testiran, pod pedijatrijskim nadzorom, pogodan i za devoj\u010dice.<\/p>\n","protected":false},"excerpt":{"rendered":"<p>Prirodni ekstrakt kamilice<br \/>\nGinekolo\u0161ki testiran<br \/>\nPh neutralan<\/p>\n","protected":false},"featured_media":0,"template":"","meta":{"_seopress_robots_primary_cat":"","_seopress_titles_title":"","_seopress_titles_desc":"","_seopress_robots_index":"","iawp_total_views":0},"product_brand":[412],"product_cat":[268,278],"product_tag":[],"class_list":{"0":"post-41475","1":"product","2":"type-product","3":"status-publish","5":"product_brand-neutro-roberts","6":"product_cat-kozmetika-2","7":"product_cat-njega-tijela-268","9":"first","10":"instock","11":"shipping-taxable","12":"purchasable","13":"product-type-simple"},"_links":{"self":[{"href":"https:\/\/singuli.wpress.me\/index.php\/wp-json\/wp\/v2\/product\/41475","targetHints":{"allow":["GET"]}}],"collection":[{"href":"https:\/\/singuli.wpress.me\/index.php\/wp-json\/wp\/v2\/product"}],"about":[{"href":"https:\/\/singuli.wpress.me\/index.php\/wp-json\/wp\/v2\/types\/product"}],"version-history":[{"count":0,"href":"https:\/\/singuli.wpress.me\/index.php\/wp-json\/wp\/v2\/product\/41475\/revisions"}],"wp:attachment":[{"href":"https:\/\/singuli.wpress.me\/index.php\/wp-json\/wp\/v2\/media?parent=41475"}],"wp:term":[{"taxonomy":"product_brand","embeddable":true,"href":"https:\/\/singuli.wpress.me\/index.php\/wp-json\/wp\/v2\/product_brand?post=41475"},{"taxonomy":"product_cat","embeddable":true,"href":"https:\/\/singuli.wpress.me\/index.php\/wp-json\/wp\/v2\/product_cat?post=41475"},{"taxonomy":"product_tag","embeddable":true,"href":"https:\/\/singuli.wpress.me\/index.php\/wp-json\/wp\/v2\/product_tag?post=41475"}],"curies":[{"name":"wp","href":"https:\/\/api.w.org\/{rel}","templated":true}]}}