{"id":41476,"date":"2026-04-19T15:21:54","date_gmt":"2026-04-19T15:21:54","guid":{"rendered":"https:\/\/singuli.wpress.me\/index.php\/proizvod\/premium-antifriz-ll-774-df-12x1l-12-l\/"},"modified":"2026-04-20T12:33:37","modified_gmt":"2026-04-20T12:33:37","slug":"premium-antifriz-ll-774-df-12x1l-12-l","status":"publish","type":"product","link":"https:\/\/singuli.wpress.me\/index.php\/proizvod\/premium-antifriz-ll-774-df-12x1l-12-l\/","title":{"rendered":"PREMIUM, antifriz, LL 774 DF, 12x1l, 12\u00a0l"},"content":{"rendered":"<p>Visokokvalitetni antifriz s produljenim vijekom trajanja na bazi mono etilen glikola (MEG). Na temelju tehnologije alifatskih aditiva bez silikata (OAT), pru\u017ea dugoro\u010dnu za\u0161titu od korozije za sve metale motora, uklju\u010duju\u0107i aluminijske i \u017eeljezne legure. Posebno se preporu\u010duje za moderne motore kod kojih je posebno va\u017ena za\u0161tita aluminija od visokih temperatura. U\u010dinkovito \u0161titi rashladni sustav, sprje\u010dava pregrijavanje, smrzavanje, koroziju i stvaranje naslaga u rashladnom sustavu. Sigurno za gumu i brtve.<\/p>\n","protected":false},"excerpt":{"rendered":"<p>Visokokvalitetni hibridni antifriz s produljenim vijekom trajanja na bazi mono etilen glikola<br \/>\nPru\u017ea dugoro\u010dnu za\u0161titu od korozije za sve metale motora, uklju\u010duju\u0107i aluminijske i \u017eeljezne legure<br \/>\nSigurno za gumu i brtve<\/p>\n","protected":false},"featured_media":0,"template":"","meta":{"_seopress_robots_primary_cat":"","_seopress_titles_title":"","_seopress_titles_desc":"","_seopress_robots_index":"","iawp_total_views":0},"product_brand":[828],"product_cat":[243,315],"product_tag":[],"class_list":{"0":"post-41476","1":"product","2":"type-product","3":"status-publish","5":"product_brand-premium","6":"product_cat-automobili-i-motori","7":"product_cat-rashladne-tekucine-243","9":"first","10":"outofstock","11":"shipping-taxable","12":"purchasable","13":"product-type-simple"},"_links":{"self":[{"href":"https:\/\/singuli.wpress.me\/index.php\/wp-json\/wp\/v2\/product\/41476","targetHints":{"allow":["GET"]}}],"collection":[{"href":"https:\/\/singuli.wpress.me\/index.php\/wp-json\/wp\/v2\/product"}],"about":[{"href":"https:\/\/singuli.wpress.me\/index.php\/wp-json\/wp\/v2\/types\/product"}],"version-history":[{"count":0,"href":"https:\/\/singuli.wpress.me\/index.php\/wp-json\/wp\/v2\/product\/41476\/revisions"}],"wp:attachment":[{"href":"https:\/\/singuli.wpress.me\/index.php\/wp-json\/wp\/v2\/media?parent=41476"}],"wp:term":[{"taxonomy":"product_brand","embeddable":true,"href":"https:\/\/singuli.wpress.me\/index.php\/wp-json\/wp\/v2\/product_brand?post=41476"},{"taxonomy":"product_cat","embeddable":true,"href":"https:\/\/singuli.wpress.me\/index.php\/wp-json\/wp\/v2\/product_cat?post=41476"},{"taxonomy":"product_tag","embeddable":true,"href":"https:\/\/singuli.wpress.me\/index.php\/wp-json\/wp\/v2\/product_tag?post=41476"}],"curies":[{"name":"wp","href":"https:\/\/api.w.org\/{rel}","templated":true}]}}