{"id":41479,"date":"2026-04-19T15:21:55","date_gmt":"2026-04-19T15:21:55","guid":{"rendered":"https:\/\/singuli.wpress.me\/index.php\/proizvod\/braun-combipack-31b-zamjenska-mrezica-i-noz\/"},"modified":"2026-04-21T00:27:10","modified_gmt":"2026-04-21T00:27:10","slug":"braun-combipack-31b-zamjenska-mrezica-i-noz","status":"publish","type":"product","link":"https:\/\/singuli.wpress.me\/index.php\/proizvod\/braun-combipack-31b-zamjenska-mrezica-i-noz\/","title":{"rendered":"BRAUN Combipack 31B, zamjenska mre\u017eica i no\u017e"},"content":{"rendered":"<p><span style=\"font-weight: bold\">Braun Combipack 31B<\/span> (serija 3 starijih modela: Countur, Flex XP, Flex Integral) je mre\u017eica i brija\u010d.<\/p>\n<p>Preporu\u010da se mijenjati mre\u017eicu i o\u0161tricu svakih 18 mjeseci jer se prosje\u010dnom upotrebom tijekom tog vremena ukloni pribli\u017eno 6.000.000 dlaka, \u0161to istro\u0161i o\u0161tricu i mre\u017eicu.<\/p>\n<p>Tehnologija SmartFoil: kroz svoje jedinstvene uzorke folije, Smart Foil hvata dla\u010dice koje rastu u razli\u010ditim smjerovima.<\/p>\n<p>Gdje mo\u017eete prona\u0107i broj svog aparata: Na stra\u017enjoj strani aparata, na ku\u0107i\u0161tu ispod bloka no\u017eeva ili ispod nastavka iza trimera za dugu kosu<\/p>\n<p>Prikladno za modele serije 3:<br \/>\n&#8211; Kontura<br \/>\n&#8211; Serija 3-370 (stara verzija)<br \/>\n&#8211; Kontura 5874c<br \/>\n&#8211; Kontura 5875<br \/>\n&#8211; Kontura 5877<br \/>\n&#8211; Kontura 5895<br \/>\n&#8211; FlexIntegral 5550<br \/>\n&#8211; FlexIntegral 5414<br \/>\n&#8211; FlexIntegral 5416<br \/>\n&#8211; FlexIntegral 5010<br \/>\n&#8211; FlexIntegral 5410<br \/>\n&#8211; FlexIntegral 5443<br \/>\n&#8211; FI UltraSpeed \u200b\u200b\u200b\u200b6015<br \/>\n&#8211; FI UltraSpeed \u200b\u200b\u200b\u200b6515<br \/>\n&#8211; FI UltraSpeed \u200b\u200b\u200b\u200b6522<br \/>\n&#8211; FI UltraSpeed \u200b\u200b\u200b\u200b6512<br \/>\n&#8211; FI UltraSpeed \u200b\u200b\u200b\u200b6550<br \/>\n&#8211; XP1 5600<br \/>\n&#8211; XP1 5612<br \/>\n&#8211; XP2 5715<br \/>\n&#8211; XP1 5770<\/p>\n","protected":false},"excerpt":{"rendered":"<p>Prikladno za starije modele serije 3: Countur, Flex XP, Flex Integral.<br \/>\nBraun preporu\u010duje zamjenu glave brija\u010da svakih 18 mjeseci.<br \/>\nJednostavna zamjena.<\/p>\n","protected":false},"featured_media":0,"template":"","meta":{"_seopress_robots_primary_cat":"","_seopress_titles_title":"","_seopress_titles_desc":"","_seopress_robots_index":"","iawp_total_views":0},"product_brand":[144],"product_cat":[280,192,279],"product_tag":[],"class_list":{"0":"post-41479","1":"product","2":"type-product","3":"status-publish","5":"product_brand-braun","6":"product_cat-aparati-za-muskarce-279","7":"product_cat-aparati-za-osobnu-njegu","8":"product_cat-brijanje-i-sisanje-192","10":"first","11":"outofstock","12":"shipping-taxable","13":"purchasable","14":"product-type-simple"},"_links":{"self":[{"href":"https:\/\/singuli.wpress.me\/index.php\/wp-json\/wp\/v2\/product\/41479","targetHints":{"allow":["GET"]}}],"collection":[{"href":"https:\/\/singuli.wpress.me\/index.php\/wp-json\/wp\/v2\/product"}],"about":[{"href":"https:\/\/singuli.wpress.me\/index.php\/wp-json\/wp\/v2\/types\/product"}],"version-history":[{"count":0,"href":"https:\/\/singuli.wpress.me\/index.php\/wp-json\/wp\/v2\/product\/41479\/revisions"}],"wp:attachment":[{"href":"https:\/\/singuli.wpress.me\/index.php\/wp-json\/wp\/v2\/media?parent=41479"}],"wp:term":[{"taxonomy":"product_brand","embeddable":true,"href":"https:\/\/singuli.wpress.me\/index.php\/wp-json\/wp\/v2\/product_brand?post=41479"},{"taxonomy":"product_cat","embeddable":true,"href":"https:\/\/singuli.wpress.me\/index.php\/wp-json\/wp\/v2\/product_cat?post=41479"},{"taxonomy":"product_tag","embeddable":true,"href":"https:\/\/singuli.wpress.me\/index.php\/wp-json\/wp\/v2\/product_tag?post=41479"}],"curies":[{"name":"wp","href":"https:\/\/api.w.org\/{rel}","templated":true}]}}