{"id":41481,"date":"2026-04-19T15:21:56","date_gmt":"2026-04-19T15:21:56","guid":{"rendered":"https:\/\/singuli.wpress.me\/index.php\/proizvod\/pantene-pro-v-aqualight-3-minute-miracle-serum-za-tanku-kosu-200-ml\/"},"modified":"2026-04-20T12:33:37","modified_gmt":"2026-04-20T12:33:37","slug":"pantene-pro-v-aqualight-3-minute-miracle-serum-za-tanku-kosu-200-ml","status":"publish","type":"product","link":"https:\/\/singuli.wpress.me\/index.php\/proizvod\/pantene-pro-v-aqualight-3-minute-miracle-serum-za-tanku-kosu-200-ml\/","title":{"rendered":"PANTENE Pro-V Aqualight 3 minute Miracle, serum, za tanku kosu, 200\u00a0ml"},"content":{"rendered":"<p>Hranjive tvari iz seruma temeljito obnavljaju tanku i masku kosu, otkrijte na\u0161u oboga\u0107enu Pro-V mje\u0161avinu s lipidima za ja\u010danje kose, za\u0161titnim antioksidansima i omegom 9.<\/p>\n<p>Regenerator za kosu Pantene Pro-V Aqualight Miracle Serum u trenu se otapa na kosi i prodire do sr\u017ei kako bi je obnovio iznutra. <\/p>\n<p>Formula ovog intenzivnog tretmana za njegu kose poma\u017ee kod vidljivog o\u0161te\u0107enja* ve\u0107 nakon prve uporabe bez nano\u0161enja dodatne te\u017eine.Isprobajte regenerator koji je toliko dobar da ga ne\u0107ete htjeti isprati!<\/p>\n<p>* od o\u0161te\u0107ene do glatke povr\u0161ine kose<\/p>\n","protected":false},"excerpt":{"rendered":"<p>Dubinski regenerator i intenzivan tretman s omegom 9<br \/>\nBalzam za tanku kosu sklonu ma\u0161\u0107enju<br \/>\nOstavlja kosu svje\u017eom, laganom i punom \u017eivota<\/p>\n","protected":false},"featured_media":0,"template":"","meta":{"_seopress_robots_primary_cat":"","_seopress_titles_title":"","_seopress_titles_desc":"","_seopress_robots_index":"","iawp_total_views":0},"product_brand":[411],"product_cat":[268,300],"product_tag":[],"class_list":{"0":"post-41481","1":"product","2":"type-product","3":"status-publish","5":"product_brand-pantene","6":"product_cat-kozmetika-2","7":"product_cat-njega-kose-268","9":"first","10":"outofstock","11":"shipping-taxable","12":"purchasable","13":"product-type-simple"},"_links":{"self":[{"href":"https:\/\/singuli.wpress.me\/index.php\/wp-json\/wp\/v2\/product\/41481","targetHints":{"allow":["GET"]}}],"collection":[{"href":"https:\/\/singuli.wpress.me\/index.php\/wp-json\/wp\/v2\/product"}],"about":[{"href":"https:\/\/singuli.wpress.me\/index.php\/wp-json\/wp\/v2\/types\/product"}],"version-history":[{"count":0,"href":"https:\/\/singuli.wpress.me\/index.php\/wp-json\/wp\/v2\/product\/41481\/revisions"}],"wp:attachment":[{"href":"https:\/\/singuli.wpress.me\/index.php\/wp-json\/wp\/v2\/media?parent=41481"}],"wp:term":[{"taxonomy":"product_brand","embeddable":true,"href":"https:\/\/singuli.wpress.me\/index.php\/wp-json\/wp\/v2\/product_brand?post=41481"},{"taxonomy":"product_cat","embeddable":true,"href":"https:\/\/singuli.wpress.me\/index.php\/wp-json\/wp\/v2\/product_cat?post=41481"},{"taxonomy":"product_tag","embeddable":true,"href":"https:\/\/singuli.wpress.me\/index.php\/wp-json\/wp\/v2\/product_tag?post=41481"}],"curies":[{"name":"wp","href":"https:\/\/api.w.org\/{rel}","templated":true}]}}