{"id":41482,"date":"2026-04-19T15:21:56","date_gmt":"2026-04-19T15:21:56","guid":{"rendered":"https:\/\/singuli.wpress.me\/index.php\/proizvod\/3c4g-bff-beauty-set-za-spavanje-leptir\/"},"modified":"2026-04-20T00:25:39","modified_gmt":"2026-04-20T00:25:39","slug":"3c4g-bff-beauty-set-za-spavanje-leptir","status":"publish","type":"product","link":"https:\/\/singuli.wpress.me\/index.php\/proizvod\/3c4g-bff-beauty-set-za-spavanje-leptir\/","title":{"rendered":"3C4G, BFF beauty set za spavanje, leptir"},"content":{"rendered":"<p>Odlutaj u no\u0107 i savr\u0161eno sanjaj sa ovim setom za spavanje!<\/p>\n<p>Neka satenska leptir maska omogu\u0107i neprekinuti san i mirnu no\u0107!<\/p>\n<p>Ra\u0161\u010de\u0161ljaj kosu, obuzdaj je prekrasnom scrunchie gumicom i u\u017eivaj na predivnoj satenskoj leptir jastu\u010dnici!<\/p>\n<p>Dob: 6+<\/p>\n","protected":false},"excerpt":{"rendered":"<p>Set za spavanje<br \/>\nU setu je satenska maska, \u010de\u0161alj, gumica i satenska jastu\u010dnica<br \/>\nDob: 6+<\/p>\n","protected":false},"featured_media":0,"template":"","meta":{"_seopress_robots_primary_cat":"","_seopress_titles_title":"","_seopress_titles_desc":"","_seopress_robots_index":"","iawp_total_views":0},"product_brand":[761],"product_cat":[274,238],"product_tag":[],"class_list":{"0":"post-41482","1":"product","2":"type-product","3":"status-publish","5":"product_brand-3c4g","6":"product_cat-kucanski-pribor-238","7":"product_cat-sve-za-dom","9":"first","10":"instock","11":"shipping-taxable","12":"purchasable","13":"product-type-simple"},"_links":{"self":[{"href":"https:\/\/singuli.wpress.me\/index.php\/wp-json\/wp\/v2\/product\/41482","targetHints":{"allow":["GET"]}}],"collection":[{"href":"https:\/\/singuli.wpress.me\/index.php\/wp-json\/wp\/v2\/product"}],"about":[{"href":"https:\/\/singuli.wpress.me\/index.php\/wp-json\/wp\/v2\/types\/product"}],"version-history":[{"count":0,"href":"https:\/\/singuli.wpress.me\/index.php\/wp-json\/wp\/v2\/product\/41482\/revisions"}],"wp:attachment":[{"href":"https:\/\/singuli.wpress.me\/index.php\/wp-json\/wp\/v2\/media?parent=41482"}],"wp:term":[{"taxonomy":"product_brand","embeddable":true,"href":"https:\/\/singuli.wpress.me\/index.php\/wp-json\/wp\/v2\/product_brand?post=41482"},{"taxonomy":"product_cat","embeddable":true,"href":"https:\/\/singuli.wpress.me\/index.php\/wp-json\/wp\/v2\/product_cat?post=41482"},{"taxonomy":"product_tag","embeddable":true,"href":"https:\/\/singuli.wpress.me\/index.php\/wp-json\/wp\/v2\/product_tag?post=41482"}],"curies":[{"name":"wp","href":"https:\/\/api.w.org\/{rel}","templated":true}]}}