{"id":41483,"date":"2026-04-19T15:21:57","date_gmt":"2026-04-19T15:21:57","guid":{"rendered":"https:\/\/singuli.wpress.me\/index.php\/proizvod\/rimula-r6-ms-10w40-motorno-ulje-za-gospodarska-vozila-1000-l\/"},"modified":"2026-04-20T12:33:37","modified_gmt":"2026-04-20T12:33:37","slug":"rimula-r6-ms-10w40-motorno-ulje-za-gospodarska-vozila-1000-l","status":"publish","type":"product","link":"https:\/\/singuli.wpress.me\/index.php\/proizvod\/rimula-r6-ms-10w40-motorno-ulje-za-gospodarska-vozila-1000-l\/","title":{"rendered":"RIMULA R6 MS 10W40, motorno ulje za gospodarska vozila, 1000\u00a0l"},"content":{"rendered":"<p>Sinteti\u010dko motorno ulje za dizelske motore te\u0161kih gospodarskih vozila koje sadr\u017ei najnoviju kombinaciju visokou\u010dinkovitih aditiva da bi se postigla odgovaraju\u0107a za\u0161tita. <\/p>\n<p>Odabrana sinteti\u010dka bazna ulja niskog viskoziteta dodatno poja\u010davaju snagu za\u0161tite motornog ulja pri produljenom intervalu izmjene ulja. <\/p>\n<p>Osigurava odli\u010dnu za\u0161titu od naslaga u motoru i klipovima i u\u0161tedu potro\u0161nje goriva. <\/p>\n<p>Shell Rimula R6 MS motorno ulje pogodno je za ve\u0107inu motora Euro IV i Euro V bez filtera krutih \u010destica (DPF), kao i za Scania Euro VI motore.<\/p>\n<p>Specifikacija: ACEA E7, E4, Deutz DQC IV-10, IVECO T3 E4 (udovoljava Iveco specifikaciji), MAN M3277, MB odobrenje 228.5, MTU kategorija 3, Renault RXD, Scania LDF-2, LDF-3, Volvo VDS-3.<\/p>\n","protected":false},"excerpt":{"rendered":"<p>Odli\u010dna za\u0161tita od naslaga i u\u0161teda potro\u0161nje goriva<br \/>\nPogodno za ve\u0107inu motora Euro IV i V bez filtera krutih \u010destica<br \/>\nSpecifikacija u opisu<\/p>\n","protected":false},"featured_media":0,"template":"","meta":{"_seopress_robots_primary_cat":"","_seopress_titles_title":"","_seopress_titles_desc":"","_seopress_robots_index":"","iawp_total_views":0},"product_brand":[469],"product_cat":[243,276,272],"product_tag":[],"class_list":{"0":"post-41483","1":"product","2":"type-product","3":"status-publish","5":"product_brand-rimula","6":"product_cat-automobili-i-motori","7":"product_cat-industrijska-i-specijalna-ulja-243","8":"product_cat-motorna-ulja-243","10":"first","11":"outofstock","12":"shipping-taxable","13":"purchasable","14":"product-type-simple"},"_links":{"self":[{"href":"https:\/\/singuli.wpress.me\/index.php\/wp-json\/wp\/v2\/product\/41483","targetHints":{"allow":["GET"]}}],"collection":[{"href":"https:\/\/singuli.wpress.me\/index.php\/wp-json\/wp\/v2\/product"}],"about":[{"href":"https:\/\/singuli.wpress.me\/index.php\/wp-json\/wp\/v2\/types\/product"}],"version-history":[{"count":0,"href":"https:\/\/singuli.wpress.me\/index.php\/wp-json\/wp\/v2\/product\/41483\/revisions"}],"wp:attachment":[{"href":"https:\/\/singuli.wpress.me\/index.php\/wp-json\/wp\/v2\/media?parent=41483"}],"wp:term":[{"taxonomy":"product_brand","embeddable":true,"href":"https:\/\/singuli.wpress.me\/index.php\/wp-json\/wp\/v2\/product_brand?post=41483"},{"taxonomy":"product_cat","embeddable":true,"href":"https:\/\/singuli.wpress.me\/index.php\/wp-json\/wp\/v2\/product_cat?post=41483"},{"taxonomy":"product_tag","embeddable":true,"href":"https:\/\/singuli.wpress.me\/index.php\/wp-json\/wp\/v2\/product_tag?post=41483"}],"curies":[{"name":"wp","href":"https:\/\/api.w.org\/{rel}","templated":true}]}}