{"id":41485,"date":"2026-04-19T15:21:57","date_gmt":"2026-04-19T15:21:57","guid":{"rendered":"https:\/\/singuli.wpress.me\/index.php\/proizvod\/braun-silkepil-9-flex-9010-3d-epilator\/"},"modified":"2026-04-20T12:33:37","modified_gmt":"2026-04-20T12:33:37","slug":"braun-silkepil-9-flex-9010-3d-epilator","status":"publish","type":"product","link":"https:\/\/singuli.wpress.me\/index.php\/proizvod\/braun-silkepil-9-flex-9010-3d-epilator\/","title":{"rendered":"BRAUN SilkEpil 9 Flex 9010 3D, epilator"},"content":{"rendered":"<p>Braun Silk-\u00e9pil 9 Flex 9010 beauty set, epilator s fleksibilnom glavom za lak\u0161e uklanjanje dla\u010dica<\/p>\n<p>&#8211; LAGAN: prvi \u017eenski epilator na svijetu s potpuno pokretnom glavom za lak\u0161e uklanjanje dla\u010dica.<br \/>\n&#8211; GLATKA KO\u017dA: Tehnologija pinceta Micro-Grip (40 pinceta) osigurava glatku ko\u017eu tjednima, a ne samo danima.<br \/>\n&#8211; PRAKTI\u010cNOST: ergonomska ru\u010dka s protukliznim dr\u017ea\u010dem, savr\u0161ena za epilaciju pod tu\u0161em.<br \/>\n&#8211; MANJE BOLI: SensoSmart\u2122 tehnologija osigurava pravi pritisak na ko\u017eu i omogu\u0107uje kori\u0161tenje pod vodom kako bi epilacija bila ugodnija.<br \/>\n&#8211; MEK\u0160A KO\u017dA: uklju\u010duje \u010detkicu za dubinski piling tijela koji je u\u010dinkovitiji od ru\u010dnog pilinga<\/p>\n<p>Sadr\u017eaj kutije:<br \/>\n1 x epilator<br \/>\n1 x glava za brijanje<br \/>\n1 x glava za podrezivanje<br \/>\n1 x \u010detka za \u010di\u0161\u0107enje \u010detka za \u010di\u0161\u0107enje<br \/>\n1 x torba<br \/>\n1 x \u010detka za \u010di\u0161\u0107enje<br \/>\n1x punja\u010d<\/p>\n<p>Uska, ergonomska ru\u010dka<br \/>\nPotpuno novi dizajn neklizaju\u0107e ru\u010dke iznimno je prakti\u010dan tijekom tu\u0161iranja i omogu\u0107uje lak\u0161e, preciznije pokrete &#8211; savr\u0161eno za uklanjanje dla\u010dica s te\u0161ko dostupnih podru\u010dja.<\/p>\n<p>Svje\u017ea i mladolika ko\u017ea<br \/>\nUklonite mrtve stanice ko\u017ee i zablistajte neodoljivim sjajem. \u010cetka za dubinski piling tijela je \u0161est puta u\u010dinkovitija od ru\u010dnog pilinga.<\/p>\n<p>Odr\u017eavanje bikini linije<br \/>\nPripremite se za dan u bazenu koriste\u0107i brija\u010d ili glavu trimera umjesto dosadne depilacije. Bez boli. Nema termina u salonu. Samo glatka ko\u017ea spremna za bikini.<\/p>\n<p>Glatki pazusi<br \/>\nObuci svoju omiljenu majicu bez rukava s povjerenjem jer su ti pazusi meki i glatki. Za posebno osjetljiva podru\u010dja preporu\u010damo kori\u0161tenje glave za brijanje koja je uklju\u010dena u set.<\/p>\n<p>Koristite ga posvuda<br \/>\nKoristite epilator po cijelom tijelu jer njegova pomi\u010dna glava mo\u017ee lako dosegnuti problemati\u010dna podru\u010dja. Tehnologija Micro-Grip s 40% \u0161irom glavom uklanja vi\u0161e dla\u010dica u jednom potezu za u\u010dinkovitiju epilaciju.<\/p>\n<p>Micro-Grip pinceta<br \/>\nEpilator Silk-\u00e9pil 9 Flex opremljen je \u0161irokom, dugom i dubokom pincetom za precizno uklanjanje i najkra\u0107ih dla\u010dica koje vosak ne mo\u017ee uhvatiti.<\/p>\n<p>Upravljanje pritiskom<br \/>\nKoriste\u0107i crveno svjetlo, tehnologija SensoSmart\u2122 vodi va\u0161u epilaciju primjenom odgovaraju\u0107e koli\u010dine pritiska na ko\u017eu.<\/p>\n<p>Wet &amp; Dry<br \/>\n100% vodootporan, pogodan za kori\u0161tenje u kadi ili pod tu\u0161em. \u010cestim kori\u0161tenjem u vodi, epilacija postaje prakti\u010dki bezbolna.<\/p>\n<p>Brijanje i podrezivanje<br \/>\nS glavom za brijanje epilator se pretvara u potpuno funkcionalan aparat za brijanje, no ako vi\u0161e volite podrezivati dla\u010dice, mo\u017eete koristiti nastavak za podrezivanje.<\/p>\n<p>Tehni\u010dki detalji:<br \/>\n&#8211; Brzo punjenje: 1 sat<br \/>\n&#8211; Vrijeme rada: 50 minuta<br \/>\n&#8211; Broj pinceta: 40<br \/>\n&#8211; Nastavak za brijanje i podrezivanje<br \/>\n&#8211; \u010cetka za piling<br \/>\n&#8211; Mokra i suha uporaba<br \/>\n&#8211; Pametno svjetlo<br \/>\n&#8211; 2 brzine<\/p>\n","protected":false},"excerpt":{"rendered":"<p>Prvi \u017eenski epilator na svijetu s potpuno pokretnom glavom za lak\u0161e uklanjanje dla\u010dica<br \/>\nTehnologija pinceta Micro-Grip (40 pinceta) osigurava glatku ko\u017eu tjednima, a ne samo danima<br \/>\nSensoSmart\u2122 tehnologija osigurava pravi pritisak na ko\u017eu i omogu\u0107uje kori\u0161tenje pod vodom kako bi epilacija bila ugodnija<\/p>\n","protected":false},"featured_media":0,"template":"","meta":{"_seopress_robots_primary_cat":"","_seopress_titles_title":"","_seopress_titles_desc":"","_seopress_robots_index":"","iawp_total_views":0},"product_brand":[144],"product_cat":[192,282,281],"product_tag":[],"class_list":{"0":"post-41485","1":"product","2":"type-product","3":"status-publish","5":"product_brand-braun","6":"product_cat-aparati-za-osobnu-njegu","7":"product_cat-aparati-za-zene-281","8":"product_cat-epilatori-i-ipl-192","10":"first","11":"outofstock","12":"shipping-taxable","13":"purchasable","14":"product-type-simple"},"_links":{"self":[{"href":"https:\/\/singuli.wpress.me\/index.php\/wp-json\/wp\/v2\/product\/41485","targetHints":{"allow":["GET"]}}],"collection":[{"href":"https:\/\/singuli.wpress.me\/index.php\/wp-json\/wp\/v2\/product"}],"about":[{"href":"https:\/\/singuli.wpress.me\/index.php\/wp-json\/wp\/v2\/types\/product"}],"version-history":[{"count":0,"href":"https:\/\/singuli.wpress.me\/index.php\/wp-json\/wp\/v2\/product\/41485\/revisions"}],"wp:attachment":[{"href":"https:\/\/singuli.wpress.me\/index.php\/wp-json\/wp\/v2\/media?parent=41485"}],"wp:term":[{"taxonomy":"product_brand","embeddable":true,"href":"https:\/\/singuli.wpress.me\/index.php\/wp-json\/wp\/v2\/product_brand?post=41485"},{"taxonomy":"product_cat","embeddable":true,"href":"https:\/\/singuli.wpress.me\/index.php\/wp-json\/wp\/v2\/product_cat?post=41485"},{"taxonomy":"product_tag","embeddable":true,"href":"https:\/\/singuli.wpress.me\/index.php\/wp-json\/wp\/v2\/product_tag?post=41485"}],"curies":[{"name":"wp","href":"https:\/\/api.w.org\/{rel}","templated":true}]}}