{"id":41490,"date":"2026-04-19T15:22:02","date_gmt":"2026-04-19T15:22:02","guid":{"rendered":"https:\/\/singuli.wpress.me\/index.php\/proizvod\/aeroshell-gr-22-mast-0-38-kg\/"},"modified":"2026-04-20T12:33:38","modified_gmt":"2026-04-20T12:33:38","slug":"aeroshell-gr-22-mast-0-38-kg","status":"publish","type":"product","link":"https:\/\/singuli.wpress.me\/index.php\/proizvod\/aeroshell-gr-22-mast-0-38-kg\/","title":{"rendered":"AEROSHELL GR.22, mast, 0.38\u00a0kg"},"content":{"rendered":"<p>AeroShell Grease 22 je vrhunska mast za op\u0107e namjene sastavljena od sinteti\u010dkog baznog ulja ugu\u0161\u0107enog Microgelom\uf0d2.  Dodatkomnajkvalitetnijih aditiva postignuta je otpornost na oksidaciju i koroziju kao i superiorna svojstva protiv tro\u0161enja i otpornosti na optere\u0107enje. AeroShell Grease 22 posebno se preporu\u010duje za upotrebu gdje god se susre\u0107u te\u0161ki radni uvjeti kao \u0161to su velika optere\u0107enja le\u017eajeva, velike brzine, \u0161irok raspon radnih temperatura, a posebno gdje je potrebno dugo zadr\u017eavanje masti i visoka otpornost na ispiranje vodom. Raspon radnih temperatura masti je od \u201354 \u00b0C do +177 \u00b0C.   <\/p>\n<p><span style=\"font-weight: bold\">Specifikacija: <\/span>MIL-PRF-81322G, MIL-PRF-24508B, DEF STAN 91-52 (britanska), COMAC QPL-CMS-OL-301, DCSEA 395\/A (francuska), NATO Code G-395, ruska: analogni od CIATIM 201 i 203, VNII NP 207, ERA (VNII NP 286M) i ST (NK-50); Joint Service Designation: XG-293.<\/p>\n","protected":false},"excerpt":{"rendered":"<p>Vi\u0161enamjenska mast za zrakoplove<br \/>\nAntikorozivna za\u0161tita<br \/>\nPreporu\u010duje za upotrebu u najte\u017eim primjenama kod  kojih dolazi do velikih optere\u0107enja<\/p>\n","protected":false},"featured_media":0,"template":"","meta":{"_seopress_robots_primary_cat":"","_seopress_titles_title":"","_seopress_titles_desc":"","_seopress_robots_index":"","iawp_total_views":0},"product_brand":[482],"product_cat":[221,263],"product_tag":[],"class_list":{"0":"post-41490","1":"product","2":"type-product","3":"status-publish","5":"product_brand-aeroshell","6":"product_cat-igracke","7":"product_cat-tematske-igracke-221","9":"first","10":"outofstock","11":"shipping-taxable","12":"purchasable","13":"product-type-simple"},"_links":{"self":[{"href":"https:\/\/singuli.wpress.me\/index.php\/wp-json\/wp\/v2\/product\/41490","targetHints":{"allow":["GET"]}}],"collection":[{"href":"https:\/\/singuli.wpress.me\/index.php\/wp-json\/wp\/v2\/product"}],"about":[{"href":"https:\/\/singuli.wpress.me\/index.php\/wp-json\/wp\/v2\/types\/product"}],"version-history":[{"count":0,"href":"https:\/\/singuli.wpress.me\/index.php\/wp-json\/wp\/v2\/product\/41490\/revisions"}],"wp:attachment":[{"href":"https:\/\/singuli.wpress.me\/index.php\/wp-json\/wp\/v2\/media?parent=41490"}],"wp:term":[{"taxonomy":"product_brand","embeddable":true,"href":"https:\/\/singuli.wpress.me\/index.php\/wp-json\/wp\/v2\/product_brand?post=41490"},{"taxonomy":"product_cat","embeddable":true,"href":"https:\/\/singuli.wpress.me\/index.php\/wp-json\/wp\/v2\/product_cat?post=41490"},{"taxonomy":"product_tag","embeddable":true,"href":"https:\/\/singuli.wpress.me\/index.php\/wp-json\/wp\/v2\/product_tag?post=41490"}],"curies":[{"name":"wp","href":"https:\/\/api.w.org\/{rel}","templated":true}]}}