{"id":41495,"date":"2026-04-19T15:22:04","date_gmt":"2026-04-19T15:22:04","guid":{"rendered":"https:\/\/singuli.wpress.me\/index.php\/proizvod\/dr-oetker-puding-okus-vanilija-38-g\/"},"modified":"2026-04-20T12:33:38","modified_gmt":"2026-04-20T12:33:38","slug":"dr-oetker-puding-okus-vanilija-38-g","status":"publish","type":"product","link":"https:\/\/singuli.wpress.me\/index.php\/proizvod\/dr-oetker-puding-okus-vanilija-38-g\/","title":{"rendered":"DR. OETKER, puding, okus vanilija, 38\u00a0g"},"content":{"rendered":"<p>Dr. Oetker Original puding s okusom vanilije je najstariji i najomiljeniji okus na\u0161ih pudinga za kuhanje. <\/p>\n<p>Ovo je klasik koji voli cijela obitelj, a i svi kola\u010di. <\/p>\n<p>Dr. Oetker Original pudinzi su apsolutni klasici me\u0111u Dr. Oetker desertima i stoje od 1894. godine za iskustvo, kvalitetu i u\u017eitak. Zato u\u017eivajte u osje\u0107aju obitelji, ljubavi i najboljeg puding okusa s Dr. Oetker Original pudingom s okusom vanilije. <\/p>\n<p>Skladi\u0161tenje: \u010cuvati na hladnom i suhom mjestu.<\/p>\n<p>Upotreba: pripremiti uz dodatak 40g \u0161e\u0107era i 50 ml mlijeka (1-5% m.m.)<\/p>\n","protected":false},"excerpt":{"rendered":"<p>Najstariji i najomiljeniji okus Dr. Oetker pudinga<br \/>\nOkus vanilija<br \/>\nKvaliteta od 1894. godine<\/p>\n","protected":false},"featured_media":0,"template":"","meta":{"_seopress_robots_primary_cat":"","_seopress_titles_title":"","_seopress_titles_desc":"","_seopress_robots_index":"","iawp_total_views":0},"product_brand":[328],"product_cat":[261,270],"product_tag":[],"class_list":{"0":"post-41495","1":"product","2":"type-product","3":"status-publish","5":"product_brand-dr-oetker","6":"product_cat-hrana-i-pice","7":"product_cat-slasticarstvo-261","9":"first","10":"outofstock","11":"shipping-taxable","12":"purchasable","13":"product-type-simple"},"_links":{"self":[{"href":"https:\/\/singuli.wpress.me\/index.php\/wp-json\/wp\/v2\/product\/41495","targetHints":{"allow":["GET"]}}],"collection":[{"href":"https:\/\/singuli.wpress.me\/index.php\/wp-json\/wp\/v2\/product"}],"about":[{"href":"https:\/\/singuli.wpress.me\/index.php\/wp-json\/wp\/v2\/types\/product"}],"version-history":[{"count":0,"href":"https:\/\/singuli.wpress.me\/index.php\/wp-json\/wp\/v2\/product\/41495\/revisions"}],"wp:attachment":[{"href":"https:\/\/singuli.wpress.me\/index.php\/wp-json\/wp\/v2\/media?parent=41495"}],"wp:term":[{"taxonomy":"product_brand","embeddable":true,"href":"https:\/\/singuli.wpress.me\/index.php\/wp-json\/wp\/v2\/product_brand?post=41495"},{"taxonomy":"product_cat","embeddable":true,"href":"https:\/\/singuli.wpress.me\/index.php\/wp-json\/wp\/v2\/product_cat?post=41495"},{"taxonomy":"product_tag","embeddable":true,"href":"https:\/\/singuli.wpress.me\/index.php\/wp-json\/wp\/v2\/product_tag?post=41495"}],"curies":[{"name":"wp","href":"https:\/\/api.w.org\/{rel}","templated":true}]}}