{"id":41497,"date":"2026-04-19T15:22:04","date_gmt":"2026-04-19T15:22:04","guid":{"rendered":"https:\/\/singuli.wpress.me\/index.php\/proizvod\/autan-junior-sprej-protiv-uboda-komaraca-100-ml\/"},"modified":"2026-04-20T12:33:38","modified_gmt":"2026-04-20T12:33:38","slug":"autan-junior-sprej-protiv-uboda-komaraca-100-ml","status":"publish","type":"product","link":"https:\/\/singuli.wpress.me\/index.php\/proizvod\/autan-junior-sprej-protiv-uboda-komaraca-100-ml\/","title":{"rendered":"AUTAN Junior, sprej, protiv uboda komaraca, 100\u00a0ml"},"content":{"rendered":"<p>Autan\u00ae Junior losion pru\u017ea djelotvornu za\u0161titu od komaraca do 4 sata, istovremeno njeguju\u0107i ko\u017eu.<\/p>\n<p>Njegova dermatolo\u0161ki testirana formula sadr\u017ei hidratantne supstance i Aloe Veru te je pogodna za djecu iznad 2 godine.<\/p>\n<p><span style=\"font-weight: bold\">Upute za uporabu:<\/span><br \/>\nKoriste\u0107i raspr\u0161iva\u010d nanesite sredstvo na izlo\u017eenu ko\u017eu te rukama jednakomjerno razma\u017eite (pribli\u017eno 6-7 pokreta rukom \/ ~ 1 ml po podlaktici).<\/p>\n<p>Za nano\u0161enje na odraslo ili djetetovo lice: raspr\u0161ite sredstvo na dlan odrasle osobe i tanko prema\u017eite lice izbjegavaju\u0107i o\u010di i usta. Ponovite postupak nakon \u0161to primjetite gubitak djelotvornosti.<\/p>\n","protected":false},"excerpt":{"rendered":"<p>Pru\u017ea za\u0161titu od komaraca do 4 sata<br \/>\nSadr\u017ei aloe veru<br \/>\nPogodno za djecu iznad 2 godine<\/p>\n","protected":false},"featured_media":0,"template":"","meta":{"_seopress_robots_primary_cat":"","_seopress_titles_title":"","_seopress_titles_desc":"","_seopress_robots_index":"","iawp_total_views":0},"product_brand":[821],"product_cat":[268,300],"product_tag":[],"class_list":{"0":"post-41497","1":"product","2":"type-product","3":"status-publish","5":"product_brand-autan","6":"product_cat-kozmetika-2","7":"product_cat-njega-kose-268","9":"first","10":"instock","11":"shipping-taxable","12":"purchasable","13":"product-type-simple"},"_links":{"self":[{"href":"https:\/\/singuli.wpress.me\/index.php\/wp-json\/wp\/v2\/product\/41497","targetHints":{"allow":["GET"]}}],"collection":[{"href":"https:\/\/singuli.wpress.me\/index.php\/wp-json\/wp\/v2\/product"}],"about":[{"href":"https:\/\/singuli.wpress.me\/index.php\/wp-json\/wp\/v2\/types\/product"}],"version-history":[{"count":0,"href":"https:\/\/singuli.wpress.me\/index.php\/wp-json\/wp\/v2\/product\/41497\/revisions"}],"wp:attachment":[{"href":"https:\/\/singuli.wpress.me\/index.php\/wp-json\/wp\/v2\/media?parent=41497"}],"wp:term":[{"taxonomy":"product_brand","embeddable":true,"href":"https:\/\/singuli.wpress.me\/index.php\/wp-json\/wp\/v2\/product_brand?post=41497"},{"taxonomy":"product_cat","embeddable":true,"href":"https:\/\/singuli.wpress.me\/index.php\/wp-json\/wp\/v2\/product_cat?post=41497"},{"taxonomy":"product_tag","embeddable":true,"href":"https:\/\/singuli.wpress.me\/index.php\/wp-json\/wp\/v2\/product_tag?post=41497"}],"curies":[{"name":"wp","href":"https:\/\/api.w.org\/{rel}","templated":true}]}}