{"id":41498,"date":"2026-04-19T15:22:04","date_gmt":"2026-04-19T15:22:04","guid":{"rendered":"https:\/\/singuli.wpress.me\/index.php\/proizvod\/tellus-s2-vx-15-hidraulicko-ulje-20-l\/"},"modified":"2026-04-20T12:33:38","modified_gmt":"2026-04-20T12:33:38","slug":"tellus-s2-vx-15-hidraulicko-ulje-20-l","status":"publish","type":"product","link":"https:\/\/singuli.wpress.me\/index.php\/proizvod\/tellus-s2-vx-15-hidraulicko-ulje-20-l\/","title":{"rendered":"TELLUS S2 VX 15, hidrauli\u010dko ulje, 20\u00a0l"},"content":{"rendered":"<p><p><span style=\"font-weight: bold\">Visokou\u010dinkovito hidrauli\u010dko ulje<\/span> visokih performansi bazirano na grupi II baznog ulja koje osigurava izvanrednu za\u0161titu u \u0161irokom rasponu temperatura. Otporno je na propadanje uslijed mehani\u010dkog optere\u0107enja i prikladno je za ve\u0107inu mobilne opreme. Karakterizira ga produljeni vijek trajanja, izuzetna za\u0161tita, odr\u017eavanje u\u010dinkovitosti i \u010disto\u0107e sustava te \u0161iroka primjena. Glavne primjene su u mobilnim\/vanjskim hidrauli\u010dkim aplikacijama, u preciznim hidrauli\u010dkim sustavima te brodskim hidrauli\u010dkim sustavima.<\/p>\n<p><span style=\"font-weight: bold\"><br \/>\nSpecifikacija:<\/span> Eaton E-FDGN-TB002-E, ISO 11158 (HV teku\u0107ine), DIN 51524 Dio 3 HVLP tip, ASTM D6158 (HV teku\u0107ine).<\/p>\n<p><span style=\"font-weight: bold\">Sigurnosno upozorenje:<\/span><\/p>\n<p><img decoding=\"async\" src=\"https:\/\/prod-minio-orbico.nd0.pl\/orbico.ohr\/Piktogrami\/Zdravlje.png\" alt=\"Zdravlje\" style=\"max-width: 10%;height: auto\"><\/p>\n<\/p>\n<p>&#8211; H304 &#8211;&nbsp;Mo\u017ee biti smrtonosno ako se proguta i u\u0111e u di\u0161ni sustav.<\/p>\n","protected":false},"excerpt":{"rendered":"<p>Hidrauli\u010dko ulje<br \/>\nOtporno na propadanje<br \/>\nGlavne primjene su u mobilnim\/vanjskim hidrauli\u010dkim aplikacijama, u preciznim hidrauli\u010dkim sustavima te brodskim hidrauli\u010dkim sustavima.<\/p>\n","protected":false},"featured_media":0,"template":"","meta":{"_seopress_robots_primary_cat":"","_seopress_titles_title":"","_seopress_titles_desc":"","_seopress_robots_index":"","iawp_total_views":0},"product_brand":[414],"product_cat":[243,276],"product_tag":[],"class_list":{"0":"post-41498","1":"product","2":"type-product","3":"status-publish","5":"product_brand-tellus","6":"product_cat-automobili-i-motori","7":"product_cat-industrijska-i-specijalna-ulja-243","9":"first","10":"outofstock","11":"shipping-taxable","12":"purchasable","13":"product-type-simple"},"_links":{"self":[{"href":"https:\/\/singuli.wpress.me\/index.php\/wp-json\/wp\/v2\/product\/41498","targetHints":{"allow":["GET"]}}],"collection":[{"href":"https:\/\/singuli.wpress.me\/index.php\/wp-json\/wp\/v2\/product"}],"about":[{"href":"https:\/\/singuli.wpress.me\/index.php\/wp-json\/wp\/v2\/types\/product"}],"version-history":[{"count":0,"href":"https:\/\/singuli.wpress.me\/index.php\/wp-json\/wp\/v2\/product\/41498\/revisions"}],"wp:attachment":[{"href":"https:\/\/singuli.wpress.me\/index.php\/wp-json\/wp\/v2\/media?parent=41498"}],"wp:term":[{"taxonomy":"product_brand","embeddable":true,"href":"https:\/\/singuli.wpress.me\/index.php\/wp-json\/wp\/v2\/product_brand?post=41498"},{"taxonomy":"product_cat","embeddable":true,"href":"https:\/\/singuli.wpress.me\/index.php\/wp-json\/wp\/v2\/product_cat?post=41498"},{"taxonomy":"product_tag","embeddable":true,"href":"https:\/\/singuli.wpress.me\/index.php\/wp-json\/wp\/v2\/product_tag?post=41498"}],"curies":[{"name":"wp","href":"https:\/\/api.w.org\/{rel}","templated":true}]}}