{"id":41502,"date":"2026-04-19T15:22:06","date_gmt":"2026-04-19T15:22:06","guid":{"rendered":"https:\/\/singuli.wpress.me\/index.php\/proizvod\/alexia-70-cilindarsko-ulje-209-l\/"},"modified":"2026-04-21T00:27:10","modified_gmt":"2026-04-21T00:27:10","slug":"alexia-70-cilindarsko-ulje-209-l","status":"publish","type":"product","link":"https:\/\/singuli.wpress.me\/index.php\/proizvod\/alexia-70-cilindarsko-ulje-209-l\/","title":{"rendered":"ALEXIA 70, Cilindarsko ulje, 209\u00a0l"},"content":{"rendered":"<p>Cilindarsko mazivo dizajnirano za uporabu u dvotaktnim dizelskim motorima male brzine. To je mazivo BN 70 i SAE 50, formulirano dokazanom i pouzdanom tehnologijom. Izvrsna svojstva neutralizacije kiseline, poma\u017eu\u0107i produ\u017eiti vijek trajanja komponenti. Minimalne naslage na klipovima, klipnim prstenovima, prstenastim \u017eljebovima, ispod klipnih prostora i u cilindri\u010dnim priklju\u010dcima: tro\u0161enje nisko cilindri\u010dnog i klipnog prstena.<\/p>\n<p>MAN-ES, WinGD dvotaktni dizajn motora, MHI dvotaktni dizajn motora.<\/p>\n","protected":false},"excerpt":{"rendered":"<p>Ulje za sporohodne dizel motore<br \/>\nMinimalne naslage na klipovima, klipnim prstenovima&#8230;<br \/>\nNeutralizira kiseline<\/p>\n","protected":false},"featured_media":0,"template":"","meta":{"_seopress_robots_primary_cat":"","_seopress_titles_title":"","_seopress_titles_desc":"","_seopress_robots_index":"","iawp_total_views":0},"product_brand":[843],"product_cat":[243,276],"product_tag":[],"class_list":{"0":"post-41502","1":"product","2":"type-product","3":"status-publish","5":"product_brand-alexia","6":"product_cat-automobili-i-motori","7":"product_cat-industrijska-i-specijalna-ulja-243","9":"first","10":"instock","11":"shipping-taxable","12":"purchasable","13":"product-type-simple"},"_links":{"self":[{"href":"https:\/\/singuli.wpress.me\/index.php\/wp-json\/wp\/v2\/product\/41502","targetHints":{"allow":["GET"]}}],"collection":[{"href":"https:\/\/singuli.wpress.me\/index.php\/wp-json\/wp\/v2\/product"}],"about":[{"href":"https:\/\/singuli.wpress.me\/index.php\/wp-json\/wp\/v2\/types\/product"}],"version-history":[{"count":0,"href":"https:\/\/singuli.wpress.me\/index.php\/wp-json\/wp\/v2\/product\/41502\/revisions"}],"wp:attachment":[{"href":"https:\/\/singuli.wpress.me\/index.php\/wp-json\/wp\/v2\/media?parent=41502"}],"wp:term":[{"taxonomy":"product_brand","embeddable":true,"href":"https:\/\/singuli.wpress.me\/index.php\/wp-json\/wp\/v2\/product_brand?post=41502"},{"taxonomy":"product_cat","embeddable":true,"href":"https:\/\/singuli.wpress.me\/index.php\/wp-json\/wp\/v2\/product_cat?post=41502"},{"taxonomy":"product_tag","embeddable":true,"href":"https:\/\/singuli.wpress.me\/index.php\/wp-json\/wp\/v2\/product_tag?post=41502"}],"curies":[{"name":"wp","href":"https:\/\/api.w.org\/{rel}","templated":true}]}}