{"id":41503,"date":"2026-04-19T15:22:06","date_gmt":"2026-04-19T15:22:06","guid":{"rendered":"https:\/\/singuli.wpress.me\/index.php\/proizvod\/tikves-vranec-semy-dry-2021-crno-vino-1-l\/"},"modified":"2026-04-20T12:33:38","modified_gmt":"2026-04-20T12:33:38","slug":"tikves-vranec-semy-dry-2021-crno-vino-1-l","status":"publish","type":"product","link":"https:\/\/singuli.wpress.me\/index.php\/proizvod\/tikves-vranec-semy-dry-2021-crno-vino-1-l\/","title":{"rendered":"TIKVE\u0160 Vranec Semy Dry 2021, crno vino, 1\u00a0l"},"content":{"rendered":"<p>Polusuho crno vino tamnocrvene rubinske boje, aroma prezrelog \u0161umskog vo\u0107a i suhih \u0161ljiva, punog tijela i dugotrajnog zavr\u0161etka.<\/p>\n","protected":false},"excerpt":{"rendered":"<p>Stoljetna tradicija vinarije<br \/>\nAroma prezrelog \u0161umskog vo\u0107a i suhih \u0161ljiva<br \/>\nRubinska boja vina<\/p>\n","protected":false},"featured_media":0,"template":"","meta":{"_seopress_robots_primary_cat":"","_seopress_titles_title":"","_seopress_titles_desc":"","_seopress_robots_index":"","iawp_total_views":0},"product_brand":[470],"product_cat":[298,261],"product_tag":[],"class_list":{"0":"post-41503","1":"product","2":"type-product","3":"status-publish","5":"product_brand-tikves","6":"product_cat-alkoholna-pica-261","7":"product_cat-hrana-i-pice","9":"first","10":"outofstock","11":"shipping-taxable","12":"purchasable","13":"product-type-simple"},"_links":{"self":[{"href":"https:\/\/singuli.wpress.me\/index.php\/wp-json\/wp\/v2\/product\/41503","targetHints":{"allow":["GET"]}}],"collection":[{"href":"https:\/\/singuli.wpress.me\/index.php\/wp-json\/wp\/v2\/product"}],"about":[{"href":"https:\/\/singuli.wpress.me\/index.php\/wp-json\/wp\/v2\/types\/product"}],"version-history":[{"count":0,"href":"https:\/\/singuli.wpress.me\/index.php\/wp-json\/wp\/v2\/product\/41503\/revisions"}],"wp:attachment":[{"href":"https:\/\/singuli.wpress.me\/index.php\/wp-json\/wp\/v2\/media?parent=41503"}],"wp:term":[{"taxonomy":"product_brand","embeddable":true,"href":"https:\/\/singuli.wpress.me\/index.php\/wp-json\/wp\/v2\/product_brand?post=41503"},{"taxonomy":"product_cat","embeddable":true,"href":"https:\/\/singuli.wpress.me\/index.php\/wp-json\/wp\/v2\/product_cat?post=41503"},{"taxonomy":"product_tag","embeddable":true,"href":"https:\/\/singuli.wpress.me\/index.php\/wp-json\/wp\/v2\/product_tag?post=41503"}],"curies":[{"name":"wp","href":"https:\/\/api.w.org\/{rel}","templated":true}]}}