{"id":41506,"date":"2026-04-19T15:22:06","date_gmt":"2026-04-19T15:22:06","guid":{"rendered":"https:\/\/singuli.wpress.me\/index.php\/proizvod\/twistshake-mazilica-slon\/"},"modified":"2026-04-20T12:33:38","modified_gmt":"2026-04-20T12:33:38","slug":"twistshake-mazilica-slon","status":"publish","type":"product","link":"https:\/\/singuli.wpress.me\/index.php\/proizvod\/twistshake-mazilica-slon\/","title":{"rendered":"TWISTSHAKE, mazilica, slon"},"content":{"rendered":"<p>Slon Magnus tje\u0161i, slu\u0161a i iznimno je mekan u doticaju s najmanjim obrazima.<\/p>\n<p>Udobna dekica Twistshake novi je najbolji prijatelj va\u0161e bebe.<\/p>\n<p>Izra\u0111uje se od mazne tkanine velura u prekrasnoj sivoj nijansi.<\/p>\n<p>Ne sadr\u017ei labave dijelove i svi su detalji \u010dvrsti da nema rizika od odvajanja dok se va\u0161e dijete igra ili mazi s njom. Mala naljepnica na rubu udobne dekice s likom ze\u010dice ima prostor za ime djeteta i broj telefona da se dekica mo\u017ee prona\u0107i ako se izgubi dok ste vi i va\u0161e dijete na nekoj od va\u0161ih pustolovina.<\/p>\n","protected":false},"excerpt":{"rendered":"<p>Mekana i lagana visokokvalitetna tkanina od velura<br \/>\nSigurnosni detalji za sigurnu uporabu<br \/>\nMo\u017ee se prati u perilici rublja na 40 stupnjeva<\/p>\n","protected":false},"featured_media":0,"template":"","meta":{"_seopress_robots_primary_cat":"","_seopress_titles_title":"","_seopress_titles_desc":"","_seopress_robots_index":"","iawp_total_views":0},"product_brand":[433],"product_cat":[221],"product_tag":[],"class_list":{"0":"post-41506","1":"product","2":"type-product","3":"status-publish","5":"product_brand-twistshake","6":"product_cat-igracke","8":"first","9":"outofstock","10":"shipping-taxable","11":"purchasable","12":"product-type-simple"},"_links":{"self":[{"href":"https:\/\/singuli.wpress.me\/index.php\/wp-json\/wp\/v2\/product\/41506","targetHints":{"allow":["GET"]}}],"collection":[{"href":"https:\/\/singuli.wpress.me\/index.php\/wp-json\/wp\/v2\/product"}],"about":[{"href":"https:\/\/singuli.wpress.me\/index.php\/wp-json\/wp\/v2\/types\/product"}],"version-history":[{"count":0,"href":"https:\/\/singuli.wpress.me\/index.php\/wp-json\/wp\/v2\/product\/41506\/revisions"}],"wp:attachment":[{"href":"https:\/\/singuli.wpress.me\/index.php\/wp-json\/wp\/v2\/media?parent=41506"}],"wp:term":[{"taxonomy":"product_brand","embeddable":true,"href":"https:\/\/singuli.wpress.me\/index.php\/wp-json\/wp\/v2\/product_brand?post=41506"},{"taxonomy":"product_cat","embeddable":true,"href":"https:\/\/singuli.wpress.me\/index.php\/wp-json\/wp\/v2\/product_cat?post=41506"},{"taxonomy":"product_tag","embeddable":true,"href":"https:\/\/singuli.wpress.me\/index.php\/wp-json\/wp\/v2\/product_tag?post=41506"}],"curies":[{"name":"wp","href":"https:\/\/api.w.org\/{rel}","templated":true}]}}