{"id":41508,"date":"2026-04-19T15:22:07","date_gmt":"2026-04-19T15:22:07","guid":{"rendered":"https:\/\/singuli.wpress.me\/index.php\/proizvod\/cartamundi-drustvena-igra-crni-petar\/"},"modified":"2026-04-20T12:33:38","modified_gmt":"2026-04-20T12:33:38","slug":"cartamundi-drustvena-igra-crni-petar","status":"publish","type":"product","link":"https:\/\/singuli.wpress.me\/index.php\/proizvod\/cartamundi-drustvena-igra-crni-petar\/","title":{"rendered":"CARTAMUNDI, dru\u0161tvena igra, Crni Petar"},"content":{"rendered":"<p>Uronite u svijet maskiranih junaka s uzbudljivom igrom PJ Masks Crni Petar!<br \/>\nIgra sadr\u017ei 25 \u0161arenih i zabavno ilustriranih kartica \u2013 12 savr\u0161eno uparenih heroja i jednu zagonetnu kartu Crnog Petra. Tko \u0107e prvi slo\u017eiti svoje parove i izbje\u0107i famoznu kartu? Napeto do samog kraja!<br \/>\nBrza i jednostavna \u2013 ova igra poti\u010de pa\u017enju, logiku i zabavu za cijelu obitelj. Savr\u0161ena za sve male (i velike) obo\u017eavatelje PJ Masks svijeta!<\/p>\n","protected":false},"excerpt":{"rendered":"<p>Igra sadr\u017ei 25 \u0161arenih i zabavno ilustriranih kartica<br \/>\nBrza i jednostavna \u2013 ova igra poti\u010de pa\u017enju, logiku i zabavu za cijelu obitelj<br \/>\nDob: 4+ god<\/p>\n","protected":false},"featured_media":0,"template":"","meta":{"_seopress_robots_primary_cat":"","_seopress_titles_title":"","_seopress_titles_desc":"","_seopress_robots_index":"","iawp_total_views":0},"product_brand":[864],"product_cat":[290,221],"product_tag":[],"class_list":{"0":"post-41508","1":"product","2":"type-product","3":"status-publish","5":"product_brand-cartamundi","6":"product_cat-drustvene-igre-221","7":"product_cat-igracke","9":"first","10":"outofstock","11":"shipping-taxable","12":"purchasable","13":"product-type-simple"},"_links":{"self":[{"href":"https:\/\/singuli.wpress.me\/index.php\/wp-json\/wp\/v2\/product\/41508","targetHints":{"allow":["GET"]}}],"collection":[{"href":"https:\/\/singuli.wpress.me\/index.php\/wp-json\/wp\/v2\/product"}],"about":[{"href":"https:\/\/singuli.wpress.me\/index.php\/wp-json\/wp\/v2\/types\/product"}],"version-history":[{"count":0,"href":"https:\/\/singuli.wpress.me\/index.php\/wp-json\/wp\/v2\/product\/41508\/revisions"}],"wp:attachment":[{"href":"https:\/\/singuli.wpress.me\/index.php\/wp-json\/wp\/v2\/media?parent=41508"}],"wp:term":[{"taxonomy":"product_brand","embeddable":true,"href":"https:\/\/singuli.wpress.me\/index.php\/wp-json\/wp\/v2\/product_brand?post=41508"},{"taxonomy":"product_cat","embeddable":true,"href":"https:\/\/singuli.wpress.me\/index.php\/wp-json\/wp\/v2\/product_cat?post=41508"},{"taxonomy":"product_tag","embeddable":true,"href":"https:\/\/singuli.wpress.me\/index.php\/wp-json\/wp\/v2\/product_tag?post=41508"}],"curies":[{"name":"wp","href":"https:\/\/api.w.org\/{rel}","templated":true}]}}