{"id":41514,"date":"2026-04-19T15:22:08","date_gmt":"2026-04-19T15:22:08","guid":{"rendered":"https:\/\/singuli.wpress.me\/index.php\/proizvod\/braun-silkepil-9-720-epilator\/"},"modified":"2026-04-21T00:27:10","modified_gmt":"2026-04-21T00:27:10","slug":"braun-silkepil-9-720-epilator","status":"publish","type":"product","link":"https:\/\/singuli.wpress.me\/index.php\/proizvod\/braun-silkepil-9-720-epilator\/","title":{"rendered":"BRAUN SilkEpil 9-720, epilator"},"content":{"rendered":"<p>Braun Silk-\u00e9pil 9-720, epilator za dugotrajno uklanjanje dla\u010dica, ru\u017ei\u010dasto-zlatni, brija\u0107a glava, tehnologija pinceta MicroGrip, nastavak za visokofrekventnu masa\u017eu za izuzetno nje\u017eno uklanjanje dla\u010dica, be\u017ei\u010dna mokra i suha epilacija<\/p>\n<p>Istaknute zna\u010dajke:<br \/>\nLAKO\u0106A KORI\u0160TENJA: Epilator s \u0161irokom pokretljivom glavom za lak\u0161e i u\u010dinkovitije uklanjanje dla\u010dica.<br \/>\nGLATKA KO\u017dA: Tehnologija pinceta MicroGrip (40 pinceta) pru\u017ea glatku ko\u017eu tjednima, a ne danima.<br \/>\nPRAKTI\u010cAN: Ergonomska dr\u0161ka omogu\u0107uje prakti\u010dno kori\u0161tenje na svim dijelovima tijela.<br \/>\nUGODNOST: 100% vodootporan \u2013 mo\u017ee se koristiti u kadi ili pod tu\u0161em, za manje bolnu epilaciju.<br \/>\nTEMELJITOST: Svjetlo Smartlight na dr\u0161ci otkriva i najtanje dla\u010dice za izuzetno temeljito uklanjanje dla\u010dica.<\/p>\n<p>Braun Silk-\u00e9pil 9<br \/>\nBrijanje, podrezivanje i epilacija za dugotrajno glatku ko\u017eu<\/p>\n<p>Ultra brzi rezultati<br \/>\nSilk-\u00e9pil 9 ima \u0161iroku glavu za br\u017eu epilaciju i ultra brze rezultate. Dodatni nastavci u ovom kompletu omogu\u0107uju brijanje, podrezivanje i epilaciju za glatku ko\u017eu tjednima, a ne samo danima.<\/p>\n<p>Epilacija u jednom potezu<br \/>\nRije\u0161ite se dla\u010dica br\u017ee nego prije i to tako da rezultati traju dulje. Tehnologija MicroGrip i 40% \u0161ira glava uklanjaju vi\u0161e dla\u010dica jednim potezom za u\u010dinkovitiju epilaciju.<\/p>\n<p>Nje\u017eno brijanje<br \/>\nBez obzira radi li se o bikini-zoni ili pazusima, koristite brija\u0107u glavu iz ovog kompleta namijenjenu izuzetno osjetljivim podru\u010djima, tako da dla\u010dice obrijete a ne \u010dupate ih iz korijena.<\/p>\n<p>Te\u0161ko dostupna mjesta<br \/>\nNema vi\u0161e tih mjesta do kojih je te\u0161ko do\u0107i. Novi Silk-\u00e9pil 9 prilago\u0111ava se svakoj konturi za u\u010dinkovitu epilaciju, \u010dak i na zahtjevnijim podru\u010djima poput koljena ili pazuha.<\/p>\n<p>Glatka i blistava ko\u017ea<br \/>\nUklanjanje dla\u010dica iz korijena osigurat \u0107e vam primjetno gla\u0111u ko\u017eu, pa \u0107e i va\u0161e noge biti svilenkaste.<\/p>\n<p>Brijanje i podrezivanje<br \/>\nBrija\u0107a glava pretvara epilator u pravi pravcati brija\u0107i aparat, dok glava s trimerom omogu\u0107uje podrezivanje dla\u010dica.<\/p>\n<p>Nastavak za visokofrekventnu masa\u017eu<br \/>\nNovi Silk-\u00e9pil 5 dolazi s masa\u017enim nastavkom koji poma\u017ee smanjiti osje\u0107aj boli kako biste vi mogli u\u017eivati u izuzetno nje\u017enoj epilaciji.<\/p>\n<p>Wet &amp; Dry<br \/>\nUre\u0111aj je 100% vodootporan i ima protukliznu dr\u0161ku pa se mo\u017eete epilirati u kadi ili pod tu\u0161em. Kada se provodi redovito i pod vodom, epilacija postaje gotovo bezbolna.<\/p>\n<p>Senzor pritiska<br \/>\nTehnologija SensoSmart\u2122 vodi vas kroz epilaciju vode\u0107i ra\u010duna o tome da koristite adekvatnu razinu pritiska na ko\u017eu. Kada priti\u0161\u0107ete presna\u017eno, pali se crveno svjetlo.<\/p>\n<p>Opis proizvoda:<br \/>\nBraun Silk-\u00e9pil 9-720 ima \u0161iroku epilacijsku glavu za izuzetno brzu epilaciju. U\u017eivajte u tjednima glatke ko\u017ee, kao nakon salonskog tretmana, zahvaljuju\u0107i tehnologiji MicroGrip koja s 28 pinceta uklanja i dla\u010dice duljine tek 0,5 mm, kako bi va\u0161a ko\u017ea bila glatka tjednima, a ne samo danima. Brija\u0107a glava i glava s trimerom pru\u017eaju dodatne mogu\u0107nosti za osjetljiva podru\u010dja. Epilator je 100% vodootporan \u0161to zna\u010di da ga mo\u017eete koristiti u kadi ili pod tu\u0161em, pa \u0107e epilacija biti gotovo bezbolna.<\/p>\n<p>Sadr\u017eaj pakiranja:<br \/>\n1 X epilator<br \/>\n1 X brija\u0107a glava<br \/>\n1 X glava s trimerom<br \/>\n1 X vre\u0107ica<br \/>\n1 X \u010detkica za \u010di\u0161\u0107enje<br \/>\n1 X punja\u010d<\/p>\n","protected":false},"excerpt":{"rendered":"<p>\u0160iroka epilacijska glava za izuzetno brzu epilaciju<br \/>\nTehnologija MicroGrip koja s 28 pinceta uklanja i dla\u010dice duljine tek 0,5 mm, kako bi ko\u017ea bila glatka tjednima, a ne samo danima<br \/>\nUre\u0111aj je 100% vodootporan i ima protukliznu dr\u0161ku<\/p>\n","protected":false},"featured_media":0,"template":"","meta":{"_seopress_robots_primary_cat":"","_seopress_titles_title":"","_seopress_titles_desc":"","_seopress_robots_index":"","iawp_total_views":0},"product_brand":[144],"product_cat":[192,282,281],"product_tag":[],"class_list":{"0":"post-41514","1":"product","2":"type-product","3":"status-publish","5":"product_brand-braun","6":"product_cat-aparati-za-osobnu-njegu","7":"product_cat-aparati-za-zene-281","8":"product_cat-epilatori-i-ipl-192","10":"first","11":"outofstock","12":"shipping-taxable","13":"purchasable","14":"product-type-simple"},"_links":{"self":[{"href":"https:\/\/singuli.wpress.me\/index.php\/wp-json\/wp\/v2\/product\/41514","targetHints":{"allow":["GET"]}}],"collection":[{"href":"https:\/\/singuli.wpress.me\/index.php\/wp-json\/wp\/v2\/product"}],"about":[{"href":"https:\/\/singuli.wpress.me\/index.php\/wp-json\/wp\/v2\/types\/product"}],"version-history":[{"count":0,"href":"https:\/\/singuli.wpress.me\/index.php\/wp-json\/wp\/v2\/product\/41514\/revisions"}],"wp:attachment":[{"href":"https:\/\/singuli.wpress.me\/index.php\/wp-json\/wp\/v2\/media?parent=41514"}],"wp:term":[{"taxonomy":"product_brand","embeddable":true,"href":"https:\/\/singuli.wpress.me\/index.php\/wp-json\/wp\/v2\/product_brand?post=41514"},{"taxonomy":"product_cat","embeddable":true,"href":"https:\/\/singuli.wpress.me\/index.php\/wp-json\/wp\/v2\/product_cat?post=41514"},{"taxonomy":"product_tag","embeddable":true,"href":"https:\/\/singuli.wpress.me\/index.php\/wp-json\/wp\/v2\/product_tag?post=41514"}],"curies":[{"name":"wp","href":"https:\/\/api.w.org\/{rel}","templated":true}]}}