{"id":41517,"date":"2026-04-19T15:22:10","date_gmt":"2026-04-19T15:22:10","guid":{"rendered":"https:\/\/singuli.wpress.me\/index.php\/proizvod\/wahl-home-pro-delux-sisac\/"},"modified":"2026-04-20T12:33:38","modified_gmt":"2026-04-20T12:33:38","slug":"wahl-home-pro-delux-sisac","status":"publish","type":"product","link":"https:\/\/singuli.wpress.me\/index.php\/proizvod\/wahl-home-pro-delux-sisac\/","title":{"rendered":"WAHL Home Pro Delux, \u0161i\u0161a\u010d"},"content":{"rendered":"<p>Istaknite se s povjerenjem uz <span style=\"font-weight: bold\">Deluxe Home Pro ma\u0161inicu za \u0161i\u0161anje<\/span>, koja pru\u017ea profesionalno \u0161i\u0161anje u udobnosti vlastitog doma. Ova visokokvalitetna ma\u0161inica za \u0161i\u0161anje opremljena je precizno nao\u0161trenom o\u0161tricom od karbonskog \u010delika koja pru\u017ea neusporedivu preciznost i dugotrajnost koristiti bez kompromisa.<\/p>\n<p><span style=\"font-weight: bold\">Glavne zna\u010dajke:<\/span><br \/>\n&#8211; Precizno nao\u0161trena o\u0161trica od uglji\u010dnog \u010delika: Deluxe Home Pro stroj za \u0161i\u0161anje dizajniran je s visokokvalitetnim o\u0161tricama od uglji\u010dnog \u010delika kako bi se osiguralo precizno i \u200b\u200bravnomjerno \u0161i\u0161anje.<br \/>\n&#8211; Ergonomski dizajn: udoban i ergonomski dizajn \u0161kare omogu\u0107uje jednostavno kori\u0161tenje i izvrsnu kontrolu tijekom \u0161i\u0161anja.<br \/>\n&#8211; Podesiva duljina \u0161i\u0161anja: jednostavnim pokretom ru\u010dke palcem mo\u017eete podesiti \u017eeljenu duljinu \u0161i\u0161anja, \u0161to omogu\u0107uje ve\u0107u fleksibilnost i preciznost u oblikovanju.<br \/>\n&#8211; Razli\u010dite duljine \u0161i\u0161anja: \u010de\u0161ljevi za nastavke uklju\u010deni su u komplet, omogu\u0107uju\u0107i razli\u010ditim duljinama \u0161i\u0161anja da se savr\u0161eno prilagode va\u0161em osobnom stilu.<br \/>\n&#8211; Dodani mini trimer: Ovaj komplet tako\u0111er uklju\u010duje mini trimer koji je idealan za precizno oblikovanje brade, brkova i obrva te omogu\u0107uje potpuno podrezivanje.<\/p>\n<p>Bez obzira jeste li po\u010detnik ili iskusan korisnik, Deluxe Home Pro aparat za \u0161i\u0161anje kose omogu\u0107uje vam postizanje profesionalnih rezultata \u0161i\u0161anja u udobnosti vlastitog doma.<\/p>\n<p><span style=\"font-weight: bold\">Tehni\u010dki detalji:<\/span><br \/>\n&#8211; 8 glava za vo\u0111enje (3, 6, 10, 13, 16, 19, 22 i 25 mm)<br \/>\n&#8211; Duljina reza: 1 &#8211; 3 mm<br \/>\n&#8211; \u0160irina rezanja: 45 mm<br \/>\n&#8211; Te\u017eina: 460 g<br \/>\n&#8211; Jamstvo: 2 godine<\/p>\n","protected":false},"excerpt":{"rendered":"<p>Ergonomski dizajn za jednostavno rezanje<br \/>\nJednostavnim pomicanjem ru\u010dke palcem mo\u017eete postaviti \u017eeljenu duljinu rezanja<br \/>\n\u010ce\u0161ljevi za nastavke omogu\u0107uju razli\u010dite duljine \u0161i\u0161anja<\/p>\n","protected":false},"featured_media":0,"template":"","meta":{"_seopress_robots_primary_cat":"","_seopress_titles_title":"","_seopress_titles_desc":"","_seopress_robots_index":"","iawp_total_views":0},"product_brand":[159],"product_cat":[192,279],"product_tag":[],"class_list":{"0":"post-41517","1":"product","2":"type-product","3":"status-publish","5":"product_brand-wahl","6":"product_cat-aparati-za-osobnu-njegu","7":"product_cat-brijanje-i-sisanje-192","9":"first","10":"outofstock","11":"shipping-taxable","12":"purchasable","13":"product-type-simple"},"_links":{"self":[{"href":"https:\/\/singuli.wpress.me\/index.php\/wp-json\/wp\/v2\/product\/41517","targetHints":{"allow":["GET"]}}],"collection":[{"href":"https:\/\/singuli.wpress.me\/index.php\/wp-json\/wp\/v2\/product"}],"about":[{"href":"https:\/\/singuli.wpress.me\/index.php\/wp-json\/wp\/v2\/types\/product"}],"version-history":[{"count":0,"href":"https:\/\/singuli.wpress.me\/index.php\/wp-json\/wp\/v2\/product\/41517\/revisions"}],"wp:attachment":[{"href":"https:\/\/singuli.wpress.me\/index.php\/wp-json\/wp\/v2\/media?parent=41517"}],"wp:term":[{"taxonomy":"product_brand","embeddable":true,"href":"https:\/\/singuli.wpress.me\/index.php\/wp-json\/wp\/v2\/product_brand?post=41517"},{"taxonomy":"product_cat","embeddable":true,"href":"https:\/\/singuli.wpress.me\/index.php\/wp-json\/wp\/v2\/product_cat?post=41517"},{"taxonomy":"product_tag","embeddable":true,"href":"https:\/\/singuli.wpress.me\/index.php\/wp-json\/wp\/v2\/product_tag?post=41517"}],"curies":[{"name":"wp","href":"https:\/\/api.w.org\/{rel}","templated":true}]}}