{"id":41520,"date":"2026-04-19T15:22:11","date_gmt":"2026-04-19T15:22:11","guid":{"rendered":"https:\/\/singuli.wpress.me\/index.php\/proizvod\/gillette-2-jednokratne-britvice-5-kom\/"},"modified":"2026-04-21T00:27:10","modified_gmt":"2026-04-21T00:27:10","slug":"gillette-2-jednokratne-britvice-5-kom","status":"publish","type":"product","link":"https:\/\/singuli.wpress.me\/index.php\/proizvod\/gillette-2-jednokratne-britvice-5-kom\/","title":{"rendered":"GILLETTE 2, jednokratne britvice, 5\u00a0kom"},"content":{"rendered":"<p>Jednokratni brija\u010d za mu\u0161karce Gillette2 ima fiksnu glavu s dvostrukim o\u0161tricama s platinastim premazom.<\/p>\n","protected":false},"excerpt":{"rendered":"<p>Dvostruka o\u0161trica s platinastim premazom<br \/>\nAparat za brijanje s dvostrukom o\u0161tricom i fiksnom glavom<br \/>\nPlasti\u010dna dr\u0161ka s pravom metalnom glavom i rubom<\/p>\n","protected":false},"featured_media":0,"template":"","meta":{"_seopress_robots_primary_cat":"","_seopress_titles_title":"","_seopress_titles_desc":"","_seopress_robots_index":"","iawp_total_views":0},"product_brand":[323],"product_cat":[266,265,160],"product_tag":[],"class_list":{"0":"post-41520","1":"product","2":"type-product","3":"status-publish","5":"product_brand-gillette","6":"product_cat-aparati-za-kuhanje-265","7":"product_cat-kuhinjski-aparati-160","8":"product_cat-mali-kucanski-aparati","10":"first","11":"instock","12":"shipping-taxable","13":"purchasable","14":"product-type-simple"},"_links":{"self":[{"href":"https:\/\/singuli.wpress.me\/index.php\/wp-json\/wp\/v2\/product\/41520","targetHints":{"allow":["GET"]}}],"collection":[{"href":"https:\/\/singuli.wpress.me\/index.php\/wp-json\/wp\/v2\/product"}],"about":[{"href":"https:\/\/singuli.wpress.me\/index.php\/wp-json\/wp\/v2\/types\/product"}],"version-history":[{"count":0,"href":"https:\/\/singuli.wpress.me\/index.php\/wp-json\/wp\/v2\/product\/41520\/revisions"}],"wp:attachment":[{"href":"https:\/\/singuli.wpress.me\/index.php\/wp-json\/wp\/v2\/media?parent=41520"}],"wp:term":[{"taxonomy":"product_brand","embeddable":true,"href":"https:\/\/singuli.wpress.me\/index.php\/wp-json\/wp\/v2\/product_brand?post=41520"},{"taxonomy":"product_cat","embeddable":true,"href":"https:\/\/singuli.wpress.me\/index.php\/wp-json\/wp\/v2\/product_cat?post=41520"},{"taxonomy":"product_tag","embeddable":true,"href":"https:\/\/singuli.wpress.me\/index.php\/wp-json\/wp\/v2\/product_tag?post=41520"}],"curies":[{"name":"wp","href":"https:\/\/api.w.org\/{rel}","templated":true}]}}