{"id":41527,"date":"2026-04-19T15:22:13","date_gmt":"2026-04-19T15:22:13","guid":{"rendered":"https:\/\/singuli.wpress.me\/index.php\/proizvod\/sdf-motorno-ulje-premium-mo-10w40-209-l\/"},"modified":"2026-04-20T12:33:38","modified_gmt":"2026-04-20T12:33:38","slug":"sdf-motorno-ulje-premium-mo-10w40-209-l","status":"publish","type":"product","link":"https:\/\/singuli.wpress.me\/index.php\/proizvod\/sdf-motorno-ulje-premium-mo-10w40-209-l\/","title":{"rendered":"SDF, motorno ulje,  PREMIUM MO 10W40, 209\u00a0l"},"content":{"rendered":"<p>Motorno ulje sinteti\u010dke osnove namijenjeno za te\u0161ko optere\u0107ene dizel motore. Odlikuje ga Low-SAPS tehnologija aditiva za pove\u0107anu kompatibilnost s najnovijim kontrolnim sustavima ispu\u0161nih plinova dok istodobno pridonosi energetskoj u\u0161tedi.Idealno za uporabu u poljoprivrednoj mehanizaciji koja je \u010desto izlo\u017eena stop-start uvjetima, izvanredno \u0161titi od stvaranja taloga i pru\u017ea za\u0161titu od habanja opreme koja je pod visokim optere\u0107enjem pri malim brzinama. <\/p>\n<p>Specifikacije i odobrenja: API CJ-4, CI-4+, CI-4, CH-4, CG-4, CF-4, CF, ACEA E9 i E7, Deutz DQC III-10 LA<\/p>\n","protected":false},"excerpt":{"rendered":"<p>Motorno ulje sinteti\u010dke osnove namijenjeno za te\u0161ko optere\u0107ene dizel motore. Odlikuje ga Low-SAPS (niski sadr\u017eaj pepela) tehnologija aditiva za pove\u0107anu kompatibilnost s najnovijim kontrolnim sustavima ispu\u0161nih plinova<br \/>\nIdealno za uporabu u poljoprivrednoj mehanizaciji koja je \u010desto izlo\u017eena stop-start uvjetima<br \/>\nIzvanredno \u0161titi od stvaranja taloga i pru\u017ea za\u0161titu od habanja opreme koja je pod visokim optere\u0107enjem pri malim brzinama<\/p>\n","protected":false},"featured_media":0,"template":"","meta":{"_seopress_robots_primary_cat":"","_seopress_titles_title":"","_seopress_titles_desc":"","_seopress_robots_index":"","iawp_total_views":0},"product_brand":[816],"product_cat":[243,276],"product_tag":[],"class_list":{"0":"post-41527","1":"product","2":"type-product","3":"status-publish","5":"product_brand-sdf","6":"product_cat-automobili-i-motori","7":"product_cat-industrijska-i-specijalna-ulja-243","9":"first","10":"outofstock","11":"shipping-taxable","12":"purchasable","13":"product-type-simple"},"_links":{"self":[{"href":"https:\/\/singuli.wpress.me\/index.php\/wp-json\/wp\/v2\/product\/41527","targetHints":{"allow":["GET"]}}],"collection":[{"href":"https:\/\/singuli.wpress.me\/index.php\/wp-json\/wp\/v2\/product"}],"about":[{"href":"https:\/\/singuli.wpress.me\/index.php\/wp-json\/wp\/v2\/types\/product"}],"version-history":[{"count":0,"href":"https:\/\/singuli.wpress.me\/index.php\/wp-json\/wp\/v2\/product\/41527\/revisions"}],"wp:attachment":[{"href":"https:\/\/singuli.wpress.me\/index.php\/wp-json\/wp\/v2\/media?parent=41527"}],"wp:term":[{"taxonomy":"product_brand","embeddable":true,"href":"https:\/\/singuli.wpress.me\/index.php\/wp-json\/wp\/v2\/product_brand?post=41527"},{"taxonomy":"product_cat","embeddable":true,"href":"https:\/\/singuli.wpress.me\/index.php\/wp-json\/wp\/v2\/product_cat?post=41527"},{"taxonomy":"product_tag","embeddable":true,"href":"https:\/\/singuli.wpress.me\/index.php\/wp-json\/wp\/v2\/product_tag?post=41527"}],"curies":[{"name":"wp","href":"https:\/\/api.w.org\/{rel}","templated":true}]}}