{"id":41529,"date":"2026-04-19T15:22:14","date_gmt":"2026-04-19T15:22:14","guid":{"rendered":"https:\/\/singuli.wpress.me\/index.php\/proizvod\/duck-fresh-discs-first-kiss-flowers-gel-za-ciscenje-wc-skoljke-baza-i-punjenje-36-ml\/"},"modified":"2026-04-20T12:33:38","modified_gmt":"2026-04-20T12:33:38","slug":"duck-fresh-discs-first-kiss-flowers-gel-za-ciscenje-wc-skoljke-baza-i-punjenje-36-ml","status":"publish","type":"product","link":"https:\/\/singuli.wpress.me\/index.php\/proizvod\/duck-fresh-discs-first-kiss-flowers-gel-za-ciscenje-wc-skoljke-baza-i-punjenje-36-ml\/","title":{"rendered":"DUCK  Fresh Discs First Kiss Flowers, gel za \u010di\u0161\u0107enje WC \u0161koljke, baza i punjenje, 36\u00a0ml"},"content":{"rendered":"<p>Duck\u00ae Fresh Discs gel savr\u0161eno prijanja uz WC \u0161koljku. <\/p>\n<p>Traje do 7,5 tjedana. <\/p>\n<p>Pakiranje sadr\u017ei bazu i 6 gel diskova. <\/p>\n<p>Blister napravljen od 50% plastike prikupljene na kopnu kako bi se sprije\u010dilo one\u010di\u0161\u0107enje oceana, u zemljama s velikim koli\u010dinama plasti\u010dnog otpada u suradnji s Plastic Bank\u00ae. <\/p>\n<p>Prizovite prolje\u0107e uz miris Duck\u00ae limited edition miris First Kiss Flowers.<\/p>\n<p>Upute za uporabu:<\/p>\n<p>*Pobrinite se da je WC \u0161koljka \u010dista.<br \/>\n1. Poravnajte izbo\u010dinu na punjenju (gumb) s rupama na aplikatoru. Skinite \u010dep i sa\u010duvajte ga.<br \/>\n2. Pozicionirajte proziran kraj aplikatora okomito na unutarnju stijenku WC \u0161koljke, blizu ruba,<br \/>\ngdje ga mlaz vode mo\u017ee aktivirati. 3. Pritisnite gumb prema stijenci WC \u0161koljke sve dok ne<br \/>\npresko\u010di u sljede\u0107u rupu. Ne okre\u0107ite aplikator. Povucite aplikator natrag nakon \u0161to ste otisnuli<br \/>\ndisk na stijenku. Dobro za\u010depite proizvod nakon uporabe. Pustite vodu kako bi se disk aktivirao.<br \/>\nNakon aplikacije proizvod mo\u017ee biti zanimljiv maloj djeci. Aplicirajte ga na mjesto koje je djeci najmanje vidljivo. Pogodno i za septi\u010dke jame.<\/p>\n","protected":false},"excerpt":{"rendered":"<p>Bez nehigijenskih ko\u0161arica<br \/>\nPakiranje sadr\u017ei bazu i 6 gel diskova<br \/>\nTraje do 7.5 tjedana<\/p>\n","protected":false},"featured_media":0,"template":"","meta":{"_seopress_robots_primary_cat":"","_seopress_titles_title":"","_seopress_titles_desc":"","_seopress_robots_index":"","iawp_total_views":0},"product_brand":[410],"product_cat":[284,238],"product_tag":[],"class_list":{"0":"post-41529","1":"product","2":"type-product","3":"status-publish","5":"product_brand-duck","6":"product_cat-sredstva-za-ciscenje-238","7":"product_cat-sve-za-dom","9":"first","10":"outofstock","11":"shipping-taxable","12":"purchasable","13":"product-type-simple"},"_links":{"self":[{"href":"https:\/\/singuli.wpress.me\/index.php\/wp-json\/wp\/v2\/product\/41529","targetHints":{"allow":["GET"]}}],"collection":[{"href":"https:\/\/singuli.wpress.me\/index.php\/wp-json\/wp\/v2\/product"}],"about":[{"href":"https:\/\/singuli.wpress.me\/index.php\/wp-json\/wp\/v2\/types\/product"}],"version-history":[{"count":0,"href":"https:\/\/singuli.wpress.me\/index.php\/wp-json\/wp\/v2\/product\/41529\/revisions"}],"wp:attachment":[{"href":"https:\/\/singuli.wpress.me\/index.php\/wp-json\/wp\/v2\/media?parent=41529"}],"wp:term":[{"taxonomy":"product_brand","embeddable":true,"href":"https:\/\/singuli.wpress.me\/index.php\/wp-json\/wp\/v2\/product_brand?post=41529"},{"taxonomy":"product_cat","embeddable":true,"href":"https:\/\/singuli.wpress.me\/index.php\/wp-json\/wp\/v2\/product_cat?post=41529"},{"taxonomy":"product_tag","embeddable":true,"href":"https:\/\/singuli.wpress.me\/index.php\/wp-json\/wp\/v2\/product_tag?post=41529"}],"curies":[{"name":"wp","href":"https:\/\/api.w.org\/{rel}","templated":true}]}}