{"id":41537,"date":"2026-04-19T15:22:17","date_gmt":"2026-04-19T15:22:17","guid":{"rendered":"https:\/\/singuli.wpress.me\/index.php\/proizvod\/braun-silkepil-5-5-620-epilator\/"},"modified":"2026-04-21T00:27:10","modified_gmt":"2026-04-21T00:27:10","slug":"braun-silkepil-5-5-620-epilator","status":"publish","type":"product","link":"https:\/\/singuli.wpress.me\/index.php\/proizvod\/braun-silkepil-5-5-620-epilator\/","title":{"rendered":"BRAUN SilkEpil 5 5-620, epilator"},"content":{"rendered":"<p>Epilator Braun Silk-\u00e9pil 5-620 epilator s glavom za brijanje za nje\u017eno uklanjanje dla\u010dica<\/p>\n<p>NJE\u017dNOST: \u017denski epilator, savr\u0161en za po\u010detnike, pru\u017ea do 100% nje\u017eno uklanjanje dla\u010dica u samo jednom potezu.<br \/>\nPRECIZNOST: Tehnologija pinceta Micro-Grip (28 pinceta) za uklanjanje dla\u010dica ne du\u017eih od zrnca pijeska.<br \/>\nGLATKA KO\u017dA: brijanje, podrezivanje i epilacija za dugotrajno glatku ko\u017eu.<br \/>\nMANJE BOLNOSTI: visokofrekventni nastavak za masa\u017eu s pulsiranjem aktivnih vibracija za smanjenje osje\u0107aja boli.<br \/>\nU\u010cINKOVITOST: prilago\u0111ava se svim konturama za u\u010dinkovitu epilaciju, \u010dak i na te\u0161kim podru\u010djima poput koljena i pazuha.<\/p>\n<p>Sadr\u017eaj kutije:<br \/>\n1 x epilator<br \/>\n1 x glava za brijanje<br \/>\n1 x glava za podrezivanje<br \/>\n1 x torba<br \/>\n1 x \u010detka za \u010di\u0161\u0107enje<br \/>\n1x punja\u010d<\/p>\n<p>Posebno nje\u017ena epilacija<br \/>\nSilk-\u00e9pil 5 nudi postavku za nje\u017eno uklanjanje dla\u010dica. Budu\u0107i da epilator ima protukliznu dr\u0161ku, mo\u017eete ga koristiti tijekom kupanja ili tu\u0161iranja. Ako ga \u010desto koristite s vodom, epilacija postaje prakti\u010dki bezbolna, \u0161to je idealno za \u017eene koje se tek navikavaju na epilaciju.<\/p>\n<p>Epilacija u jednom potezu<br \/>\nRije\u0161ite se dla\u010dica br\u017ee i du\u017ee. Uz 28 \u0161irih, du\u017eih i dubljih pinceta, tehnologija Micro-Grip pove\u0107ava \u0161anse za hvatanje dla\u010dica jednim potezom.<\/p>\n<p>Glatko klizanje<br \/>\nKoristite epilator s gelom ili pjenom za brijanje tako da glatko klizi po va\u0161oj ko\u017ei. Epilacija u toploj vodi opu\u0161ta ko\u017eu i pru\u017ea vam jo\u0161 nje\u017enije iskustvo.<\/p>\n<p>Nema vi\u0161e dana izme\u0111u<br \/>\nNikada vi\u0161e ne\u0107ete morati \u010dekati da vam dla\u010dice izrastu dovoljno za depilaciju. Micro-Grip tehnologija tako\u0111er uklanja dla\u010dice koje vosak ne mo\u017ee.<\/p>\n<p>Glatki pazusi<br \/>\nObuci svoju omiljenu majicu bez rukava s povjerenjem jer su ti pazusi meki i glatki. Za posebno osjetljiva podru\u010dja preporu\u010damo kori\u0161tenje glave za brijanje koja je uklju\u010dena u set.<\/p>\n<p>Dodatak za visokofrekventnu masa\u017eu<br \/>\nSilk-\u00e9pil 5 opremljen je nastavkom za masa\u017eu za ugodniju i nje\u017eniju epilaciju.<\/p>\n<p>Brijanje i podrezivanje<br \/>\nS glavom za brijanje epilator se pretvara u potpuno funkcionalan aparat za brijanje, no ako vi\u0161e volite podrezivati \u200b\u200bdla\u010dice, mo\u017eete koristiti nastavak za podrezivanje.<\/p>\n<p>Mokra i suha upotreba<br \/>\n100% vodootporan, pogodan za kori\u0161tenje u kadi ili pod tu\u0161em. \u010cestim kori\u0161tenjem u vodi, epilacija postaje prakti\u010dki bezbolna.<\/p>\n<p>2 postavke brzine<br \/>\nEpilator ima dvije postavke brzine: brzina 1 za posebno nje\u017enu epilaciju i brzina 2 za posebno u\u010dinkovitu epilaciju.<\/p>\n<p>Tehni\u010dke specifikacije:<br \/>\n&#8211; Broj pinceta: 28<br \/>\n&#8211; Mokra i suha uporaba<br \/>\n&#8211; Glava za brijanje i podrezivanje<br \/>\n&#8211; Vrijeme kori\u0161tenja: 30 minuta<br \/>\n&#8211; Vrijeme punjenja: 1 sat<br \/>\n&#8211; 2 brzine<\/p>\n","protected":false},"excerpt":{"rendered":"<p>\u017denski epilator, savr\u0161en za po\u010detnike, pru\u017ea do 100% nje\u017eno uklanjanje dla\u010dica u samo jednom potezu<br \/>\nTehnologija pinceta Micro-Grip (28 pinceta) za uklanjanje dla\u010dica ne du\u017eih od zrnca pijeska<br \/>\nPrilago\u0111ava se svim konturama za u\u010dinkovitu epilaciju, \u010dak i na te\u0161kim podru\u010djima poput koljena i pazuha<\/p>\n","protected":false},"featured_media":0,"template":"","meta":{"_seopress_robots_primary_cat":"","_seopress_titles_title":"","_seopress_titles_desc":"","_seopress_robots_index":"","iawp_total_views":0},"product_brand":[144],"product_cat":[192,282,281],"product_tag":[],"class_list":{"0":"post-41537","1":"product","2":"type-product","3":"status-publish","5":"product_brand-braun","6":"product_cat-aparati-za-osobnu-njegu","7":"product_cat-aparati-za-zene-281","8":"product_cat-epilatori-i-ipl-192","10":"first","11":"outofstock","12":"shipping-taxable","13":"purchasable","14":"product-type-simple"},"_links":{"self":[{"href":"https:\/\/singuli.wpress.me\/index.php\/wp-json\/wp\/v2\/product\/41537","targetHints":{"allow":["GET"]}}],"collection":[{"href":"https:\/\/singuli.wpress.me\/index.php\/wp-json\/wp\/v2\/product"}],"about":[{"href":"https:\/\/singuli.wpress.me\/index.php\/wp-json\/wp\/v2\/types\/product"}],"version-history":[{"count":0,"href":"https:\/\/singuli.wpress.me\/index.php\/wp-json\/wp\/v2\/product\/41537\/revisions"}],"wp:attachment":[{"href":"https:\/\/singuli.wpress.me\/index.php\/wp-json\/wp\/v2\/media?parent=41537"}],"wp:term":[{"taxonomy":"product_brand","embeddable":true,"href":"https:\/\/singuli.wpress.me\/index.php\/wp-json\/wp\/v2\/product_brand?post=41537"},{"taxonomy":"product_cat","embeddable":true,"href":"https:\/\/singuli.wpress.me\/index.php\/wp-json\/wp\/v2\/product_cat?post=41537"},{"taxonomy":"product_tag","embeddable":true,"href":"https:\/\/singuli.wpress.me\/index.php\/wp-json\/wp\/v2\/product_tag?post=41537"}],"curies":[{"name":"wp","href":"https:\/\/api.w.org\/{rel}","templated":true}]}}