{"id":41541,"date":"2026-04-19T15:22:18","date_gmt":"2026-04-19T15:22:18","guid":{"rendered":"https:\/\/singuli.wpress.me\/index.php\/proizvod\/wahl-lithium-ion-vario-trimer\/"},"modified":"2026-04-20T12:33:38","modified_gmt":"2026-04-20T12:33:38","slug":"wahl-lithium-ion-vario-trimer","status":"publish","type":"product","link":"https:\/\/singuli.wpress.me\/index.php\/proizvod\/wahl-lithium-ion-vario-trimer\/","title":{"rendered":"WAHL Lithium Ion vario, trimer"},"content":{"rendered":"<p>&#8211; Lithium-Ion\u2122 Vario podesivi trimer Lithium Ion<br \/>\n&#8211; Precizno ispolirani set \u010deli\u010dnih o\u0161trica s visokim udjelom ugljika<\/p>\n","protected":false},"excerpt":{"rendered":"<p>1-minutno brzo punjenje za 3 minute rada<br \/>\nDvostruko sna\u017eniji od NiMH baterija<br \/>\nPodesivost: uz pomo\u0107 ugra\u0111enog podesivog \u010de\u0161lji\u0107a mogu\u0107e je podrezivanje\/\u0161i\u0161anje na 2, 5, 8, 12, 16, 20 i 24 mm<\/p>\n","protected":false},"featured_media":0,"template":"","meta":{"_seopress_robots_primary_cat":"","_seopress_titles_title":"","_seopress_titles_desc":"","_seopress_robots_index":"","iawp_total_views":0},"product_brand":[159],"product_cat":[280,192,279],"product_tag":[],"class_list":{"0":"post-41541","1":"product","2":"type-product","3":"status-publish","5":"product_brand-wahl","6":"product_cat-aparati-za-muskarce-279","7":"product_cat-aparati-za-osobnu-njegu","8":"product_cat-brijanje-i-sisanje-192","10":"first","11":"outofstock","12":"shipping-taxable","13":"purchasable","14":"product-type-simple"},"_links":{"self":[{"href":"https:\/\/singuli.wpress.me\/index.php\/wp-json\/wp\/v2\/product\/41541","targetHints":{"allow":["GET"]}}],"collection":[{"href":"https:\/\/singuli.wpress.me\/index.php\/wp-json\/wp\/v2\/product"}],"about":[{"href":"https:\/\/singuli.wpress.me\/index.php\/wp-json\/wp\/v2\/types\/product"}],"version-history":[{"count":0,"href":"https:\/\/singuli.wpress.me\/index.php\/wp-json\/wp\/v2\/product\/41541\/revisions"}],"wp:attachment":[{"href":"https:\/\/singuli.wpress.me\/index.php\/wp-json\/wp\/v2\/media?parent=41541"}],"wp:term":[{"taxonomy":"product_brand","embeddable":true,"href":"https:\/\/singuli.wpress.me\/index.php\/wp-json\/wp\/v2\/product_brand?post=41541"},{"taxonomy":"product_cat","embeddable":true,"href":"https:\/\/singuli.wpress.me\/index.php\/wp-json\/wp\/v2\/product_cat?post=41541"},{"taxonomy":"product_tag","embeddable":true,"href":"https:\/\/singuli.wpress.me\/index.php\/wp-json\/wp\/v2\/product_tag?post=41541"}],"curies":[{"name":"wp","href":"https:\/\/api.w.org\/{rel}","templated":true}]}}