{"id":41546,"date":"2026-04-19T15:22:21","date_gmt":"2026-04-19T15:22:21","guid":{"rendered":"https:\/\/singuli.wpress.me\/index.php\/proizvod\/raid-sprej-protiv-muha-i-komaraca-miris-eukaliptusa-400-ml-2\/"},"modified":"2026-04-20T12:33:38","modified_gmt":"2026-04-20T12:33:38","slug":"raid-sprej-protiv-muha-i-komaraca-miris-eukaliptusa-400-ml-2","status":"publish","type":"product","link":"https:\/\/singuli.wpress.me\/index.php\/proizvod\/raid-sprej-protiv-muha-i-komaraca-miris-eukaliptusa-400-ml-2\/","title":{"rendered":"RAID, sprej, protiv muha i komaraca, miris eukaliptusa, 400\u00a0ml"},"content":{"rendered":"<p>Raid\u00ae Sprej protiv muha i komaraca s mirisom eukaliptusa, zahvaljuju\u0107i svojoj formuli, brzo ubija lete\u0107e insekte te pru\u017ea dugotrajnu za\u0161titu od muha i komaraca za vas i va\u0161u obitelj.<\/p>\n<p><span style=\"font-weight: bold\">Upute za uporabu:<\/span> Protresite prije uporabe. Odmaknite otvor proizvoda od lica i pritisnite gumb, dr\u017ee\u0107i bocu pri tome \u0161to uspravnije. S RAID-om nema potrebe direktno raspr\u0161ivati na lete\u0107i insekt, budu\u0107i da \u0107e sprej koji je u zraku uni\u0161titi sve insekte. Zatvorite sve prozore i vrata. Za prosje\u010dno veliku sobu (30m\u00b2 ), raspr\u0161ujte polaganim pokretom 8 do 10 sekundi po\u010dev\u0161i od sredine sobe, usmjeravaju\u0107i sprejanje prema svim dijelovima. Koristite proizvod 1 metar dalje od unutarnjih zidova, tkanine i namje\u0161taja. Ne zadr\u017eavajte se u prostorijama u kojima ste primijenili proizvod. Dr\u017eite prostoriju zatvorenu na 15 minuta. Dobro prozra\u010dite sobu prije ponovnog prebivanja u njoj. Za brzo djelovanje raspr\u0161ite direktno na insekte.<\/p>\n","protected":false},"excerpt":{"rendered":"<p>Protiv muha i komaraca<br \/>\nS uljem eukaliptusa<br \/>\nDugotrajna za\u0161tita<\/p>\n","protected":false},"featured_media":0,"template":"","meta":{"_seopress_robots_primary_cat":"","_seopress_titles_title":"","_seopress_titles_desc":"","_seopress_robots_index":"","iawp_total_views":0},"product_brand":[457],"product_cat":[268,300],"product_tag":[],"class_list":{"0":"post-41546","1":"product","2":"type-product","3":"status-publish","5":"product_brand-raid","6":"product_cat-kozmetika-2","7":"product_cat-njega-kose-268","9":"first","10":"outofstock","11":"shipping-taxable","12":"purchasable","13":"product-type-simple"},"_links":{"self":[{"href":"https:\/\/singuli.wpress.me\/index.php\/wp-json\/wp\/v2\/product\/41546","targetHints":{"allow":["GET"]}}],"collection":[{"href":"https:\/\/singuli.wpress.me\/index.php\/wp-json\/wp\/v2\/product"}],"about":[{"href":"https:\/\/singuli.wpress.me\/index.php\/wp-json\/wp\/v2\/types\/product"}],"version-history":[{"count":0,"href":"https:\/\/singuli.wpress.me\/index.php\/wp-json\/wp\/v2\/product\/41546\/revisions"}],"wp:attachment":[{"href":"https:\/\/singuli.wpress.me\/index.php\/wp-json\/wp\/v2\/media?parent=41546"}],"wp:term":[{"taxonomy":"product_brand","embeddable":true,"href":"https:\/\/singuli.wpress.me\/index.php\/wp-json\/wp\/v2\/product_brand?post=41546"},{"taxonomy":"product_cat","embeddable":true,"href":"https:\/\/singuli.wpress.me\/index.php\/wp-json\/wp\/v2\/product_cat?post=41546"},{"taxonomy":"product_tag","embeddable":true,"href":"https:\/\/singuli.wpress.me\/index.php\/wp-json\/wp\/v2\/product_tag?post=41546"}],"curies":[{"name":"wp","href":"https:\/\/api.w.org\/{rel}","templated":true}]}}