{"id":41549,"date":"2026-04-19T15:22:22","date_gmt":"2026-04-19T15:22:22","guid":{"rendered":"https:\/\/singuli.wpress.me\/index.php\/proizvod\/autan-gel-poslije-uboda-insekata-25-ml\/"},"modified":"2026-04-20T12:33:38","modified_gmt":"2026-04-20T12:33:38","slug":"autan-gel-poslije-uboda-insekata-25-ml","status":"publish","type":"product","link":"https:\/\/singuli.wpress.me\/index.php\/proizvod\/autan-gel-poslije-uboda-insekata-25-ml\/","title":{"rendered":"AUTAN, gel, poslije uboda insekata, 25\u00a0ml"},"content":{"rendered":"<p>Autan\u00ae Gel poslije uboda insekata pravovremeno nanesen, trenutno ubla\u017eava neugodan osje\u0107aj i posljedice uboda komaraca i obada te hladi ko\u017eu.<\/p>\n<p>Tako\u0111er mo\u017ee se koristiti ukoliko do\u0111e do kontakta ko\u017ee sa koprivom, meduzom i sli\u010dno. <\/p>\n<p>Upute za uporabu: Nanesite sredstvo pomo\u0107u mikropumpice na ko\u017eu.<\/p>\n","protected":false},"excerpt":{"rendered":"<p>Hladi i umiruje mjesto uboda<br \/>\nSadr\u017ei kamilicu i aloe veru<br \/>\nPogodno ukoliko do\u0111e do kontakta ko\u017ee sa koprivom, meduzom i sli\u010dno<\/p>\n","protected":false},"featured_media":0,"template":"","meta":{"_seopress_robots_primary_cat":"","_seopress_titles_title":"","_seopress_titles_desc":"","_seopress_robots_index":"","iawp_total_views":0},"product_brand":[821],"product_cat":[268,278],"product_tag":[],"class_list":{"0":"post-41549","1":"product","2":"type-product","3":"status-publish","5":"product_brand-autan","6":"product_cat-kozmetika-2","7":"product_cat-njega-tijela-268","9":"first","10":"instock","11":"shipping-taxable","12":"purchasable","13":"product-type-simple"},"_links":{"self":[{"href":"https:\/\/singuli.wpress.me\/index.php\/wp-json\/wp\/v2\/product\/41549","targetHints":{"allow":["GET"]}}],"collection":[{"href":"https:\/\/singuli.wpress.me\/index.php\/wp-json\/wp\/v2\/product"}],"about":[{"href":"https:\/\/singuli.wpress.me\/index.php\/wp-json\/wp\/v2\/types\/product"}],"version-history":[{"count":0,"href":"https:\/\/singuli.wpress.me\/index.php\/wp-json\/wp\/v2\/product\/41549\/revisions"}],"wp:attachment":[{"href":"https:\/\/singuli.wpress.me\/index.php\/wp-json\/wp\/v2\/media?parent=41549"}],"wp:term":[{"taxonomy":"product_brand","embeddable":true,"href":"https:\/\/singuli.wpress.me\/index.php\/wp-json\/wp\/v2\/product_brand?post=41549"},{"taxonomy":"product_cat","embeddable":true,"href":"https:\/\/singuli.wpress.me\/index.php\/wp-json\/wp\/v2\/product_cat?post=41549"},{"taxonomy":"product_tag","embeddable":true,"href":"https:\/\/singuli.wpress.me\/index.php\/wp-json\/wp\/v2\/product_tag?post=41549"}],"curies":[{"name":"wp","href":"https:\/\/api.w.org\/{rel}","templated":true}]}}