{"id":41551,"date":"2026-04-19T15:22:23","date_gmt":"2026-04-19T15:22:23","guid":{"rendered":"https:\/\/singuli.wpress.me\/index.php\/proizvod\/premium-antifriz-ll-774-g-conc-20-l\/"},"modified":"2026-04-21T00:27:10","modified_gmt":"2026-04-21T00:27:10","slug":"premium-antifriz-ll-774-g-conc-20-l","status":"publish","type":"product","link":"https:\/\/singuli.wpress.me\/index.php\/proizvod\/premium-antifriz-ll-774-g-conc-20-l\/","title":{"rendered":"PREMIUM, antifriz, LL 774 G conc., 20\u00a0l"},"content":{"rendered":"<p>Visokokvalitetni lobrid (Si-OAT) antifriz <br \/>\ns produ\u017eenim vijekom trajanja na bazi monoetilen glikola (MEG). Temelji se na kombinaciji organske i silikatne tehnologije. Antifriz ne sadr\u017ei nitrite, fosfate, amine (bez NAP) i borate. Prikladno za sve vrste radijatora, od lijevanog \u017eeljeza, aluminija, bakrenih legura ili njihovih kombinacija. Preporu\u010da se za moderne motore gdje je va\u017ena za\u0161tita aluminija na visokim temperaturama. Prilago\u0111en najnovijim tehnolo\u0161kim rje\u0161enjima, ima visoka svojstva prijenosa topline i osigurava stabilnost na visokim i niskim temperaturama. Zna\u010dajno produljuje vijek trajanja.<\/p>\n","protected":false},"excerpt":{"rendered":"<p>Visokokvalitetni lobrid (Si-OAT) antifriz s produ\u017eenim vijekom  trajanja na bazi monoetilen glikola<br \/>\nNe sadr\u017ei nitrite, fosfate, amine (bez NAP) i borate<br \/>\nPreporu\u010da se za moderne motore gdje je va\u017ena za\u0161tita aluminija na visokim temperaturama<\/p>\n","protected":false},"featured_media":0,"template":"","meta":{"_seopress_robots_primary_cat":"","_seopress_titles_title":"","_seopress_titles_desc":"","_seopress_robots_index":"","iawp_total_views":0},"product_brand":[828],"product_cat":[243,315],"product_tag":[],"class_list":{"0":"post-41551","1":"product","2":"type-product","3":"status-publish","5":"product_brand-premium","6":"product_cat-automobili-i-motori","7":"product_cat-rashladne-tekucine-243","9":"first","10":"instock","11":"shipping-taxable","12":"purchasable","13":"product-type-simple"},"_links":{"self":[{"href":"https:\/\/singuli.wpress.me\/index.php\/wp-json\/wp\/v2\/product\/41551","targetHints":{"allow":["GET"]}}],"collection":[{"href":"https:\/\/singuli.wpress.me\/index.php\/wp-json\/wp\/v2\/product"}],"about":[{"href":"https:\/\/singuli.wpress.me\/index.php\/wp-json\/wp\/v2\/types\/product"}],"version-history":[{"count":0,"href":"https:\/\/singuli.wpress.me\/index.php\/wp-json\/wp\/v2\/product\/41551\/revisions"}],"wp:attachment":[{"href":"https:\/\/singuli.wpress.me\/index.php\/wp-json\/wp\/v2\/media?parent=41551"}],"wp:term":[{"taxonomy":"product_brand","embeddable":true,"href":"https:\/\/singuli.wpress.me\/index.php\/wp-json\/wp\/v2\/product_brand?post=41551"},{"taxonomy":"product_cat","embeddable":true,"href":"https:\/\/singuli.wpress.me\/index.php\/wp-json\/wp\/v2\/product_cat?post=41551"},{"taxonomy":"product_tag","embeddable":true,"href":"https:\/\/singuli.wpress.me\/index.php\/wp-json\/wp\/v2\/product_tag?post=41551"}],"curies":[{"name":"wp","href":"https:\/\/api.w.org\/{rel}","templated":true}]}}