{"id":41560,"date":"2026-04-19T15:22:26","date_gmt":"2026-04-19T15:22:26","guid":{"rendered":"https:\/\/singuli.wpress.me\/index.php\/proizvod\/naturella-dnevni-ulosci-plus-camomile-36-kom\/"},"modified":"2026-04-20T12:33:38","modified_gmt":"2026-04-20T12:33:38","slug":"naturella-dnevni-ulosci-plus-camomile-36-kom","status":"publish","type":"product","link":"https:\/\/singuli.wpress.me\/index.php\/proizvod\/naturella-dnevni-ulosci-plus-camomile-36-kom\/","title":{"rendered":"NATURELLA, dnevni ulo\u0161ci, Plus Camomile, 36\u00a0kom"},"content":{"rendered":"<p>Jedinstveni dnevni ulo\u0161ci Naturella Plus pru\u017eaju dodatnu svakodnevnu za\u0161titu i udobnost. <\/p>\n<p>Ne\u0161to su du\u017ei od obi\u010dnih dnevnih ulo\u017eaka, a istovremeno su fleksibilni i tanki kako bi vas ugodno \u0161titili tijekom cijelog dana.<\/p>\n","protected":false},"excerpt":{"rendered":"<p>S mirisom nadahnutim kamilicom<br \/>\nZa cjelodnevnu svje\u017einu<br \/>\nMekani i nje\u017eni prema ko\u017ei intimnih dijelova tijela<\/p>\n","protected":false},"featured_media":0,"template":"","meta":{"_seopress_robots_primary_cat":"","_seopress_titles_title":"","_seopress_titles_desc":"","_seopress_robots_index":"","iawp_total_views":0},"product_brand":[438],"product_cat":[211,288],"product_tag":[],"class_list":{"0":"post-41560","1":"product","2":"type-product","3":"status-publish","5":"product_brand-naturella","6":"product_cat-njega-majke-i-djeteta","7":"product_cat-zenska-higijena-211","9":"first","10":"outofstock","11":"shipping-taxable","12":"purchasable","13":"product-type-simple"},"_links":{"self":[{"href":"https:\/\/singuli.wpress.me\/index.php\/wp-json\/wp\/v2\/product\/41560","targetHints":{"allow":["GET"]}}],"collection":[{"href":"https:\/\/singuli.wpress.me\/index.php\/wp-json\/wp\/v2\/product"}],"about":[{"href":"https:\/\/singuli.wpress.me\/index.php\/wp-json\/wp\/v2\/types\/product"}],"version-history":[{"count":0,"href":"https:\/\/singuli.wpress.me\/index.php\/wp-json\/wp\/v2\/product\/41560\/revisions"}],"wp:attachment":[{"href":"https:\/\/singuli.wpress.me\/index.php\/wp-json\/wp\/v2\/media?parent=41560"}],"wp:term":[{"taxonomy":"product_brand","embeddable":true,"href":"https:\/\/singuli.wpress.me\/index.php\/wp-json\/wp\/v2\/product_brand?post=41560"},{"taxonomy":"product_cat","embeddable":true,"href":"https:\/\/singuli.wpress.me\/index.php\/wp-json\/wp\/v2\/product_cat?post=41560"},{"taxonomy":"product_tag","embeddable":true,"href":"https:\/\/singuli.wpress.me\/index.php\/wp-json\/wp\/v2\/product_tag?post=41560"}],"curies":[{"name":"wp","href":"https:\/\/api.w.org\/{rel}","templated":true}]}}