{"id":41564,"date":"2026-04-19T15:22:29","date_gmt":"2026-04-19T15:22:29","guid":{"rendered":"https:\/\/singuli.wpress.me\/index.php\/proizvod\/pantene-pro-v-perfect-volume-lak-za-kosu-250-ml\/"},"modified":"2026-04-20T12:33:38","modified_gmt":"2026-04-20T12:33:38","slug":"pantene-pro-v-perfect-volume-lak-za-kosu-250-ml","status":"publish","type":"product","link":"https:\/\/singuli.wpress.me\/index.php\/proizvod\/pantene-pro-v-perfect-volume-lak-za-kosu-250-ml\/","title":{"rendered":"PANTENE Pro-V Perfect Volume, lak za kosu, 250\u00a0ml"},"content":{"rendered":"<p>Pantene Pro-V Perfect Volume lak za kosu u\u010dvr\u0161\u0107uje va\u0161u frizuru i daje joj volumen. <\/p>\n<p>Istovremeno \u0161titi va\u0161u kosu od svakodnevnih \u010dimbenika rizika poput vlage i UV zra\u010denja. <\/p>\n<p>Ovaj lak \u0107e vam dati jaku fiksaciju frizure i ujedno ukrotiti kovr\u010davost kose. <\/p>\n<p>Lak za kosu Perfect Volume brenda PANTENE PRO-V pru\u017eit \u0107e va\u0161oj kosi meko\u0107u i osje\u0107aj neljepljivosti.<\/p>\n","protected":false},"excerpt":{"rendered":"<p>Stupanj fiksacije 5 s mekim i neljepljivim osje\u0107ajem<br \/>\nZa lako uvijanje i dugotrajnu frizuru<br \/>\nS uljem jojobe<\/p>\n","protected":false},"featured_media":0,"template":"","meta":{"_seopress_robots_primary_cat":"","_seopress_titles_title":"","_seopress_titles_desc":"","_seopress_robots_index":"","iawp_total_views":0},"product_brand":[411],"product_cat":[268,300],"product_tag":[],"class_list":{"0":"post-41564","1":"product","2":"type-product","3":"status-publish","5":"product_brand-pantene","6":"product_cat-kozmetika-2","7":"product_cat-njega-kose-268","9":"first","10":"instock","11":"shipping-taxable","12":"purchasable","13":"product-type-simple"},"_links":{"self":[{"href":"https:\/\/singuli.wpress.me\/index.php\/wp-json\/wp\/v2\/product\/41564","targetHints":{"allow":["GET"]}}],"collection":[{"href":"https:\/\/singuli.wpress.me\/index.php\/wp-json\/wp\/v2\/product"}],"about":[{"href":"https:\/\/singuli.wpress.me\/index.php\/wp-json\/wp\/v2\/types\/product"}],"version-history":[{"count":0,"href":"https:\/\/singuli.wpress.me\/index.php\/wp-json\/wp\/v2\/product\/41564\/revisions"}],"wp:attachment":[{"href":"https:\/\/singuli.wpress.me\/index.php\/wp-json\/wp\/v2\/media?parent=41564"}],"wp:term":[{"taxonomy":"product_brand","embeddable":true,"href":"https:\/\/singuli.wpress.me\/index.php\/wp-json\/wp\/v2\/product_brand?post=41564"},{"taxonomy":"product_cat","embeddable":true,"href":"https:\/\/singuli.wpress.me\/index.php\/wp-json\/wp\/v2\/product_cat?post=41564"},{"taxonomy":"product_tag","embeddable":true,"href":"https:\/\/singuli.wpress.me\/index.php\/wp-json\/wp\/v2\/product_tag?post=41564"}],"curies":[{"name":"wp","href":"https:\/\/api.w.org\/{rel}","templated":true}]}}