{"id":41567,"date":"2026-04-19T15:22:30","date_gmt":"2026-04-19T15:22:30","guid":{"rendered":"https:\/\/singuli.wpress.me\/index.php\/proizvod\/twistshake-pocetni-pribor-za-jelo-pastel-roza-6m\/"},"modified":"2026-04-20T12:33:38","modified_gmt":"2026-04-20T12:33:38","slug":"twistshake-pocetni-pribor-za-jelo-pastel-roza-6m","status":"publish","type":"product","link":"https:\/\/singuli.wpress.me\/index.php\/proizvod\/twistshake-pocetni-pribor-za-jelo-pastel-roza-6m\/","title":{"rendered":"TWISTSHAKE, po\u010detni pribor za jelo, pastel roza 6+m"},"content":{"rendered":"<p>Twistshake po\u010detni pribor za jelo (\u017elica, vilica i no\u017e) ima kratku ru\u010dku koja se savr\u0161eno uklapa u malene ruke va\u0161eg djeteta. Soft touch obrada je razvijena s anti-kliznim svojstvima, \u0161to osigurava jednakomjerno dr\u017eanje. Svi proizvodi imaju pametan rub na kraju ru\u010dke, tako da pribor ne ostaje u hrani. Mogli bismo re\u0107i da su ovo izvrsni alati za u\u010denje hranjenja. Prikladno je za djecu od 6 mjeseci nadalje.<\/p>\n","protected":false},"excerpt":{"rendered":"<p>Soft touch obrada<br \/>\nJednakomjerno dr\u017eanje<br \/>\nPametan rub na kraju ru\u010dke<\/p>\n","protected":false},"featured_media":0,"template":"","meta":{"_seopress_robots_primary_cat":"","_seopress_titles_title":"","_seopress_titles_desc":"","_seopress_robots_index":"","iawp_total_views":0},"product_brand":[433],"product_cat":[274,238],"product_tag":[],"class_list":{"0":"post-41567","1":"product","2":"type-product","3":"status-publish","5":"product_brand-twistshake","6":"product_cat-kucanski-pribor-238","7":"product_cat-sve-za-dom","9":"first","10":"instock","11":"shipping-taxable","12":"purchasable","13":"product-type-simple"},"_links":{"self":[{"href":"https:\/\/singuli.wpress.me\/index.php\/wp-json\/wp\/v2\/product\/41567","targetHints":{"allow":["GET"]}}],"collection":[{"href":"https:\/\/singuli.wpress.me\/index.php\/wp-json\/wp\/v2\/product"}],"about":[{"href":"https:\/\/singuli.wpress.me\/index.php\/wp-json\/wp\/v2\/types\/product"}],"version-history":[{"count":0,"href":"https:\/\/singuli.wpress.me\/index.php\/wp-json\/wp\/v2\/product\/41567\/revisions"}],"wp:attachment":[{"href":"https:\/\/singuli.wpress.me\/index.php\/wp-json\/wp\/v2\/media?parent=41567"}],"wp:term":[{"taxonomy":"product_brand","embeddable":true,"href":"https:\/\/singuli.wpress.me\/index.php\/wp-json\/wp\/v2\/product_brand?post=41567"},{"taxonomy":"product_cat","embeddable":true,"href":"https:\/\/singuli.wpress.me\/index.php\/wp-json\/wp\/v2\/product_cat?post=41567"},{"taxonomy":"product_tag","embeddable":true,"href":"https:\/\/singuli.wpress.me\/index.php\/wp-json\/wp\/v2\/product_tag?post=41567"}],"curies":[{"name":"wp","href":"https:\/\/api.w.org\/{rel}","templated":true}]}}