{"id":41568,"date":"2026-04-19T15:22:30","date_gmt":"2026-04-19T15:22:30","guid":{"rendered":"https:\/\/singuli.wpress.me\/index.php\/proizvod\/wahl-groomsman-body-trimer-za-tijelo-i-bradu\/"},"modified":"2026-04-20T12:33:38","modified_gmt":"2026-04-20T12:33:38","slug":"wahl-groomsman-body-trimer-za-tijelo-i-bradu","status":"publish","type":"product","link":"https:\/\/singuli.wpress.me\/index.php\/proizvod\/wahl-groomsman-body-trimer-za-tijelo-i-bradu\/","title":{"rendered":"WAHL Groomsman Body, trimer za tijelo i bradu"},"content":{"rendered":"<p>Punjivi trimer za tijelo i bradu. <\/p>\n<p>Precizne o\u0161trice koje se same o\u0161tre za odli\u010dne rezultate. <\/p>\n<p>Nastavak s \u010de\u0161lji\u0107em koji se mo\u017ee podesiti na 6 duljina. <\/p>\n<p>3 individualna \u010de\u0161lji\u0107a za podrezivanje brade.<\/p>\n","protected":false},"excerpt":{"rendered":"<p>Precizne o\u0161trice koje se same o\u0161tre za odli\u010dne rezultate<br \/>\n3 individualna \u010de\u0161lji\u0107a za podrezivanje brade<br \/>\nNastavak s \u010de\u0161lji\u0107em koji se mo\u017ee podesiti na 6 duljina<\/p>\n","protected":false},"featured_media":0,"template":"","meta":{"_seopress_robots_primary_cat":"","_seopress_titles_title":"","_seopress_titles_desc":"","_seopress_robots_index":"","iawp_total_views":0},"product_brand":[159],"product_cat":[280,192,279],"product_tag":[],"class_list":{"0":"post-41568","1":"product","2":"type-product","3":"status-publish","5":"product_brand-wahl","6":"product_cat-aparati-za-muskarce-279","7":"product_cat-aparati-za-osobnu-njegu","8":"product_cat-brijanje-i-sisanje-192","10":"first","11":"outofstock","12":"shipping-taxable","13":"purchasable","14":"product-type-simple"},"_links":{"self":[{"href":"https:\/\/singuli.wpress.me\/index.php\/wp-json\/wp\/v2\/product\/41568","targetHints":{"allow":["GET"]}}],"collection":[{"href":"https:\/\/singuli.wpress.me\/index.php\/wp-json\/wp\/v2\/product"}],"about":[{"href":"https:\/\/singuli.wpress.me\/index.php\/wp-json\/wp\/v2\/types\/product"}],"version-history":[{"count":0,"href":"https:\/\/singuli.wpress.me\/index.php\/wp-json\/wp\/v2\/product\/41568\/revisions"}],"wp:attachment":[{"href":"https:\/\/singuli.wpress.me\/index.php\/wp-json\/wp\/v2\/media?parent=41568"}],"wp:term":[{"taxonomy":"product_brand","embeddable":true,"href":"https:\/\/singuli.wpress.me\/index.php\/wp-json\/wp\/v2\/product_brand?post=41568"},{"taxonomy":"product_cat","embeddable":true,"href":"https:\/\/singuli.wpress.me\/index.php\/wp-json\/wp\/v2\/product_cat?post=41568"},{"taxonomy":"product_tag","embeddable":true,"href":"https:\/\/singuli.wpress.me\/index.php\/wp-json\/wp\/v2\/product_tag?post=41568"}],"curies":[{"name":"wp","href":"https:\/\/api.w.org\/{rel}","templated":true}]}}