{"id":41569,"date":"2026-04-19T15:22:31","date_gmt":"2026-04-19T15:22:31","guid":{"rendered":"https:\/\/singuli.wpress.me\/index.php\/proizvod\/domo-do235sw-cistac-podova\/"},"modified":"2026-04-20T12:33:38","modified_gmt":"2026-04-20T12:33:38","slug":"domo-do235sw-cistac-podova","status":"publish","type":"product","link":"https:\/\/singuli.wpress.me\/index.php\/proizvod\/domo-do235sw-cistac-podova\/","title":{"rendered":"DOMO DO235SW, \u010dista\u010d podova"},"content":{"rendered":"<p>Domo elektri\u010dni \u010dista\u010d podova be\u017ei\u010dni s baterijom 14,4V<\/p>\n","protected":false},"excerpt":{"rendered":"<p>Iznimno pogodan za sve vrste tvrdih podova<br \/>\nFunkcija samo\u010di\u0161\u0107enja za jednostavno \u010di\u0161\u0107enje<br \/>\nUklju\u010duje postolje za jednostavno skladi\u0161tenje<\/p>\n","protected":false},"featured_media":0,"template":"","meta":{"_seopress_robots_primary_cat":"","_seopress_titles_title":"","_seopress_titles_desc":"","_seopress_robots_index":"","iawp_total_views":0},"product_brand":[255],"product_cat":[238],"product_tag":[],"class_list":{"0":"post-41569","1":"product","2":"type-product","3":"status-publish","5":"product_brand-domo","6":"product_cat-sve-za-dom","8":"first","9":"outofstock","10":"shipping-taxable","11":"purchasable","12":"product-type-simple"},"_links":{"self":[{"href":"https:\/\/singuli.wpress.me\/index.php\/wp-json\/wp\/v2\/product\/41569","targetHints":{"allow":["GET"]}}],"collection":[{"href":"https:\/\/singuli.wpress.me\/index.php\/wp-json\/wp\/v2\/product"}],"about":[{"href":"https:\/\/singuli.wpress.me\/index.php\/wp-json\/wp\/v2\/types\/product"}],"version-history":[{"count":0,"href":"https:\/\/singuli.wpress.me\/index.php\/wp-json\/wp\/v2\/product\/41569\/revisions"}],"wp:attachment":[{"href":"https:\/\/singuli.wpress.me\/index.php\/wp-json\/wp\/v2\/media?parent=41569"}],"wp:term":[{"taxonomy":"product_brand","embeddable":true,"href":"https:\/\/singuli.wpress.me\/index.php\/wp-json\/wp\/v2\/product_brand?post=41569"},{"taxonomy":"product_cat","embeddable":true,"href":"https:\/\/singuli.wpress.me\/index.php\/wp-json\/wp\/v2\/product_cat?post=41569"},{"taxonomy":"product_tag","embeddable":true,"href":"https:\/\/singuli.wpress.me\/index.php\/wp-json\/wp\/v2\/product_tag?post=41569"}],"curies":[{"name":"wp","href":"https:\/\/api.w.org\/{rel}","templated":true}]}}