{"id":41570,"date":"2026-04-19T15:22:32","date_gmt":"2026-04-19T15:22:32","guid":{"rendered":"https:\/\/singuli.wpress.me\/index.php\/proizvod\/disney-princeze-kraljevsko-iznenadenje-princeza-color-reveal\/"},"modified":"2026-04-20T12:33:38","modified_gmt":"2026-04-20T12:33:38","slug":"disney-princeze-kraljevsko-iznenadenje-princeza-color-reveal","status":"publish","type":"product","link":"https:\/\/singuli.wpress.me\/index.php\/proizvod\/disney-princeze-kraljevsko-iznenadenje-princeza-color-reveal\/","title":{"rendered":"DISNEY Princeze Kraljevsko iznena\u0111enje, princeza, color reveal"},"content":{"rendered":"<p>Koja Disney princeza \u0107e biti tvoja?<br \/>\nDjeca \u0107e jednostavno obo\u017eavati iskustvo otvaranja ovog artikla koji je inspiriran likovima iz Disney crtanih filmova! <br \/>\nSvaka je lutka misterija dok se ne doda voda koja aktivira tehnologiju Color Reveal\u2122. Djeca \u0107e mo\u0107i unutar tube prona\u0107i 5 dodatnih iznena\u0111enja za ve\u0107u zabavu i kreativnost, a svaka princeza ima jedinstvene dodatke, uklju\u010duju\u0107i suknju za lutku i prsten za dijete koji \u0107e obo\u017eavati nositi!<br \/>\nZapo\u010dnite igru uklanjanjem vanjskog sloja pakiranja, otvaranjem tube i izvla\u010denjem lutke \u010diji je izgled prekriven Color Reveal\u2122 premazom. Napunite tubu toplom vodom, stavite lutku unutra i vrtite ju u krug kako bi otkrili svoju princezu u njezinom autenti\u010dnom izgledu!<br \/>\nZanima li te koju \u0107e\u0161 princezu dobiti? <br \/>\nPogodno za djecu od 3 godine starosti<br \/>\nIgra\u010dka dolazi u vi\u0161e razli\u010ditih modela, a isporuka ovisi o njihovoj trenutnoj raspolo\u017eivosti.  <\/p>\n","protected":false},"excerpt":{"rendered":"<p>\u0160est iznena\u0111enja<br \/>\nMisterij dok se ne doda voda<br \/>\nPogodno za djecu od 3 godine<\/p>\n","protected":false},"featured_media":0,"template":"","meta":{"_seopress_robots_primary_cat":"","_seopress_titles_title":"","_seopress_titles_desc":"","_seopress_robots_index":"","iawp_total_views":0},"product_brand":[522],"product_cat":[221,291],"product_tag":[],"class_list":{"0":"post-41570","1":"product","2":"type-product","3":"status-publish","5":"product_brand-disney","6":"product_cat-igracke","7":"product_cat-igracke-za-djecu-221","9":"first","10":"outofstock","11":"shipping-taxable","12":"purchasable","13":"product-type-simple"},"_links":{"self":[{"href":"https:\/\/singuli.wpress.me\/index.php\/wp-json\/wp\/v2\/product\/41570","targetHints":{"allow":["GET"]}}],"collection":[{"href":"https:\/\/singuli.wpress.me\/index.php\/wp-json\/wp\/v2\/product"}],"about":[{"href":"https:\/\/singuli.wpress.me\/index.php\/wp-json\/wp\/v2\/types\/product"}],"version-history":[{"count":0,"href":"https:\/\/singuli.wpress.me\/index.php\/wp-json\/wp\/v2\/product\/41570\/revisions"}],"wp:attachment":[{"href":"https:\/\/singuli.wpress.me\/index.php\/wp-json\/wp\/v2\/media?parent=41570"}],"wp:term":[{"taxonomy":"product_brand","embeddable":true,"href":"https:\/\/singuli.wpress.me\/index.php\/wp-json\/wp\/v2\/product_brand?post=41570"},{"taxonomy":"product_cat","embeddable":true,"href":"https:\/\/singuli.wpress.me\/index.php\/wp-json\/wp\/v2\/product_cat?post=41570"},{"taxonomy":"product_tag","embeddable":true,"href":"https:\/\/singuli.wpress.me\/index.php\/wp-json\/wp\/v2\/product_tag?post=41570"}],"curies":[{"name":"wp","href":"https:\/\/api.w.org\/{rel}","templated":true}]}}