{"id":41572,"date":"2026-04-19T15:22:33","date_gmt":"2026-04-19T15:22:33","guid":{"rendered":"https:\/\/singuli.wpress.me\/index.php\/proizvod\/ondina-x-420-bijelo-medicinsko-ulje-209-l\/"},"modified":"2026-04-20T12:33:38","modified_gmt":"2026-04-20T12:33:38","slug":"ondina-x-420-bijelo-medicinsko-ulje-209-l","status":"publish","type":"product","link":"https:\/\/singuli.wpress.me\/index.php\/proizvod\/ondina-x-420-bijelo-medicinsko-ulje-209-l\/","title":{"rendered":"ONDINA X 420 , Bijelo medicinsko ulje, 209\u00a0l"},"content":{"rendered":"<p>Shell Ondina X 420 je medicinsko bijelo ulje na temelju Shell Gas-to-Liquid Technology koje je potpuno zasi\u0107eno sa izo-parafinima. Ondina X ulja mogu se koristiti u farmaceutskoj, prehrambenoj, kozmeti\u010dkoj kao i drugim industrijama.Shell Ondina X 420 ispunjava stroge me\u0111unarodne farmakopejske zahtjeve \u010disto\u0107e.<\/p>\n","protected":false},"excerpt":{"rendered":"<p>Ugljikovodi\u010dna teku\u0107ina<br \/>\nTehnologija Gas to Liquid<br \/>\nZasi\u0107eno visokim stupnjem izoparafinskih struktura<\/p>\n","protected":false},"featured_media":0,"template":"","meta":{"_seopress_robots_primary_cat":"","_seopress_titles_title":"","_seopress_titles_desc":"","_seopress_robots_index":"","iawp_total_views":0},"product_brand":[866],"product_cat":[243,276],"product_tag":[],"class_list":{"0":"post-41572","1":"product","2":"type-product","3":"status-publish","5":"product_brand-ondina","6":"product_cat-automobili-i-motori","7":"product_cat-industrijska-i-specijalna-ulja-243","9":"first","10":"outofstock","11":"shipping-taxable","12":"purchasable","13":"product-type-simple"},"_links":{"self":[{"href":"https:\/\/singuli.wpress.me\/index.php\/wp-json\/wp\/v2\/product\/41572","targetHints":{"allow":["GET"]}}],"collection":[{"href":"https:\/\/singuli.wpress.me\/index.php\/wp-json\/wp\/v2\/product"}],"about":[{"href":"https:\/\/singuli.wpress.me\/index.php\/wp-json\/wp\/v2\/types\/product"}],"version-history":[{"count":0,"href":"https:\/\/singuli.wpress.me\/index.php\/wp-json\/wp\/v2\/product\/41572\/revisions"}],"wp:attachment":[{"href":"https:\/\/singuli.wpress.me\/index.php\/wp-json\/wp\/v2\/media?parent=41572"}],"wp:term":[{"taxonomy":"product_brand","embeddable":true,"href":"https:\/\/singuli.wpress.me\/index.php\/wp-json\/wp\/v2\/product_brand?post=41572"},{"taxonomy":"product_cat","embeddable":true,"href":"https:\/\/singuli.wpress.me\/index.php\/wp-json\/wp\/v2\/product_cat?post=41572"},{"taxonomy":"product_tag","embeddable":true,"href":"https:\/\/singuli.wpress.me\/index.php\/wp-json\/wp\/v2\/product_tag?post=41572"}],"curies":[{"name":"wp","href":"https:\/\/api.w.org\/{rel}","templated":true}]}}