{"id":41573,"date":"2026-04-19T15:22:33","date_gmt":"2026-04-19T15:22:33","guid":{"rendered":"https:\/\/singuli.wpress.me\/index.php\/proizvod\/dana-bio-100-sok-jabuka-limun-dumbir-0-75-l\/"},"modified":"2026-04-20T12:33:38","modified_gmt":"2026-04-20T12:33:38","slug":"dana-bio-100-sok-jabuka-limun-dumbir-0-75-l","status":"publish","type":"product","link":"https:\/\/singuli.wpress.me\/index.php\/proizvod\/dana-bio-100-sok-jabuka-limun-dumbir-0-75-l\/","title":{"rendered":"DANA BIO 100%, sok, jabuka, limun, \u0111umbir, 0.75\u00a0l"},"content":{"rendered":"<p>BIO 100 % vo\u0107no pi\u0107e od jabuke i limuna, sa ekstraktom \u0111umbira i mete. Udio vo\u0107a: 100 %.<\/p>\n<p>Otvoreni sok dr\u017eati u hladnjaku i potro\u0161iti u roku od 3 dana.<\/p>\n","protected":false},"excerpt":{"rendered":"<p>BIO 100% sok<br \/>\nProizvo\u0111a\u010da kontrolira: SI-EKO-001.<br \/>\nPasterizirano<\/p>\n","protected":false},"featured_media":0,"template":"","meta":{"_seopress_robots_primary_cat":"","_seopress_titles_title":"","_seopress_titles_desc":"","_seopress_robots_index":"","iawp_total_views":0},"product_brand":[485],"product_cat":[261,262],"product_tag":[],"class_list":{"0":"post-41573","1":"product","2":"type-product","3":"status-publish","5":"product_brand-dana","6":"product_cat-hrana-i-pice","7":"product_cat-sokovi-i-napitci-261","9":"first","10":"outofstock","11":"shipping-taxable","12":"purchasable","13":"product-type-simple"},"_links":{"self":[{"href":"https:\/\/singuli.wpress.me\/index.php\/wp-json\/wp\/v2\/product\/41573","targetHints":{"allow":["GET"]}}],"collection":[{"href":"https:\/\/singuli.wpress.me\/index.php\/wp-json\/wp\/v2\/product"}],"about":[{"href":"https:\/\/singuli.wpress.me\/index.php\/wp-json\/wp\/v2\/types\/product"}],"version-history":[{"count":0,"href":"https:\/\/singuli.wpress.me\/index.php\/wp-json\/wp\/v2\/product\/41573\/revisions"}],"wp:attachment":[{"href":"https:\/\/singuli.wpress.me\/index.php\/wp-json\/wp\/v2\/media?parent=41573"}],"wp:term":[{"taxonomy":"product_brand","embeddable":true,"href":"https:\/\/singuli.wpress.me\/index.php\/wp-json\/wp\/v2\/product_brand?post=41573"},{"taxonomy":"product_cat","embeddable":true,"href":"https:\/\/singuli.wpress.me\/index.php\/wp-json\/wp\/v2\/product_cat?post=41573"},{"taxonomy":"product_tag","embeddable":true,"href":"https:\/\/singuli.wpress.me\/index.php\/wp-json\/wp\/v2\/product_tag?post=41573"}],"curies":[{"name":"wp","href":"https:\/\/api.w.org\/{rel}","templated":true}]}}