{"id":41577,"date":"2026-04-19T15:22:33","date_gmt":"2026-04-19T15:22:33","guid":{"rendered":"https:\/\/singuli.wpress.me\/index.php\/proizvod\/tellus-s2-vx-100-hidraulicko-ulje-209-l\/"},"modified":"2026-04-20T12:33:38","modified_gmt":"2026-04-20T12:33:38","slug":"tellus-s2-vx-100-hidraulicko-ulje-209-l","status":"publish","type":"product","link":"https:\/\/singuli.wpress.me\/index.php\/proizvod\/tellus-s2-vx-100-hidraulicko-ulje-209-l\/","title":{"rendered":"TELLUS S2 VX 100, hidrauli\u010dko ulje, 209\u00a0l"},"content":{"rendered":"<p><span style=\"font-weight: bold\">Hidrauli\u010dna teku\u0107ina<\/span> visokih performansi bazirana na Grupi II baznih ulja koja pru\u017ea izvanrednu za\u0161titu u visokom rasponu radnih temperatura. Ostej postojana bez obzira na temperaturni ili mehani\u010dki stres i primjenjiva je na ve\u0107inu mobilne opreme. iznimna stabilnost u vodenom mediju \u0161to reducira rizik od korozije. Tako\u0111er odlikuje ga iznimna viskozna stabilnost. Glavne primjene su u mobilnim vanjskim hidrauli\u010dnim sustavima, preciznim hidrauli\u010dnim sustavima, te brodskim hidrauli\u010dnim sustavima gdje je ISO HV kategorija hidrauli\u010dnih teku\u0107ina preporu\u010dljiva. <\/p>\n<p><span style=\"font-weight: bold\">Specifikacije:<\/span> EATON E-FDGN-TB002-E, ISO 11158 (HV fluidi), DIN 51524 Part 3 HVLP tip, ASTM D6158 (HV fluid)<\/p>\n","protected":false},"excerpt":{"rendered":"<p>Hidrauli\u010dna teku\u0107ina visokih performansi bazirana na Grupi II baznih ulja<br \/>\nPru\u017ea izvanrednu za\u0161titu u visokom rasponu radnih temperatura<br \/>\nIznimna viskozna stabilnost<\/p>\n","protected":false},"featured_media":0,"template":"","meta":{"_seopress_robots_primary_cat":"","_seopress_titles_title":"","_seopress_titles_desc":"","_seopress_robots_index":"","iawp_total_views":0},"product_brand":[414],"product_cat":[243,276],"product_tag":[],"class_list":{"0":"post-41577","1":"product","2":"type-product","3":"status-publish","5":"product_brand-tellus","6":"product_cat-automobili-i-motori","7":"product_cat-industrijska-i-specijalna-ulja-243","9":"first","10":"outofstock","11":"shipping-taxable","12":"purchasable","13":"product-type-simple"},"_links":{"self":[{"href":"https:\/\/singuli.wpress.me\/index.php\/wp-json\/wp\/v2\/product\/41577","targetHints":{"allow":["GET"]}}],"collection":[{"href":"https:\/\/singuli.wpress.me\/index.php\/wp-json\/wp\/v2\/product"}],"about":[{"href":"https:\/\/singuli.wpress.me\/index.php\/wp-json\/wp\/v2\/types\/product"}],"version-history":[{"count":0,"href":"https:\/\/singuli.wpress.me\/index.php\/wp-json\/wp\/v2\/product\/41577\/revisions"}],"wp:attachment":[{"href":"https:\/\/singuli.wpress.me\/index.php\/wp-json\/wp\/v2\/media?parent=41577"}],"wp:term":[{"taxonomy":"product_brand","embeddable":true,"href":"https:\/\/singuli.wpress.me\/index.php\/wp-json\/wp\/v2\/product_brand?post=41577"},{"taxonomy":"product_cat","embeddable":true,"href":"https:\/\/singuli.wpress.me\/index.php\/wp-json\/wp\/v2\/product_cat?post=41577"},{"taxonomy":"product_tag","embeddable":true,"href":"https:\/\/singuli.wpress.me\/index.php\/wp-json\/wp\/v2\/product_tag?post=41577"}],"curies":[{"name":"wp","href":"https:\/\/api.w.org\/{rel}","templated":true}]}}