{"id":41579,"date":"2026-04-19T15:22:34","date_gmt":"2026-04-19T15:22:34","guid":{"rendered":"https:\/\/singuli.wpress.me\/index.php\/proizvod\/twistshake-torba-za-pelene-crna-15-l\/"},"modified":"2026-04-20T12:33:38","modified_gmt":"2026-04-20T12:33:38","slug":"twistshake-torba-za-pelene-crna-15-l","status":"publish","type":"product","link":"https:\/\/singuli.wpress.me\/index.php\/proizvod\/twistshake-torba-za-pelene-crna-15-l\/","title":{"rendered":"TWISTSHAKE, torba za pelene, crna, 15\u00a0l"},"content":{"rendered":"<p>Prakti\u010dna i elegantna torba za presvla\u010denje.<\/p>\n<p>Otvorenim pretincima i pretincima s patentnim zatvara\u010dem omogu\u0107ava se jednostavno pristupanje i pohrana pelena, bo\u010dica za bebe i namirnica. Tu je i podloga za presvla\u010denje! Ima zapreminu do 15 litara. Crne je boje izvana, a sive iznutra.<\/p>\n<p><span style=\"font-weight: bold\">Zna\u010dajke:<br \/>\n<\/span>Materijal \u2013 Vodootporni poliester.<br \/>\nDimenzije torbe za presvla\u010denje \u2013 38 x 30 x 14 cm.<br \/>\nDimenzije podloge \u2013 56 x 38 cm.<br \/>\nD\u017eepovi \u2013 Dva izolirana d\u017eepa za bo\u010dice za bebe, tri d\u017eepa za pelene, prednji i stra\u017enji d\u017eepovi i unutarnji d\u017eepovi s patentnim zatvara\u010dem.<br \/>\nOdr\u017eavanje \u2013 Preporu\u010da se ru\u010dno pranje i su\u0161enje vje\u0161anjem (treba se objesiti da se su\u0161i odmah nakon pranja).<\/p>\n","protected":false},"excerpt":{"rendered":"<p>Materijal: vodootporni poliester<br \/>\nPrakti\u010dna i elegantna torba<br \/>\nPreporu\u010da se ru\u010dno pranje<\/p>\n","protected":false},"featured_media":0,"template":"","meta":{"_seopress_robots_primary_cat":"","_seopress_titles_title":"","_seopress_titles_desc":"","_seopress_robots_index":"","iawp_total_views":0},"product_brand":[433],"product_cat":[274,238],"product_tag":[],"class_list":{"0":"post-41579","1":"product","2":"type-product","3":"status-publish","5":"product_brand-twistshake","6":"product_cat-kucanski-pribor-238","7":"product_cat-sve-za-dom","9":"first","10":"instock","11":"shipping-taxable","12":"purchasable","13":"product-type-simple"},"_links":{"self":[{"href":"https:\/\/singuli.wpress.me\/index.php\/wp-json\/wp\/v2\/product\/41579","targetHints":{"allow":["GET"]}}],"collection":[{"href":"https:\/\/singuli.wpress.me\/index.php\/wp-json\/wp\/v2\/product"}],"about":[{"href":"https:\/\/singuli.wpress.me\/index.php\/wp-json\/wp\/v2\/types\/product"}],"version-history":[{"count":0,"href":"https:\/\/singuli.wpress.me\/index.php\/wp-json\/wp\/v2\/product\/41579\/revisions"}],"wp:attachment":[{"href":"https:\/\/singuli.wpress.me\/index.php\/wp-json\/wp\/v2\/media?parent=41579"}],"wp:term":[{"taxonomy":"product_brand","embeddable":true,"href":"https:\/\/singuli.wpress.me\/index.php\/wp-json\/wp\/v2\/product_brand?post=41579"},{"taxonomy":"product_cat","embeddable":true,"href":"https:\/\/singuli.wpress.me\/index.php\/wp-json\/wp\/v2\/product_cat?post=41579"},{"taxonomy":"product_tag","embeddable":true,"href":"https:\/\/singuli.wpress.me\/index.php\/wp-json\/wp\/v2\/product_tag?post=41579"}],"curies":[{"name":"wp","href":"https:\/\/api.w.org\/{rel}","templated":true}]}}