{"id":41581,"date":"2026-04-19T15:22:34","date_gmt":"2026-04-19T15:22:34","guid":{"rendered":"https:\/\/singuli.wpress.me\/index.php\/proizvod\/adblue-otopina-1000-l\/"},"modified":"2026-04-20T12:33:38","modified_gmt":"2026-04-20T12:33:38","slug":"adblue-otopina-1000-l","status":"publish","type":"product","link":"https:\/\/singuli.wpress.me\/index.php\/proizvod\/adblue-otopina-1000-l\/","title":{"rendered":"ADBLUE, otopina, 1000\u00a0l"},"content":{"rendered":"<p>AdBlue\u00ae je otopina uree (32,5%) i vode (67,5%) visoke \u010disto\u0107e, netoksi\u010dna, bez mirisa i boje. AdBlue\u00ae smanjuje \u0161tetnu emisiju du\u0161ikovog oksida (NOx) koju proizvode dizelska vozila do 80% i poma\u017ee u ispunjavanju strogih zahtjeva za emisiju ispu\u0161nih plinova. Dizajniran za automobile s dizelskim motorima opremljene tehnologijom selektivne kataliti\u010dke redukcije (SCR). Proizvod ispunjava sve zahtjeve ISO standarda, uklju\u010duju\u0107i ISO 22241-4. Ima licencu VDA* (Verband der Automobilindustrie). Upute za kori\u0161tenje: AdBlue\u00ae treba uliti u poseban AdBlue\u00ae spremnik. Nemojte sipati u spremnik goriva. Ambala\u017ea je opremljena lijevkom koji omogu\u0107uje jednostavno i precizno punjenje spremnika. AdBlue\u00ae je klasificiran kao siguran proizvod. Ipak, to je korozivni proizvod. Kada se prolije, mo\u017ee ostaviti mrlje na odje\u0107i, obu\u0107i ili boji automobila.<\/p>\n<p><span style=\"font-weight: bold\">Specifikacija:<\/span> ISO 22241-4, licenca VDA<\/p>\n","protected":false},"excerpt":{"rendered":"<p>Otopina uree (32,5%) i vode (67,5%) visoke \u010disto\u0107e, netoksi\u010dna, bez mirisa i boje<br \/>\nSmanjuje \u0161tetnu emisiju du\u0161ikovog oksida (NOx) koju proizvode dizelska vozila do 80%<br \/>\nDizajniran za automobile s dizelskim motorima opremljene tehnologijom selektivne kataliti\u010dke redukcije (SCR)<\/p>\n","protected":false},"featured_media":0,"template":"","meta":{"_seopress_robots_primary_cat":"","_seopress_titles_title":"","_seopress_titles_desc":"","_seopress_robots_index":"","iawp_total_views":0},"product_brand":[867],"product_cat":[243,273],"product_tag":[],"class_list":{"0":"post-41581","1":"product","2":"type-product","3":"status-publish","5":"product_brand-adblue","6":"product_cat-automobili-i-motori","7":"product_cat-njega-vozila-243","9":"first","10":"instock","11":"shipping-taxable","12":"purchasable","13":"product-type-simple"},"_links":{"self":[{"href":"https:\/\/singuli.wpress.me\/index.php\/wp-json\/wp\/v2\/product\/41581","targetHints":{"allow":["GET"]}}],"collection":[{"href":"https:\/\/singuli.wpress.me\/index.php\/wp-json\/wp\/v2\/product"}],"about":[{"href":"https:\/\/singuli.wpress.me\/index.php\/wp-json\/wp\/v2\/types\/product"}],"version-history":[{"count":0,"href":"https:\/\/singuli.wpress.me\/index.php\/wp-json\/wp\/v2\/product\/41581\/revisions"}],"wp:attachment":[{"href":"https:\/\/singuli.wpress.me\/index.php\/wp-json\/wp\/v2\/media?parent=41581"}],"wp:term":[{"taxonomy":"product_brand","embeddable":true,"href":"https:\/\/singuli.wpress.me\/index.php\/wp-json\/wp\/v2\/product_brand?post=41581"},{"taxonomy":"product_cat","embeddable":true,"href":"https:\/\/singuli.wpress.me\/index.php\/wp-json\/wp\/v2\/product_cat?post=41581"},{"taxonomy":"product_tag","embeddable":true,"href":"https:\/\/singuli.wpress.me\/index.php\/wp-json\/wp\/v2\/product_tag?post=41581"}],"curies":[{"name":"wp","href":"https:\/\/api.w.org\/{rel}","templated":true}]}}